{"id":2211,"date":"2023-06-10T07:19:05","date_gmt":"2023-06-10T07:19:05","guid":{"rendered":"https:\/\/homebyvm.com\/?page_id=2211"},"modified":"2023-06-13T08:19:19","modified_gmt":"2023-06-13T08:19:19","slug":"pristatymu-politika","status":"publish","type":"page","link":"https:\/\/homebyvm.com\/lt\/pristatymu-politika\/","title":{"rendered":"Pristatym\u0173 politika"},"content":{"rendered":"<p><strong>Su kuo siun\u010diami siuntiniai?<\/strong><br>S\u0117dmai\u0161iai siun\u010diami per GLS ir DHL kurjerius, tai priklauso nuo s\u0117dmai\u0161io dyd\u017eio, pristatymas \u012f bet kuri\u0105 Lietuvos viet\u0105.<br><strong>Kaip greitai apdorojami u\u017esakymai?<\/strong><br>Pristatymas u\u017etruks nuo 5 iki 7 darbo dien\u0173, nuo u\u017esakymo patvirtinimo. Pristatymo dien\u0105 su Jumis susisieks kurjeris d\u0117l tikslaus pristatymo laiko. Kurjerio paslaugos teikiamos darbo dienomis nuo 8:00 iki 18:00 val. Siekiant u\u017etikrinti skland\u0173 pristatym\u0105, labai svarbu u\u017esakymo metu nurodyti tiksl\u0173 pristatymo adres\u0105, telefono numer\u012f ir vard\u0105 ir pavard\u0119.<br>U\u017esakymo pristatymo laikas priklauso nuo mok\u0117jimo formos ir jo pateikimo datos. U\u017esakymo \u012fvykdymo laikas \u2013 7 darbo dienos. U\u017esakymai pateikti valstybini\u0173 \u0161ven\u010di\u0173 dienomis arba \u0161e\u0161tadieniais-sekmadieniais, apdorojami sekan\u010di\u0105 darbo dien\u0105. Vykdomas u\u017esakymo laikas gali keistis d\u0117l kliento informacijos tr\u016bkumo arba nenumatyt\u0173 prie\u017eas\u010di\u0173 kurjeri\u0173 \u012fmon\u0117je.<br><strong>Kiek kainuoja siuntimas?<\/strong><br>Siuntimas iki 100 eur. visoje Lietuvoje nemokamas, nuo 100 eur. pristatymas \u012f namus 4,99 Eur.!<br>D\u0117mesio! Patikrinkite kurjerio pristatom\u0105 siunt\u0105 ir jos pakuot\u0119. Jei matote, kad sunta buvo atidaryta ar pa\u017eeista transportavimo metu, tada kartu su kurjeriui sura\u0161ykite \u017ealos akt\u0105 ir susisiekite su m\u016bs\u0173 klient\u0173 aptarnavimo skyriumi. tel. +37061253888<\/p>","protected":false},"excerpt":{"rendered":"<p>Z kim wysy\u0142ane s\u0105 paczki?Torby podsiod\u0142owe wysy\u0142amy za po\u015brednictwem kurier\u00f3w GLS i DHL, zale\u017cy to od wielko\u015bci worka podsiod\u0142owego, dostawy w dowolne miejsce na Litwie.Jak szybko realizowane s\u0105 zam\u00f3wienia?Dostawa zajmie od 5 do 7 dni roboczych od potwierdzenia zam\u00f3wienia. W dniu dostawy kurier skontaktuje si\u0119 z Pa\u0144stwem w sprawie dok\u0142adnego czasu dostawy. Przesy\u0142ki kurierskie s\u0105 [&hellip;]<\/p>\n","protected":false},"author":1,"featured_media":0,"parent":0,"menu_order":0,"comment_status":"closed","ping_status":"closed","template":"","meta":{"_kad_blocks_custom_css":"","_kad_blocks_head_custom_js":"","_kad_blocks_body_custom_js":"","_kad_blocks_footer_custom_js":"","footnotes":""},"class_list":["post-2211","page","type-page","status-publish","hentry"],"blocksy_meta":{"has_hero_section":"disabled"},"taxonomy_info":[],"featured_image_src_large":false,"author_info":{"display_name":"info@internetiniusvetainiukurimas.eu","author_link":"https:\/\/homebyvm.com\/lt\/author\/infointernetiniusvetainiukurimas-eu\/"},"comment_info":0,"_links":{"self":[{"href":"https:\/\/homebyvm.com\/lt\/wp-json\/wp\/v2\/pages\/2211","targetHints":{"allow":["GET"]}}],"collection":[{"href":"https:\/\/homebyvm.com\/lt\/wp-json\/wp\/v2\/pages"}],"about":[{"href":"https:\/\/homebyvm.com\/lt\/wp-json\/wp\/v2\/types\/page"}],"author":[{"embeddable":true,"href":"https:\/\/homebyvm.com\/lt\/wp-json\/wp\/v2\/users\/1"}],"replies":[{"embeddable":true,"href":"https:\/\/homebyvm.com\/lt\/wp-json\/wp\/v2\/comments?post=2211"}],"version-history":[{"count":2,"href":"https:\/\/homebyvm.com\/lt\/wp-json\/wp\/v2\/pages\/2211\/revisions"}],"predecessor-version":[{"id":2260,"href":"https:\/\/homebyvm.com\/lt\/wp-json\/wp\/v2\/pages\/2211\/revisions\/2260"}],"wp:attachment":[{"href":"https:\/\/homebyvm.com\/lt\/wp-json\/wp\/v2\/media?parent=2211"}],"curies":[{"name":"wp","href":"https:\/\/api.w.org\/{rel}","templated":true}]}}