{"id":2232,"date":"2023-06-12T07:29:44","date_gmt":"2023-06-12T07:29:44","guid":{"rendered":"https:\/\/homebyvm.com\/?page_id=2232"},"modified":"2023-06-13T08:16:57","modified_gmt":"2023-06-13T08:16:57","slug":"grazinimas","status":"publish","type":"page","link":"https:\/\/homebyvm.com\/lt\/grazinimas\/","title":{"rendered":"Gr\u0105\u017einimas"},"content":{"rendered":"<style>.wp-block-kadence-advancedheading.kt-adv-heading_80ad27-77, .wp-block-kadence-advancedheading.kt-adv-heading_80ad27-77[data-kb-block=\"kb-adv-heading_80ad27-77\"]{font-style:normal;}.wp-block-kadence-advancedheading.kt-adv-heading_80ad27-77 mark.kt-highlight, .wp-block-kadence-advancedheading.kt-adv-heading_80ad27-77[data-kb-block=\"kb-adv-heading_80ad27-77\"] mark.kt-highlight{font-style:normal;color:#f76a0c;-webkit-box-decoration-break:clone;box-decoration-break:clone;padding-top:0px;padding-right:0px;padding-bottom:0px;padding-left:0px;}.wp-block-kadence-advancedheading.kt-adv-heading_80ad27-77 img.kb-inline-image, .wp-block-kadence-advancedheading.kt-adv-heading_80ad27-77[data-kb-block=\"kb-adv-heading_80ad27-77\"] img.kb-inline-image{width:150px;vertical-align:baseline;}<\/style>\n<h2 class=\"kt-adv-heading_80ad27-77 wp-block-kadence-advancedheading\" data-kb-block=\"kb-adv-heading_80ad27-77\">Zwrot towaru<\/h2>\n\n\n\n<p>Informujemy, \u017ce zgodnie z aktami normatywnymi LT dotycz\u0105cymi ochrony konsument\u00f3w, masz prawo do zwrotu towaru zakupionego w Internecie w ci\u0105gu 14 dni bez podania przyczyny. Termin na odrzucenie produktu up\u0142ywa po 14 dniach od dostarczenia produktu.<br>O zwrocie towaru nale\u017cy poinformowa\u0107 e-mailem. napisz na adres info@homebyvm.com i wype\u0142nij FORMULARZ REKLAMACJI-ZWROTU. Wy\u015blij wiadomo\u015b\u0107 e-mail przed wyga\u015bni\u0119ciem okresu rezygnacji.<br>W przypadku zwrotu zwr\u00f3cimy Pa\u0144stwu wszystkie otrzymane od Pa\u0144stwa p\u0142atno\u015bci, w tym koszty dostawy (je\u015bli wyst\u0105pi\u0105), niezw\u0142ocznie, a w ka\u017cdym przypadku nie p\u00f3\u017aniej ni\u017c 14 dni od dnia, w kt\u00f3rym zostali\u015bmy poinformowani o Pa\u0144stwa decyzji o wykonaniu prawa zwr\u00f3ci\u0107 produkt. Zwrotu p\u0142atno\u015bci dokonamy przy u\u017cyciu takich samych sposob\u00f3w p\u0142atno\u015bci, jakie zosta\u0142y przez Pa\u0144stwa u\u017cyte w pierwotnej transakcji, chyba \u017ce wyra\u017anie zgodzili\u015bcie si\u0119 Pa\u0144stwo na inne rozwi\u0105zanie; w ka\u017cdym przypadku nie b\u0119dziesz musia\u0142 ponosi\u0107 \u017cadnych op\u0142at za to odszkodowanie.<br>Mo\u017cemy wstrzyma\u0107 si\u0119 ze zwrotem p\u0142atno\u015bci do chwili otrzymania towaru lub dostarczenia nam dowodu jego odes\u0142ania, w zale\u017cno\u015bci od tego, kt\u00f3re zdarzenie nast\u0105pi wcze\u015bniej, je\u017celi umowa dotyczy\u0142a sprzeda\u017cy towaru.<br>W przypadku zwrotu towaru nale\u017cy zapewni\u0107 odpowiednie opakowanie transportowe, tak aby produkt bezpiecznie dotar\u0142 do naszego magazynu.<br>Wszelkie koszty zwi\u0105zane z transportem zwracanego towaru (opakowanie, transport) pokrywa kupuj\u0105cy<br>Ponosisz odpowiedzialno\u015b\u0107 za zmniejszenie warto\u015bci przedmiotu z powodu niew\u0142a\u015bciwego u\u017cytkowania lub niew\u0142a\u015bciwego u\u017cytkowania, gdy przedmiot jest uszkodzony.<br>Zwracamy uwag\u0119, \u017ce \u017c\u0105danie wymiany lub zwrotu rzeczy przez kupuj\u0105cego jest spe\u0142nione, je\u017celi rzecz nie by\u0142a u\u017cywana, nie jest uszkodzona, zachowa\u0142y si\u0119 jej w\u0142a\u015bciwo\u015bci u\u017cytkowe, nie utraci\u0142a ona wygl\u0105du handlowego, a kupuj\u0105cy posiada dow\u00f3d zakupu przedmioty od konkretnego sprzedawcy.<\/p>\n\n\n\n<p>Przedmioty nie podlegaj\u0105ce zwrotowi<\/p>\n\n\n\n<p>Punkt 17 Regulaminu Handlu Detalicznego zawiera wykaz towar\u00f3w niepodlegaj\u0105cych zwrotowi (m.in. sprz\u0119t AGD, zabawki, meble, kosmetyki, ksi\u0105\u017cki, bielizna itp.). Przedmioty znajduj\u0105ce si\u0119 na tej li\u015bcie, posiadaj\u0105ce odpowiedni\u0105 jako\u015b\u0107, mog\u0105 zosta\u0107 zwr\u00f3cone tylko za zgod\u0105 sprzedaj\u0105cego. Z wymienionymi zasadami mo\u017cna zapozna\u0107 si\u0119 pod poni\u017cszym linkiem:<br>https:\/\/e-seimas.lrs.lt\/portal\/legalAct\/lt\/TAD\/TAIS.137498\/asr<br>Artyku\u0142 6.228 (10) Kodeksu Cywilnego Republiki Litewskiej okre\u015bla list\u0119 towar\u00f3w bezzwrotnych przy zakupie na odleg\u0142o\u015b\u0107. Towary bezzwrotne zakupione na odleg\u0142o\u015b\u0107, wykonane na zam\u00f3wienie i na miar\u0119, nieopakowane towary osobiste itp. s\u0105 dobrej jako\u015bci i zakupione na odleg\u0142o\u015b\u0107. Ca\u0142\u0105 list\u0119 towar\u00f3w niepodlegaj\u0105cych zwrotowi mo\u017cna znale\u017a\u0107 pod nast\u0119puj\u0105cym linkiem: https:\/\/www.e-tar.lt\/portal\/lt\/legalAct\/TAR.8A39C83848CB\/asr<\/p>\n\n\n\n<p>Wi\u0119cej informacji na temat jako\u015bci produkt\u00f3w, gwarancji, wymiany i zwrotu produkt\u00f3w mo\u017cna znale\u017a\u0107 w sekcji cz\u0119sto zadawanych pyta\u0144: http:\/\/vvtat.lt\/d.u.k.\/598<\/p>\n","protected":false},"excerpt":{"rendered":"<p>Zwrot towaru Informujemy, \u017ce zgodnie z aktami normatywnymi LT dotycz\u0105cymi ochrony konsument\u00f3w, masz prawo do zwrotu towaru zakupionego w Internecie w ci\u0105gu 14 dni bez podania przyczyny. Termin na odrzucenie produktu up\u0142ywa po 14 dniach od dostarczenia produktu.O zwrocie towaru nale\u017cy poinformowa\u0107 e-mailem. napisz na adres info@homebyvm.com i wype\u0142nij FORMULARZ REKLAMACJI-ZWROTU. Wy\u015blij wiadomo\u015b\u0107 e-mail przed [&hellip;]<\/p>\n","protected":false},"author":1,"featured_media":0,"parent":0,"menu_order":0,"comment_status":"closed","ping_status":"closed","template":"","meta":{"_kad_blocks_custom_css":"","_kad_blocks_head_custom_js":"","_kad_blocks_body_custom_js":"","_kad_blocks_footer_custom_js":"","footnotes":""},"class_list":["post-2232","page","type-page","status-publish","hentry"],"blocksy_meta":{"has_hero_section":"disabled"},"taxonomy_info":[],"featured_image_src_large":false,"author_info":{"display_name":"info@internetiniusvetainiukurimas.eu","author_link":"https:\/\/homebyvm.com\/lt\/author\/infointernetiniusvetainiukurimas-eu\/"},"comment_info":0,"_links":{"self":[{"href":"https:\/\/homebyvm.com\/lt\/wp-json\/wp\/v2\/pages\/2232","targetHints":{"allow":["GET"]}}],"collection":[{"href":"https:\/\/homebyvm.com\/lt\/wp-json\/wp\/v2\/pages"}],"about":[{"href":"https:\/\/homebyvm.com\/lt\/wp-json\/wp\/v2\/types\/page"}],"author":[{"embeddable":true,"href":"https:\/\/homebyvm.com\/lt\/wp-json\/wp\/v2\/users\/1"}],"replies":[{"embeddable":true,"href":"https:\/\/homebyvm.com\/lt\/wp-json\/wp\/v2\/comments?post=2232"}],"version-history":[{"count":2,"href":"https:\/\/homebyvm.com\/lt\/wp-json\/wp\/v2\/pages\/2232\/revisions"}],"predecessor-version":[{"id":2258,"href":"https:\/\/homebyvm.com\/lt\/wp-json\/wp\/v2\/pages\/2232\/revisions\/2258"}],"wp:attachment":[{"href":"https:\/\/homebyvm.com\/lt\/wp-json\/wp\/v2\/media?parent=2232"}],"curies":[{"name":"wp","href":"https:\/\/api.w.org\/{rel}","templated":true}]}}