{"id":2251,"date":"2023-06-13T08:06:16","date_gmt":"2023-06-13T08:06:16","guid":{"rendered":"https:\/\/homebyvm.com\/?page_id=2251"},"modified":"2023-06-13T08:07:52","modified_gmt":"2023-06-13T08:07:52","slug":"garantija","status":"publish","type":"page","link":"https:\/\/homebyvm.com\/lt\/garantija\/","title":{"rendered":"garantija"},"content":{"rendered":"<h2 class=\"wp-block-heading\">Garantija<\/h2>\n\n\n\n<p>Visiems homebyvm.com gaminiams suteikiama 24 m\u0117nesi\u0173 garantija nuo \u012fsigijimo momento.<br>Garantija taikoma d\u0117l gamintojo kalt\u0117s atsiradusiems gaminio kokyb\u0117s tr\u016bkumams, pvz., gaminys neatitinka gaminio apra\u0161ymo arba neatlieka jam numatyt\u0173 funkcij\u0173, jo ne\u012fmanoma naudoti.<br>Garantija taikoma visiems pufams ir j\u0173 dalims, i\u0161skyrus granules, kurios suspaud\u017eiamos naudojant puf\u0105. Granul\u0117s susitraukia, kai jas spaud\u017eiama, ir tai yra normalus rei\u0161kinys. Tod\u0117l gamini\u0173 u\u017epildymui polistireno granul\u0117mis suteikiamas 6 m\u0117nesi\u0173 laikotarpis. Garantija.<br>\u012esigij\u0119 pupeli\u0173 mai\u0161el\u012f, i\u0161pakuokite j\u012f, nelaikykite jo u\u017eklijuotoje pakuot\u0117je. Gabenant pufus ar j\u0173 priedus d\u0117l temperat\u016bros svyravim\u0173 gali susidaryti dr\u0117gm\u0117 (kondensatas), tod\u0117l, gav\u0119 prek\u0119, i\u0161 karto j\u0105 atidarykite.<br>Garantija baga\u017ein\u0117ms ir baga\u017eini\u0173 priedams netaikoma d\u0117l netinkamo ar netinkamo naudojimo gaminio sugadinimo atveju.<br>Gaminio savybi\u0173 poky\u010diai d\u0117l naudojimo laiko, nat\u016bralaus nusid\u0117v\u0117jimo nelaikomi kokyb\u0117s defektu.<br>Visas i\u0161laidas (pakavimo, transporto), susijusias su gr\u0105\u017einam\u0173 preki\u0173 gabenimu, apmoka pirk\u0117jas.<\/p>","protected":false},"excerpt":{"rendered":"<p>Gwarancja Wszystkie produkty homebyvm.com obj\u0119te s\u0105 24-miesi\u0119czn\u0105 gwarancj\u0105 od momentu zakupu.Gwarancja dotyczy wad jako\u015bciowych produktu powsta\u0142ych z winy producenta np. produkt nie odpowiada opisowi produktu lub nie posiada funkcji do niego przeznaczonych, nie jest mo\u017cliwe jego u\u017cytkowanie.Gwarancja dotyczy wszystkich puf i ich cz\u0119\u015bci, z wyj\u0105tkiem pelletu, kt\u00f3ry ulega kompresji podczas u\u017cytkowania pufy. Pelety kurcz\u0105 si\u0119 [&hellip;]<\/p>\n","protected":false},"author":1,"featured_media":0,"parent":0,"menu_order":0,"comment_status":"closed","ping_status":"closed","template":"","meta":{"_kad_blocks_custom_css":"","_kad_blocks_head_custom_js":"","_kad_blocks_body_custom_js":"","_kad_blocks_footer_custom_js":"","footnotes":""},"class_list":["post-2251","page","type-page","status-publish","hentry"],"blocksy_meta":{"has_hero_section":"disabled"},"taxonomy_info":[],"featured_image_src_large":false,"author_info":{"display_name":"info@internetiniusvetainiukurimas.eu","author_link":"https:\/\/homebyvm.com\/lt\/author\/infointernetiniusvetainiukurimas-eu\/"},"comment_info":0,"_links":{"self":[{"href":"https:\/\/homebyvm.com\/lt\/wp-json\/wp\/v2\/pages\/2251","targetHints":{"allow":["GET"]}}],"collection":[{"href":"https:\/\/homebyvm.com\/lt\/wp-json\/wp\/v2\/pages"}],"about":[{"href":"https:\/\/homebyvm.com\/lt\/wp-json\/wp\/v2\/types\/page"}],"author":[{"embeddable":true,"href":"https:\/\/homebyvm.com\/lt\/wp-json\/wp\/v2\/users\/1"}],"replies":[{"embeddable":true,"href":"https:\/\/homebyvm.com\/lt\/wp-json\/wp\/v2\/comments?post=2251"}],"version-history":[{"count":1,"href":"https:\/\/homebyvm.com\/lt\/wp-json\/wp\/v2\/pages\/2251\/revisions"}],"predecessor-version":[{"id":2252,"href":"https:\/\/homebyvm.com\/lt\/wp-json\/wp\/v2\/pages\/2251\/revisions\/2252"}],"wp:attachment":[{"href":"https:\/\/homebyvm.com\/lt\/wp-json\/wp\/v2\/media?parent=2251"}],"curies":[{"name":"wp","href":"https:\/\/api.w.org\/{rel}","templated":true}]}}