{"id":2255,"date":"2023-06-13T08:12:35","date_gmt":"2023-06-13T08:12:35","guid":{"rendered":"https:\/\/homebyvm.com\/?page_id=2255"},"modified":"2023-06-18T07:02:27","modified_gmt":"2023-06-18T07:02:27","slug":"bendrosios-taisykles","status":"publish","type":"page","link":"https:\/\/homebyvm.com\/lt\/bendrosios-taisykles\/","title":{"rendered":"bendrosios taisykl\u0117s"},"content":{"rendered":"<p>Elektronin\u0117s parduotuv\u0117s www.homebyvm.com taisykl\u0117s<\/p>\n\n\n\n<p><br>I. Bendrosios nuostatos<\/p>\n\n\n\n<ol class=\"wp-block-list\">\n<li>www.homebyvm.com internetin\u0117s parduotuv\u0117s (toliau \u2013 parduotuv\u0117) taisykl\u0117s (toliau \u2013 taisykl\u0117s) taikomos klientui teikiant u\u017esakym\u0105 www.homebyvm.com internetin\u0117je parduotuv\u0117je.<\/li>\n\n\n\n<li>www.homebyvm.com turi teis\u0119 koreguoti parduotuv\u0117s taisykles. Klientui apsiperkant parduotuv\u0117je, taikomos taisykl\u0117s, galiojan\u010dios u\u017esakymo pateikimo momentu (nurodomos prie u\u017esakymo).<\/li>\n\n\n\n<li>Klientui nesuteikiama galimyb\u0117 pateikti preki\u0173 u\u017esakymo www.homebyvm.com parduotuv\u0117je, jeigu jis n\u0117ra susipa\u017ein\u0119s su parduotuv\u0117s taisykl\u0117mis. Visais atvejais laikoma, jog klientas yra susipa\u017ein\u0119s su taisykl\u0117mis ir joms pritaria, jeigu prie\u0161 u\u017esakydamas prekes, jis patvirtina savo pritarim\u0105 taisykl\u0117ms paspausdamas \u201eSUTINKU\u201c. Tais atvejais, kai klientas i\u0161 dalies ar visi\u0161kai nepritaria visoms arba tam tikrai daliai taisykli\u0173, jis privalo nepateikti u\u017esakymo elektroniniu b\u016bdu www.homebyvm.com, prie\u0161ingu atveju laikoma, jog klientas susipa\u017eino ir bes\u0105lygi\u0161kai sutiko su visomis parduotuv\u0117s taisykl\u0117mis.<\/li>\n\n\n\n<li>www.homebyvm.com atleid\u017eiama nuo bet kokios atsakomyb\u0117s tais atvejais, kai nuostoliai kyla d\u0117l to, jog klientas, neatsi\u017evelgdamas \u012f jam teikiamas rekomendacijas ir savo \u012fsipareigojimus, nesusipa\u017eino su parduotuv\u0117s taisykl\u0117mis, nors jam tokia galimyb\u0117 buvo suteikta.<br><\/li>\n<\/ol>\n\n\n\n<p>II. Privatumo politika<\/p>\n\n\n\n<ol class=\"wp-block-list\">\n<li>Klientui pageidaujant gauti www.homebyvm.com informacinius prane\u0161imus, jam sudaroma galimyb\u0117 pasirinkti, kad tokie prane\u0161imai jam b\u016bt\u0173 siun\u010diami.<\/li>\n\n\n\n<li class=\"translation-block\">Slapukas \u2013 tai ma\u017eas tekstinis failas, siun\u010diamas \u012f kiekvieno asmens, besilankan\u010dio svetain\u0117je, \u012frengin\u012f, i\u0161 kurio yra prisijungiama prie svetain\u0117s ir laikinai tame \u012frenginyje i\u0161saugomas. Kito vizito svetain\u0117je metu, j\u016bs\u0173 nar\u0161ykl\u0117 nuskaitys slapuk\u0105 ir perduos informacij\u0105 atgal svetainei arba elementui. Slapuk\u0173 svetain\u0117je renkama informacija padeda atpa\u017einti svetain\u0117s lankytoj\u0105, i\u0161saugoti lankymosi svetain\u0117je istorij\u0105 ir pagal tai pritaikyti turin\u012f. Slapukai www.homebyvm.com svetain\u0117je skirti:\no U\u017etikrinti nuosekl\u0173 svetain\u0117s funkcionalum\u0105\no U\u017etikrinti preki\u0173 krep\u0161elio funkcionalum\u0105\no Priminti apie patikusias prekes\no Rinkti puslapio lankymo statistik\u0105\nNor\u0117dami i\u0161trinti visus savo kompiuteryje i\u0161saugotus slapukus, skaitykite naudojamos nar\u0161ykl\u0117s gamintojo instrukcijas, kurias rasite nar\u0161ykl\u0117s meniu spustel\u0117j\u0119 \u201ePagalba\u201c.\nPastaba: i\u0161tryn\u0119 m\u016bs\u0173 slapukus negal\u0117site naudotis kai kuriomis m\u016bs\u0173 svetain\u0117s galimyb\u0117mis.<\/li>\n\n\n\n<li>Klientui u\u017esakant prekes, turi b\u016bti nurodomi preki\u0173 pristatymui b\u016btini asmeniniai kliento duomenys: vardas; pavard\u0117; adresas, kuriuo bus pristatomos prek\u0117s; telefono numeris; kiti, pristatymui b\u016btini duomenys. www.homebyvm.com patvirtina, jog tokie duomenys bus i\u0161imtinai naudojami preki\u0173 u\u017esakymo ir pristatymo tikslais. www.homebyvm.com \u012fsipareigoja neatskleisti tokios informacijos tretiesiems asmenims, i\u0161skyrus www.homebyvm.com partnerius, teikian\u010dius preki\u0173 pristatymo ar kitas, su kliento u\u017esakymo pateikimu ar \u012fvykdymu susijusias paslaugas. Bet kokios kitos asmenin\u0117s kliento informacijos atskleidimo tretiesiems asmenims i\u0161imtys visais atvejais derinamos su klientu. Visais kitais atvejais tretiesiems asmenims bet kokie kliento asmeniniai duomenys gali b\u016bti atskleid\u017eiami tik LR teis\u0117s aktuose numatytais atvejais.<\/li>\n\n\n\n<li>Klientas, u\u017esiregistruodamas www.homebyvm.com parduotuv\u0117je bei u\u017esakydamas prekes, \u012fsipareigoja saugoti ir niekam neatskleisti savo prisijungimo duomen\u0173. Kartu, Klientas patvirtina, jog jis yra pilnametis ir turi teis\u0119 u\u017esakyti prekes www.homebyvm.com parduotuv\u0117je. Tuo atveju, jeigu Klientas atskleid\u017eia savo prisijungimo duomenis, www.homebyvm.com atleid\u017eiamas nuo bet kokios su tuo susijusios atsakomyb\u0117s.<\/li>\n\n\n\n<li>Klientas, susipa\u017eindamas su taisykl\u0117mis, patvirtina, jog jis yra informuotas, kad nar\u0161ant www.homebyvm.com  parduotuv\u0117je, jo kompiuteryje bus patalpinti slapuk\u0173 failai (failai, siun\u010diami i\u0161 interneto serverio).<\/li>\n<\/ol>\n\n\n\n<p>III. U\u017esakymo pateikimo tvarka ir s\u0105lygos<\/p>\n\n\n\n<ol class=\"wp-block-list\">\n<li>Klientas apsilank\u0119s www.homebyvm.com parduotuv\u0117s internetiniame puslapyje pasirenka jam patinkan\u010dias prekes. Jo pasirinkimo pagrindu suformuojamas preki\u0173 krep\u0161elis.<\/li>\n\n\n\n<li>Suformavus preki\u0173 krep\u0161el\u012f, klientas turi suvesti duomenis, b\u016btinus pasirinktoms prek\u0117ms pristatyti: savo vard\u0105, pavard\u0119, adres\u0105, kuriuo bus pristatomos prek\u0117s, telefon\u0105 bei papildom\u0105 informacij\u0105, kuri gali b\u016bti svarbi pristatant u\u017esakytas prekes. www.homebyvm.com patvirtina, kad kliento pateikti duomenys bus naudojami i\u0161skirtinai tik preki\u0173 pardavimo ir pristatymo tikslais, nepa\u017eeid\u017eiant LR teis\u0117s akt\u0173 numatyt\u0173 reikalavim\u0173 asmens duomen\u0173 apsaugai.<\/li>\n\n\n\n<li>Toliau klientas turi pasirinkti vien\u0105 i\u0161 galim\u0173 atsiskaitymo www.homebyvm.com parduotuv\u0117je b\u016bd\u0173.<\/li>\n\n\n\n<li>Paskutiniame lange sugeneruojami visi Kliento pateikti duomenys, prie\u0161 kuriuos patvirtindamas, klientas privalo \u012fsitikinti, jog pateikti duomenys yra teisingi ir atitinkantys jo pageidavimus. klientas turi galimyb\u0119 pataisyti klaidingus duomenis prie\u0161 i\u0161siun\u010diant u\u017esakym\u0105 www.homebyvm.com. klientui taip pat suteikiama galimyb\u0117 koreguoti asmeninius duomenis, b\u016btinus preki\u0173 pristatymui, jau po u\u017esakymo pateikimo. Klientui nesuteikiama galimyb\u0117 patvirtinti u\u017esakymo iki to momento, kol jis pa\u017eymi, jog yra susipa\u017ein\u0119s ir sutinka su www.homebyvm.com Parduotuv\u0117s Taisykl\u0117mis. Tuo atveju, jeigu prie\u0161 preki\u0173 pasirinkim\u0105 Klientas n\u0117ra susipa\u017ein\u0119s su Parduotuv\u0117s Taisykl\u0117mis, jis tai privalo atlikti prie\u0161 patvirtindamas savo u\u017esakym\u0105 bei jame pateiktus duomenis.<\/li>\n\n\n\n<li>Klientui patvirtinus u\u017esakym\u0105, jis nusiun\u010diamas www.homebyvm.com. U\u017esakymas laikomas pateiktu nuo to momento, kai j\u012f gauna www.homebyvm.com. Kartu tokiu atveju laikoma, jog tarp Kliento ir www.homebyvm.com yra sudaryta sutartis. Ta\u010diau tokia sutartis laikoma vykdytina tik nuo to momento, kai www.homebyvm.com gauna patvirtinim\u0105 i\u0161 Kliento pasirinkto banko (kai pasirenkamas apmok\u0117jimas per internetin\u0119 bankininkyst\u0119) apie atsiskaitym\u0105 u\u017e pristatytas prekes; kai atsiskaitoma banko pavedimu, sutartis laikoma vykdytina, kai gaunamas Kliento mok\u0117jimas  kai klientas patvirtina savo u\u017esakym\u0105 www.homebyvm.com Parduotuv\u0117je.<\/li>\n\n\n\n<li>Klientui pateikus u\u017esakym\u0105, www.homebyvm.com sistema automati\u0161kai atsiun\u010dia Klientui elektronin\u012f lai\u0161k\u0105, kuriame nurodomos u\u017esakytos prek\u0117s bei Kliento pateikti duomenys.<\/li>\n\n\n\n<li>www.homebyvm.com gavus prane\u0161im\u0105 i\u0161 banko, jog Klientas atliko mok\u0117jimo pavedim\u0105 prek\u0117ms i\u0161 Parduotuv\u0117s pirkti, Klientui i\u0161siun\u010diamas prane\u0161imas nurodytu elektroninio pa\u0161to adresu. Prane\u0161imo i\u0161 banko gavimo momentas laikomas sutarties tarp Kliento ir www.homebyvm.com vykdymo prad\u017eios momentu.<\/li>\n\n\n\n<li>Kliento pateiktas u\u017esakymas saugomas www.homebyvm.com duomen\u0173 baz\u0117je remiantis Lietuvos Respublikos galiojan\u010di\u0173 teis\u0117s akt\u0173 reikalavimais d\u0117l toki\u0173 duomen\u0173 saugojimo termino<\/li>\n\n\n\n<li>Visais atvejais laikoma, jog Klientas, pateikdamas u\u017esakym\u0105, yra susipa\u017ein\u0119s ir bes\u0105lygi\u0161kai sutinka su visomis Parduotuv\u0117s Taisykl\u0117mis, kaip ir su visomis kitomis prie u\u017esakymo nurodytomis s\u0105lygomis.<\/li>\n\n\n\n<li>Sutartis sudaroma ir vykdoma nacionaline kalba.<\/li>\n<\/ol>","protected":false},"excerpt":{"rendered":"<p>Elektronin\u0117s parduotuv\u0117s taisykl\u0117s www.homebyvm.com I. Bendrosios nuostatos II. Privatumo politika III. U\u017esakymo pateikimo tvarka ir s\u0105lygos<\/p>","protected":false},"author":1,"featured_media":0,"parent":0,"menu_order":0,"comment_status":"closed","ping_status":"closed","template":"","meta":{"_kad_blocks_custom_css":"","_kad_blocks_head_custom_js":"","_kad_blocks_body_custom_js":"","_kad_blocks_footer_custom_js":"","footnotes":""},"class_list":["post-2255","page","type-page","status-publish","hentry"],"blocksy_meta":{"has_hero_section":"disabled"},"taxonomy_info":[],"featured_image_src_large":false,"author_info":{"display_name":"info@internetiniusvetainiukurimas.eu","author_link":"https:\/\/homebyvm.com\/lt\/author\/infointernetiniusvetainiukurimas-eu\/"},"comment_info":0,"_links":{"self":[{"href":"https:\/\/homebyvm.com\/lt\/wp-json\/wp\/v2\/pages\/2255","targetHints":{"allow":["GET"]}}],"collection":[{"href":"https:\/\/homebyvm.com\/lt\/wp-json\/wp\/v2\/pages"}],"about":[{"href":"https:\/\/homebyvm.com\/lt\/wp-json\/wp\/v2\/types\/page"}],"author":[{"embeddable":true,"href":"https:\/\/homebyvm.com\/lt\/wp-json\/wp\/v2\/users\/1"}],"replies":[{"embeddable":true,"href":"https:\/\/homebyvm.com\/lt\/wp-json\/wp\/v2\/comments?post=2255"}],"version-history":[{"count":3,"href":"https:\/\/homebyvm.com\/lt\/wp-json\/wp\/v2\/pages\/2255\/revisions"}],"predecessor-version":[{"id":2274,"href":"https:\/\/homebyvm.com\/lt\/wp-json\/wp\/v2\/pages\/2255\/revisions\/2274"}],"wp:attachment":[{"href":"https:\/\/homebyvm.com\/lt\/wp-json\/wp\/v2\/media?parent=2255"}],"curies":[{"name":"wp","href":"https:\/\/api.w.org\/{rel}","templated":true}]}}