{"id":442,"date":"2022-03-02T09:54:53","date_gmt":"2022-03-02T09:54:53","guid":{"rendered":"https:\/\/demo.creativethemes.com\/blocksy\/home-decor\/?page_id=3"},"modified":"2023-06-13T08:13:14","modified_gmt":"2023-06-13T08:13:14","slug":"privacy-policy-2","status":"publish","type":"page","link":"https:\/\/homebyvm.com\/lt\/privacy-policy-2\/","title":{"rendered":"Privatumo politika"},"content":{"rendered":"<p><strong>Privatumo politika<\/strong><\/p>\n\n\n\n<p>MB Vakmeda \u012fmonei priklausan\u010dioje \u012fmon\u0117je&nbsp;<a href=\"http:\/\/homebyvm.com\/lt\/\">homebyvm.com<\/a>&nbsp;svetain\u0117je yra renkami ir valdomi j\u016bs\u0173 asmeniniai duomenys.<\/p>\n\n\n\n<p>\u0160i Privatumo politika i\u0161ai\u0161kina, kaip&nbsp;<a href=\"http:\/\/homebyvm.com\/lt\/\">homebyvm.com<\/a>&nbsp;Nor\u0117\u010diau pad\u0117koti prane\u0161\u0117jui u\u017e puik\u0173 darb\u0105 ir suteikt\u0105 param\u0105. D\u0117l to, prie\u0161 nar\u0161ant&nbsp;<a href=\"http:\/\/homebyvm.com\/lt\/\">homebyvm.com<\/a>&nbsp;svetain\u0117je, perskaitykite \u0161\u012f dokument\u0105.<\/p>\n\n\n\n<p>Mes u\u017etikriname j\u016bs\u0173 asmenini\u0173 duomen\u0173 saugum\u0105 ir konfidencialum\u0105.<\/p>\n\n\n\n<p><strong>Asmeniniai duomenys, kuriuos renkame:<\/strong><\/p>\n\n\n\n<p>Kuomet nar\u0161ote&nbsp;<a href=\"http:\/\/homebyvm.com\/lt\/\">homebyvm.com<\/a>Komisijos pasi\u016blymas \u012fvesti nauj\u0105 keitimosi duomenimis apie kilm\u0117s \u0161al\u012f sistem\u0105 - nar\u0161ykl\u0117, IP adresai, \u012fmon\u0117s tapatyb\u0117 ir kilm\u0117s \u0161alis. Bendrov\u0117 taip pat turi teis\u0119 vie\u0161ai skelbti statistinius duomenis: apie pardavimus, pardavim\u0173 skatinim\u0105, produktus, j\u0173 pardavimus ir kit\u0105 informacij\u0105. \u0160i\u0105 automati\u0161kai renkam\u0105 informacij\u0105 vadiname \"\u012erenginio informacija\". Taip pat, galime rinkti asmeninius duomenis, kuriuos j\u016bs mums suteikiate (vardas, pavard\u0117, adresas, mok\u0117jimo informacija ir t.t.) sukurdami paskyr\u0105 m\u016bs\u0173 svetain\u0117je.<\/p>\n\n\n\n<p><strong>Kod\u0117l renkame j\u016bs\u0173 duomenis?<\/strong><\/p>\n\n\n\n<p>Bendra ES u\u017esienio ir saugumo politika turi b\u016bti grind\u017eiama bendru supratimu apie pilie\u010di\u0173 teises ir pareigas, kuri\u0173 turi b\u016bti laikomasi visose valstyb\u0117se nar\u0117se. Automati\u0161kai renkami duomenys yra naudojami svetain\u0117s analitikoje. Ta\u010diau u\u017etikriname, kad statistin\u0117je informacijoje ne\u012fmanoma atpa\u017einti konkre\u010di\u0173 vartotoj\u0173 tapatyb\u0117s.<\/p>\n\n\n\n<p>Galite apsilankyti m\u016bs\u0173 svetain\u0117je, nesuteikdami jokios informacijos, kuria b\u016bt\u0173 galima identifikuoti j\u016bs\u0173 asmens tapatyb\u0119. Vis d\u0117lto, jei neturime ai\u0161kaus vaizdo apie m\u016bs\u0173 \u012fmoni\u0173 funkcijas, jei neturime ai\u0161kaus vaizdo apie tai, kaip m\u016bs\u0173 \u012fmon\u0117s yra valdomos arba kaip su jomis bendraujama, turime tur\u0117ti galimyb\u0119 identifikuoti savo turt\u0105: jo adres\u0105, vard\u0105, pavard\u0119, adres\u0105, telefono numer\u012f. Turite pasirinkim\u0105 nesuteikti mums savo asmenini\u0173 duomen\u0173, ta\u010diau tokiu atveju negal\u0117site naudotis dauguma svetain\u0117s teikiam\u0173 funkcij\u0173. Svetain\u0117s lankytojai, ne\u017einantys, koki\u0105 informacij\u0105 privalome rinkti, gali susisiekti su mumis el. pa\u0161tu&nbsp;<a href=\"mailto:Info@vakmeda.lt\">Info@vakmeda.lt<\/a>.<\/p>\n\n\n\n<p><strong>J\u016bs\u0173 teis\u0117s:<\/strong><\/p>\n\n\n\n<p>Jeigu esate Europos gyventojas, j\u016bs turite \u012fvairi\u0173 teisi\u0173, susijusi\u0173 su j\u016bs\u0173 asmens duomen\u0173 apsauga:<\/p>\n\n\n\n<p>- Teis\u0117 b\u016bti informuotam.<\/p>\n\n\n\n<p>- Teis\u0117 gauti savo informacij\u0105, kuria mes tvarkome.<\/p>\n\n\n\n<p>- Teis\u0117 taisyti netiksli\u0105 ar neteising\u0105 informacij\u0105 apie jus.<\/p>\n\n\n\n<p>- Teis\u0117 i\u0161trinti visus duomenis apie jus.<\/p>\n\n\n\n<p>- Teis\u0117 apriboti duomen\u0173 tvarkym\u0105.<\/p>\n\n\n\n<p>- Teis\u0117 perkelti visus surinktus duomenis apie jus kitam valdytojui.<\/p>\n\n\n\n<p>- Teis\u0117 paprie\u0161tarauti asmens duomen\u0173 tvarkymui.<\/p>\n\n\n\n<p>- Teis\u0117s, susijusios su automatini\u0173 duomen\u0173 valdymu.<\/p>\n\n\n\n<p>Jeigu norite daugiau informacijos, susisiekite su mumis pasinaudoj\u0119 \u017eemiau pateikta kontaktine informacija.<\/p>\n\n\n\n<p>Persp\u0117jame, kad valdome Europos gyventoj\u0173 asmeninius duomenis, nor\u0117dami i\u0161pildyti j\u016bs\u0173 u\u017esakymus arba kitaip \u012fgyvendinti tikslus, i\u0161vardytus dokumento prad\u017eioje. Atkreipkite d\u0117mes\u012f, kad j\u016bs\u0173 duomenys gali b\u016bti perkelti u\u017e Europos rib\u0173 (pavyzd\u017eiui, \u012f Kanad\u0105 arba JAV).<\/p>\n\n\n\n<p><strong>Nuorodos \u012f kitas pasaulio \u0161alis:<\/strong><\/p>\n\n\n\n<p>M\u016bs\u0173 kaimynai buvo tokie pat geri, kaip ir tie, kurie j\u0173 netur\u0117jo, ir jie nebuvo gim\u0119. Tikiu, kad, kai mums nereik\u0117s keisti savo teisin\u0117s sistemos ar elgesio su kaimynais. Pritariu prane\u0161\u0117jo rekomendacijai, kad Persijos pilie\u010diai tur\u0117t\u0173 tur\u0117ti daugiau priva\u010dios politikos.<\/p>\n\n\n\n<p><strong>Duomen\u0173 apsauga:<\/strong><\/p>\n\n\n\n<p>M\u016bs\u0173 asmenys turi ai\u0161k\u0173 mandat\u0105 naudotis m\u016bs\u0173 serveri\u0173 teikiamomis paslaugomis, o tai yra didelis privalumas. Turime reguliuoti ai\u0161ki\u0105 sistem\u0105, kuria netikime, ir turime b\u016bti budr\u016bs puldami \u0161alis ir kilm\u0117s \u0161alis, kad u\u017ekirstume jiems keli\u0105 \u012f bet koki\u0105 pa\u017eang\u0105. To nedarydami, mes paneigiame poreik\u012f ma\u017einti \u017emoni\u0173 skai\u010di\u0173 m\u016bs\u0173 valstyb\u0117se nar\u0117se.<\/p>\n\n\n\n<p><strong>Duomen\u0173 atskleidimas:<\/strong><\/p>\n\n\n\n<p>\u012estatymo numatyta tvarka pasiliekame teis\u0119 atskleisti j\u016bs\u0173 asmeninius duomenis, jei reik\u0117t\u0173 apginti savo teises, savo ir aplinkini\u0173 saugum\u0105, i\u0161tirti nusikaltim\u0105 arba atsakyti \u012f vyriausyb\u0117s pra\u0161ym\u0105 atskleisti j\u016bs\u0173 asmeninius duomenis.<\/p>\n\n\n\n<p><strong>Kontaktin\u0117 informacija:<\/strong><\/p>\n\n\n\n<p>Jeigu norite gauti daugiau informacijos apie \u0161i\u0105 privatumo politik\u0105 arba apie j\u016bs\u0173 asmeninius duomenis, kreipkit\u0117s \u012f mus el. pa\u0161tu&nbsp;<a href=\"mailto:Info@vakmeda.lt\">Info@vakmeda.lt<\/a>.<\/p>","protected":false},"excerpt":{"rendered":"<p>Privatumo politika MB Vakmeda \u012fmonei priklausan\u010dioje&nbsp;homebyvm.com&nbsp;svetain\u0117je yra renkami ir valdomi j\u016bs\u0173 asmeniniai duomenys. \u0160i Privatumo politika i\u0161ai\u0161kina, kaip&nbsp;homebyvm.com&nbsp;naudoja j\u016bs\u0173 asmeninius duomenis bei pateikia prie\u017eastis j\u016bs\u0173 asmenini\u0173 duomen\u0173 rinkimui. D\u0117l to, prie\u0161 nar\u0161ant&nbsp;homebyvm.com&nbsp;svetain\u0117je, perskaitykite \u0161\u012f dokument\u0105. Mes u\u017etikriname j\u016bs\u0173 asmenini\u0173 duomen\u0173 saugum\u0105 ir konfidencialum\u0105. Asmeniniai duomenys, kuriuos renkame: Kuomet nar\u0161ote&nbsp;homebyvm.com, automati\u0161kai renkame tam tikr\u0105 informacij\u0105 apie [&hellip;]<\/p>\n","protected":false},"author":1,"featured_media":0,"parent":0,"menu_order":0,"comment_status":"closed","ping_status":"open","template":"","meta":{"_kad_blocks_custom_css":"","_kad_blocks_head_custom_js":"","_kad_blocks_body_custom_js":"","_kad_blocks_footer_custom_js":"","footnotes":""},"class_list":["post-442","page","type-page","status-publish","hentry"],"blocksy_meta":{"has_hero_section":"disabled"},"taxonomy_info":[],"featured_image_src_large":false,"author_info":{"display_name":"info@internetiniusvetainiukurimas.eu","author_link":"https:\/\/homebyvm.com\/lt\/author\/infointernetiniusvetainiukurimas-eu\/"},"comment_info":0,"_links":{"self":[{"href":"https:\/\/homebyvm.com\/lt\/wp-json\/wp\/v2\/pages\/442","targetHints":{"allow":["GET"]}}],"collection":[{"href":"https:\/\/homebyvm.com\/lt\/wp-json\/wp\/v2\/pages"}],"about":[{"href":"https:\/\/homebyvm.com\/lt\/wp-json\/wp\/v2\/types\/page"}],"author":[{"embeddable":true,"href":"https:\/\/homebyvm.com\/lt\/wp-json\/wp\/v2\/users\/1"}],"replies":[{"embeddable":true,"href":"https:\/\/homebyvm.com\/lt\/wp-json\/wp\/v2\/comments?post=442"}],"version-history":[{"count":1,"href":"https:\/\/homebyvm.com\/lt\/wp-json\/wp\/v2\/pages\/442\/revisions"}],"predecessor-version":[{"id":2156,"href":"https:\/\/homebyvm.com\/lt\/wp-json\/wp\/v2\/pages\/442\/revisions\/2156"}],"wp:attachment":[{"href":"https:\/\/homebyvm.com\/lt\/wp-json\/wp\/v2\/media?parent=442"}],"curies":[{"name":"wp","href":"https:\/\/api.w.org\/{rel}","templated":true}]}}