{"id":4187,"date":"2023-07-21T23:10:05","date_gmt":"2023-07-21T23:10:05","guid":{"rendered":"https:\/\/homebyvm.com\/produktas\/pufa-pilka-tenisowa\/"},"modified":"2024-12-23T13:30:27","modified_gmt":"2024-12-23T13:30:27","slug":"pufa-pilka-tenisowa","status":"publish","type":"product","link":"https:\/\/homebyvm.com\/lt\/produktas\/pufa-pilka-tenisowa\/","title":{"rendered":"Pufas su teniso kamuoliukais"},"content":{"rendered":"<p>Pufas su teniso kamuoliukais<br \/>\nEsame tikri, kad daugyb\u0117 \u017emoni\u0173 \u012fvertins tokio gaminio kaip \"Tennis Ball Puff\" buvim\u0105 \u012fvairiose vietose. Jo panaudojimo galimybi\u0173 i\u0161ties daug, o jus riboja tik vaizduot\u0117. Auk\u0161tos kokyb\u0117s med\u017eiagos ir didelis kruop\u0161tumas gaminant u\u017etikrins, kad s\u0117dyn\u0117 ilgai tarnaus nepriekai\u0161tingos b\u016bkl\u0117s. Labai svarbu, kad da\u017enai, net ir labai intensyviai naudojant puf\u0105, jis nei\u0161sitempt\u0173 ir neprarast\u0173 formos.<br \/>\nTeniso kamuoliuko formos pufas - puikus sprendimas, kuris ne tik papildys kambario dizain\u0105. Tokie elementai labai da\u017enai lemia kambario jaukum\u0105, kurio ne\u012fmanoma pasiekti naudojant \u012fprastus baldus. Patik\u0117kite auk\u0161\u010diausios kokyb\u0117s pufais ir leiskite jiems nustebinti jus patogumu ir ne\u012ftik\u0117tinu meistri\u0161kumu. Per\u017ei\u016br\u0117kite kitus m\u016bs\u0173 pasi\u016blymus ir tarp j\u0173 raskite savo numer\u012f. Nedvejodami prisijunkite prie m\u016bs\u0173 patenkint\u0173 klient\u0173, kurie ne\u012fsivaizduoja savo kasdienyb\u0117s be patogaus pufo.<br \/>\nMed\u017eiagos savyb\u0117s<\/p>","protected":false},"excerpt":{"rendered":"<p>Pufa pi\u0142ka tenisowa Jeste\u015bmy pewni, \u017ce wiele os\u00f3b doceni obecno\u015b\u0107 produktu, jakim jest Pufa pi\u0142ka tenisowa w wielu r\u00f3\u017cnych miejscach. Mo\u017cliwo\u015bci jej u\u017cycia jest naprawd\u0119 wiele, a ogranicza Ci\u0119 tylko i wy\u0142\u0105cznie Twoja wyobra\u017ania. Wysokiej jako\u015bci materia\u0142y oraz du\u017ca staranno\u015b\u0107 wykonania zapewni\u0105 d\u0142ugotrwa\u0142e u\u017cytkowanie siedziska w nienagannym stanie. To bardzo wa\u017cne, by pufa nie rozci\u0105ga\u0142a [&hellip;]<\/p>\n","protected":false},"featured_media":886,"comment_status":"closed","ping_status":"closed","template":"","meta":{"_kad_blocks_custom_css":"","_kad_blocks_head_custom_js":"","_kad_blocks_body_custom_js":"","_kad_blocks_footer_custom_js":""},"product_brand":[],"product_cat":[28,29],"product_tag":[],"class_list":{"0":"post-4187","1":"product","2":"type-product","3":"status-publish","4":"has-post-thumbnail","6":"product_cat-pufy","7":"product_cat-pufy-pilki","8":"wcpa_has_options","10":"first","11":"instock","12":"featured","13":"purchasable","14":"product-type-simple"},"taxonomy_info":{"product_cat":[{"value":28,"label":"Pufy"},{"value":29,"label":"Pufy Pi\u0142ki"}]},"featured_image_src_large":["https:\/\/homebyvm.com\/wp-content\/uploads\/2023\/05\/export-1024x1024.jpg",1024,1024,true],"author_info":[],"comment_info":0,"_links":{"self":[{"href":"https:\/\/homebyvm.com\/lt\/wp-json\/wp\/v2\/product\/4187","targetHints":{"allow":["GET"]}}],"collection":[{"href":"https:\/\/homebyvm.com\/lt\/wp-json\/wp\/v2\/product"}],"about":[{"href":"https:\/\/homebyvm.com\/lt\/wp-json\/wp\/v2\/types\/product"}],"replies":[{"embeddable":true,"href":"https:\/\/homebyvm.com\/lt\/wp-json\/wp\/v2\/comments?post=4187"}],"wp:featuredmedia":[{"embeddable":true,"href":"https:\/\/homebyvm.com\/lt\/wp-json\/wp\/v2\/media\/886"}],"wp:attachment":[{"href":"https:\/\/homebyvm.com\/lt\/wp-json\/wp\/v2\/media?parent=4187"}],"wp:term":[{"taxonomy":"product_brand","embeddable":true,"href":"https:\/\/homebyvm.com\/lt\/wp-json\/wp\/v2\/product_brand?post=4187"},{"taxonomy":"product_cat","embeddable":true,"href":"https:\/\/homebyvm.com\/lt\/wp-json\/wp\/v2\/product_cat?post=4187"},{"taxonomy":"product_tag","embeddable":true,"href":"https:\/\/homebyvm.com\/lt\/wp-json\/wp\/v2\/product_tag?post=4187"}],"curies":[{"name":"wp","href":"https:\/\/api.w.org\/{rel}","templated":true}]}}