{"id":4188,"date":"2023-07-21T23:10:05","date_gmt":"2023-07-21T23:10:05","guid":{"rendered":"https:\/\/homebyvm.com\/produktas\/pufa-pilka-siatkowa\/"},"modified":"2024-12-23T13:33:21","modified_gmt":"2024-12-23T13:33:21","slug":"pufa-pilka-siatkowa","status":"publish","type":"product","link":"https:\/\/homebyvm.com\/lt\/produktas\/pufa-pilka-siatkowa\/","title":{"rendered":"Tinklinio kamuolys Puff"},"content":{"rendered":"<p>Spalvingas tinklinio pufas<br \/>\nTinklinio pufas yra puikus baldas bet kuriam tinklinio sirgaliui ir asmeniui, ie\u0161kan\u010diam labai patogios s\u0117dyn\u0117s. Baldas pagamintas i\u0161 geros kokyb\u0117s eko odos su mink\u0161tu u\u017epildu, d\u0117l kurio prisitaiko prie k\u016bno formos ir leid\u017eia u\u017eimti patogi\u0105 pad\u0117t\u012f. Be to, pa\u010di\u0105 s\u0117dyn\u0119 valyti labai paprasta ir tam nereikia joki\u0173 speciali\u0173 preparat\u0173. Bald\u0105 galima pritaikyti pagal spalv\u0105. Galimyb\u0117 pasirinkti spalv\u0105 rei\u0161kia, kad \"Mesh Ball\" pufas tiks prie bet koki\u0173 nam\u0173 interjero. Didelis s\u0117dyn\u0117s mink\u0161tumas rei\u0161kia, kad baldas tarnaus kaip \u012franga, u\u017etikrinanti labai didel\u012f poilsio komfort\u0105. Kiekvienas \u017emogus naudodamas puf\u0105 gal\u0117s visi\u0161kai atsipalaiduoti. Verta pasidom\u0117ti \u0161iuo gaminiu.<br \/>\nMed\u017eiagos savyb\u0117s<\/p>","protected":false},"excerpt":{"rendered":"<p>Kolorowa pufa pi\u0142ka do siatk\u00f3wki Pufa Pi\u0142ka Siatkowa to idealny mebel dla ka\u017cdego fana siatk\u00f3wki i osoby szukaj\u0105cej bardzo wygodnego siedziska. Mebel jest wykonany z dobrej jako\u015bci ekosk\u00f3ry mi\u0119kkiego wype\u0142nienia, dzi\u0119ki kt\u00f3remu dopasowuje si\u0119 do kszta\u0142tu cia\u0142a i pozwala zaj\u0105\u0107 wygodn\u0105 pozycj\u0119. Dodatkowo samo czyszczenie siedziska jest bardzo proste i nie wymaga stosowania specjalnych preparat\u00f3w. [&hellip;]<\/p>\n","protected":false},"featured_media":888,"comment_status":"closed","ping_status":"open","template":"","meta":{"_kad_blocks_custom_css":"","_kad_blocks_head_custom_js":"","_kad_blocks_body_custom_js":"","_kad_blocks_footer_custom_js":""},"product_brand":[],"product_cat":[28,29],"product_tag":[],"class_list":{"0":"post-4188","1":"product","2":"type-product","3":"status-publish","4":"has-post-thumbnail","6":"product_cat-pufy","7":"product_cat-pufy-pilki","8":"wcpa_has_options","10":"first","11":"outofstock","12":"purchasable","13":"product-type-variable"},"taxonomy_info":{"product_cat":[{"value":28,"label":"Pufy"},{"value":29,"label":"Pufy Pi\u0142ki"}]},"featured_image_src_large":["https:\/\/homebyvm.com\/wp-content\/uploads\/2023\/05\/export-2-1024x1024.jpg",1024,1024,true],"author_info":[],"comment_info":0,"_links":{"self":[{"href":"https:\/\/homebyvm.com\/lt\/wp-json\/wp\/v2\/product\/4188","targetHints":{"allow":["GET"]}}],"collection":[{"href":"https:\/\/homebyvm.com\/lt\/wp-json\/wp\/v2\/product"}],"about":[{"href":"https:\/\/homebyvm.com\/lt\/wp-json\/wp\/v2\/types\/product"}],"replies":[{"embeddable":true,"href":"https:\/\/homebyvm.com\/lt\/wp-json\/wp\/v2\/comments?post=4188"}],"wp:featuredmedia":[{"embeddable":true,"href":"https:\/\/homebyvm.com\/lt\/wp-json\/wp\/v2\/media\/888"}],"wp:attachment":[{"href":"https:\/\/homebyvm.com\/lt\/wp-json\/wp\/v2\/media?parent=4188"}],"wp:term":[{"taxonomy":"product_brand","embeddable":true,"href":"https:\/\/homebyvm.com\/lt\/wp-json\/wp\/v2\/product_brand?post=4188"},{"taxonomy":"product_cat","embeddable":true,"href":"https:\/\/homebyvm.com\/lt\/wp-json\/wp\/v2\/product_cat?post=4188"},{"taxonomy":"product_tag","embeddable":true,"href":"https:\/\/homebyvm.com\/lt\/wp-json\/wp\/v2\/product_tag?post=4188"}],"curies":[{"name":"wp","href":"https:\/\/api.w.org\/{rel}","templated":true}]}}