{"id":4209,"date":"2023-07-21T23:10:05","date_gmt":"2023-07-21T23:10:05","guid":{"rendered":"https:\/\/homebyvm.com\/produktas\/pufa-pilka-nozna-s-kolor\/"},"modified":"2024-12-23T13:33:21","modified_gmt":"2024-12-23T13:33:21","slug":"pufa-pilka-nozna-s-kolor","status":"publish","type":"product","link":"https:\/\/homebyvm.com\/lt\/produktas\/pufa-pilka-nozna-s-kolor\/","title":{"rendered":"Futbolo kamuolys Puff S Spalva"},"content":{"rendered":"<p>Futbolo kamuolys Puff S Spalva<br \/>\nJei j\u016bs\u0173 vaikas yra sporti\u0161kos sielos, o k\u016bno kult\u016bra yra jo m\u0117gstamiausias dalykas mokykloje, pataik\u0117te \u012f puiki\u0105 viet\u0105. N\u0117ra geresnio aksesuaro u\u017e futbolo kamuol\u012f \"S Colour Puff\" j\u016bs\u0173 vaiko kambariui. Pasirinkite \u0161\u012f model\u012f ir patys \u012fsitikinkite, kad j\u016bs\u0173 ma\u017eylis gali akimirkai sustoti ir ramiai skaityti knyg\u0105 s\u0117d\u0117damas ant futbolo kamuolio formos pufo. Leisti laik\u0105 ant jo jam bus grynas malonumas. Ypa\u010d jei pasirinksite jo m\u0117gstam\u0173 spalv\u0173 model\u012f. M\u016bs\u0173 asortimente yra net 19 spalv\u0173 variant\u0173, kuriuos galite derinti, kaip tik norite! Taigi rasite puik\u0173 sprendim\u0105 tiek berniuk\u0173, tiek mergai\u010di\u0173 kambariams.<br \/>\nEsame lenk\u0173 prek\u0117s \u017eenklas, kuris savo gaminius 100% gamina rankomis. Jiems si\u016bti naudojame auk\u0161tos kokyb\u0117s med\u017eiagas. Rank\u0173 darbo procesas u\u017etikrina i\u0161skirtin\u012f gamybos proceso kruop\u0161tum\u0105. Suteikite savo vaikui tai, kas geriausia, ir pasirinkite unikal\u0173 fotel\u012f, pavyzd\u017eiui, \"Football Puff S\"! Garantuojame nepaprast\u0105 d\u017eiaugsm\u0105 ir malonum\u0105 j\u012f naudojant!<\/p>","protected":false},"excerpt":{"rendered":"<p>Pufa Pi\u0142ka No\u017cna S Kolor Je\u015bli Twoje dziecko ma sportow\u0105 dusz\u0119, a wychowanie fizyczne to jego ulubiony przedmiot w szkole, to idealnie trafi\u0142e\u015b. Nie ma lepszego dodatku, ni\u017c Pufa Pi\u0142ka No\u017cna S Kolor do pokoju dzieci\u0119cego. Wybierz ten model i przekonaj si\u0119 sam, \u017ce Tw\u00f3j maluch jest w stanie zatrzyma\u0107 si\u0119 na chwil\u0119 i spokojnie [&hellip;]<\/p>\n","protected":false},"featured_media":894,"comment_status":"closed","ping_status":"open","template":"","meta":{"_kad_blocks_custom_css":"","_kad_blocks_head_custom_js":"","_kad_blocks_body_custom_js":"","_kad_blocks_footer_custom_js":""},"product_brand":[],"product_cat":[28,29],"product_tag":[],"class_list":{"0":"post-4209","1":"product","2":"type-product","3":"status-publish","4":"has-post-thumbnail","6":"product_cat-pufy","7":"product_cat-pufy-pilki","8":"pa_color-bezowy","9":"pa_color-blekitny","10":"pa_color-cappucino","11":"pa_color-ciemny-braz","12":"pa_color-czarny","13":"pa_color-czerwony","14":"pa_color-fioletowy","15":"pa_color-granatowy","16":"pa_color-jasny-braz","17":"pa_color-limonkowy","18":"pa_color-niebieski","19":"pa_color-oliwkowy","20":"pa_color-pomaranczowy","21":"pa_color-popielaty","22":"pa_color-rozowy","23":"pa_color-sloneczny","24":"pa_color-turkusowy","25":"pa_color-zielony","26":"pa_color-zolty","27":"wcpa_has_options","29":"first","30":"outofstock","31":"purchasable","32":"product-type-variable"},"taxonomy_info":{"product_cat":[{"value":28,"label":"Pufy"},{"value":29,"label":"Pufy Pi\u0142ki"}],"pa_color":[{"value":71,"label":"bezowy"},{"value":82,"label":"b\u0142\u0119kitny"},{"value":90,"label":"cappucino"},{"value":86,"label":"ciemny br\u0105z"},{"value":87,"label":"czarny"},{"value":77,"label":"czerwony"},{"value":78,"label":"fioletowy"},{"value":84,"label":"granatowy"},{"value":85,"label":"jasny br\u0105z"},{"value":89,"label":"limonkowy"},{"value":81,"label":"niebieski"},{"value":79,"label":"oliwkowy"},{"value":75,"label":"pomara\u0144czowy"},{"value":88,"label":"popielaty"},{"value":76,"label":"r\u00f3\u017cowy"},{"value":91,"label":"sloneczny"},{"value":83,"label":"turkusowy"},{"value":80,"label":"zielony"},{"value":74,"label":"\u017c\u00f3\u0142ty"}]},"featured_image_src_large":["https:\/\/homebyvm.com\/wp-content\/uploads\/2023\/05\/export-8-1024x900.jpg",1024,900,true],"author_info":[],"comment_info":0,"_links":{"self":[{"href":"https:\/\/homebyvm.com\/lt\/wp-json\/wp\/v2\/product\/4209","targetHints":{"allow":["GET"]}}],"collection":[{"href":"https:\/\/homebyvm.com\/lt\/wp-json\/wp\/v2\/product"}],"about":[{"href":"https:\/\/homebyvm.com\/lt\/wp-json\/wp\/v2\/types\/product"}],"replies":[{"embeddable":true,"href":"https:\/\/homebyvm.com\/lt\/wp-json\/wp\/v2\/comments?post=4209"}],"wp:featuredmedia":[{"embeddable":true,"href":"https:\/\/homebyvm.com\/lt\/wp-json\/wp\/v2\/media\/894"}],"wp:attachment":[{"href":"https:\/\/homebyvm.com\/lt\/wp-json\/wp\/v2\/media?parent=4209"}],"wp:term":[{"taxonomy":"product_brand","embeddable":true,"href":"https:\/\/homebyvm.com\/lt\/wp-json\/wp\/v2\/product_brand?post=4209"},{"taxonomy":"product_cat","embeddable":true,"href":"https:\/\/homebyvm.com\/lt\/wp-json\/wp\/v2\/product_cat?post=4209"},{"taxonomy":"product_tag","embeddable":true,"href":"https:\/\/homebyvm.com\/lt\/wp-json\/wp\/v2\/product_tag?post=4209"}],"curies":[{"name":"wp","href":"https:\/\/api.w.org\/{rel}","templated":true}]}}