{"id":4250,"date":"2023-07-21T23:10:05","date_gmt":"2023-07-21T23:10:05","guid":{"rendered":"https:\/\/homebyvm.com\/produktas\/pufa-pilka-koszykowa\/"},"modified":"2024-12-23T13:30:27","modified_gmt":"2024-12-23T13:30:27","slug":"pufa-pilka-koszykowa","status":"publish","type":"product","link":"https:\/\/homebyvm.com\/lt\/produktas\/pufa-pilka-koszykowa\/","title":{"rendered":"Krep\u0161inio pufas"},"content":{"rendered":"<p>Krep\u0161inio pufas krep\u0161inio sirgaliams ir ne tik<br \/>\nKrep\u0161inio pufas patiks visiems krep\u0161inio gerb\u0117jams. 100\u00d755 cm dyd\u017eio baldas suteiks patog\u0173 poils\u012f ir vaikams, ir suaugusiesiems. I\u0161orinis u\u017evalkalas pagamintas i\u0161 auk\u0161tos kokyb\u0117s eko odos, kuri\u0105 lengva valyti ir kuri pasi\u017eymi atsparumu trin\u010diai. Kita vertus, viduje yra polistireno granuli\u0173. D\u0117l j\u0173 krep\u0161inio pufas yra mink\u0161tas ir puikiai prisitaiko prie s\u0117din\u010dio \u017emogaus k\u016bno formos. Taigi jis u\u017etikrina labai auk\u0161t\u0105 komforto lyg\u012f. Ie\u0161kant unikali\u0173 bald\u0173 savo namams, verta pasidom\u0117ti \u0161iuo gaminiu. Jo ne\u012fprastas dizainas j\u016bs\u0173 interjerui suteiks \u012fvairov\u0117s ir asmeni\u0161kumo. Pufas tinka naudoti tiek vaik\u0173 kambaryje, tiek svetain\u0117je, kur jis bus labai \u012fdomus priedas.<br \/>\nMed\u017eiagos savyb\u0117s<\/p>","protected":false},"excerpt":{"rendered":"<p>Pufa Pi\u0142ka Koszykowa dla fan\u00f3w basketu i nie tylko Pufa Pi\u0142ka Koszykowa zadowoli wszystkich fan\u00f3w koszyk\u00f3wki. Mebel o wymiarach 100&#215;55 cm zapewni wygodny wypoczynek zar\u00f3wno dzieciom, jak i osobom doros\u0142ym. Zewn\u0119trzne pokrycie zosta\u0142o wykonane z wysokiej jako\u015bci ekosk\u00f3ry, kt\u00f3ra jest \u0142atwa w czyszczeniu i wykazuje odporno\u015b\u0107 na przetarcia. Wewn\u0105trz natomiast znajduje si\u0119 styropianowy granulat. Dzi\u0119ki [&hellip;]<\/p>\n","protected":false},"featured_media":903,"comment_status":"closed","ping_status":"closed","template":"","meta":{"_kad_blocks_custom_css":"","_kad_blocks_head_custom_js":"","_kad_blocks_body_custom_js":"","_kad_blocks_footer_custom_js":""},"product_brand":[],"product_cat":[28,29],"product_tag":[],"class_list":{"0":"post-4250","1":"product","2":"type-product","3":"status-publish","4":"has-post-thumbnail","6":"product_cat-pufy","7":"product_cat-pufy-pilki","8":"wcpa_has_options","10":"first","11":"instock","12":"purchasable","13":"product-type-simple"},"taxonomy_info":{"product_cat":[{"value":28,"label":"Pufy"},{"value":29,"label":"Pufy Pi\u0142ki"}]},"featured_image_src_large":["https:\/\/homebyvm.com\/wp-content\/uploads\/2023\/05\/export-17-1024x1024.jpg",1024,1024,true],"author_info":[],"comment_info":0,"_links":{"self":[{"href":"https:\/\/homebyvm.com\/lt\/wp-json\/wp\/v2\/product\/4250","targetHints":{"allow":["GET"]}}],"collection":[{"href":"https:\/\/homebyvm.com\/lt\/wp-json\/wp\/v2\/product"}],"about":[{"href":"https:\/\/homebyvm.com\/lt\/wp-json\/wp\/v2\/types\/product"}],"replies":[{"embeddable":true,"href":"https:\/\/homebyvm.com\/lt\/wp-json\/wp\/v2\/comments?post=4250"}],"wp:featuredmedia":[{"embeddable":true,"href":"https:\/\/homebyvm.com\/lt\/wp-json\/wp\/v2\/media\/903"}],"wp:attachment":[{"href":"https:\/\/homebyvm.com\/lt\/wp-json\/wp\/v2\/media?parent=4250"}],"wp:term":[{"taxonomy":"product_brand","embeddable":true,"href":"https:\/\/homebyvm.com\/lt\/wp-json\/wp\/v2\/product_brand?post=4250"},{"taxonomy":"product_cat","embeddable":true,"href":"https:\/\/homebyvm.com\/lt\/wp-json\/wp\/v2\/product_cat?post=4250"},{"taxonomy":"product_tag","embeddable":true,"href":"https:\/\/homebyvm.com\/lt\/wp-json\/wp\/v2\/product_tag?post=4250"}],"curies":[{"name":"wp","href":"https:\/\/api.w.org\/{rel}","templated":true}]}}