{"id":4252,"date":"2023-07-21T23:10:05","date_gmt":"2023-07-21T23:10:05","guid":{"rendered":"https:\/\/homebyvm.com\/produktas\/fotel-pilka-kibica\/"},"modified":"2024-12-23T13:30:27","modified_gmt":"2024-12-23T13:30:27","slug":"fotel-pilka-kibica","status":"publish","type":"product","link":"https:\/\/homebyvm.com\/lt\/produktas\/fotel-pilka-kibica\/","title":{"rendered":"Futbolo sirgali\u0173 fotelis"},"content":{"rendered":"<p>Ventiliatoriaus kr\u0117slas<br \/>\nStilinga v\u0117duoklin\u0117 k\u0117d\u0117 puikiai papildo bet kok\u012f interjer\u0105. Baldas tiks ne tik vaik\u0173 kambaryje, bet ir svetain\u0117je, kur i\u0161siskirs i\u0161 kit\u0173 bald\u0173. Fotelis gali b\u016bti j\u016bs\u0173 m\u0117gstamos komandos nacionalini\u0173 spalv\u0173. Asmeninio pritaikymo galimyb\u0117 padeda bald\u0105 paversti ypatingu. Kad b\u016bt\u0173 u\u017etikrintas auk\u0161tas poilsio komforto lygis, gaminys turi polistireno granuli\u0173 u\u017epild\u0105. D\u0117l to fotelis prisitaiko prie k\u016bno formos. I\u0161orinis apmu\u0161alas pagamintas i\u0161 ekologi\u0161kos odos, tod\u0117l nuo pufo galima lengvai pa\u0161alinti bet kokius ne\u0161varumus. Palaikyti puiki\u0105 jo b\u016bkl\u0119 nebus didel\u0117 problema. Gaminys rekomenduojamas tiek vaikams, tiek suaugusiesiems. Didelis dydis rei\u0161kia, kad kiekvienas gal\u0117s patogiai \u012fsitaisyti ir atsipalaiduoti po sunkios dienos.<br \/>\nMed\u017eiagos savyb\u0117s<\/p>","protected":false},"excerpt":{"rendered":"<p>Fotel Kibica Stylowy fotel kibica to \u015bwietny dodatek do ka\u017cdego wn\u0119trza. Mebel sprawdzi si\u0119 nie tylko w pokoju dzieci\u0119cym, ale r\u00f3wnie\u017c w salonie, gdzie b\u0119dzie wyr\u00f3\u017cnia\u0142 si\u0119 na tle innych mebli. Fotel mo\u017ce wyst\u0119powa\u0107 w barwach narodowych ulubionej dru\u017cyny. Mo\u017cliwo\u015b\u0107 personalizacji pozwala uczyni\u0107 mebel bardzo wyj\u0105tkowym. Dla zapewnienia wysokiego komfortu odpoczynku produkt ma wype\u0142nienie ze [&hellip;]<\/p>\n","protected":false},"featured_media":909,"comment_status":"closed","ping_status":"closed","template":"","meta":{"_kad_blocks_custom_css":"","_kad_blocks_head_custom_js":"","_kad_blocks_body_custom_js":"","_kad_blocks_footer_custom_js":""},"product_brand":[],"product_cat":[28,29],"product_tag":[],"class_list":{"0":"post-4252","1":"product","2":"type-product","3":"status-publish","4":"has-post-thumbnail","6":"product_cat-pufy","7":"product_cat-pufy-pilki","8":"wcpa_has_options","10":"first","11":"instock","12":"purchasable","13":"product-type-simple"},"taxonomy_info":{"product_cat":[{"value":28,"label":"Pufy"},{"value":29,"label":"Pufy Pi\u0142ki"}]},"featured_image_src_large":["https:\/\/homebyvm.com\/wp-content\/uploads\/2023\/05\/export-23-1024x1024.jpg",1024,1024,true],"author_info":[],"comment_info":0,"_links":{"self":[{"href":"https:\/\/homebyvm.com\/lt\/wp-json\/wp\/v2\/product\/4252","targetHints":{"allow":["GET"]}}],"collection":[{"href":"https:\/\/homebyvm.com\/lt\/wp-json\/wp\/v2\/product"}],"about":[{"href":"https:\/\/homebyvm.com\/lt\/wp-json\/wp\/v2\/types\/product"}],"replies":[{"embeddable":true,"href":"https:\/\/homebyvm.com\/lt\/wp-json\/wp\/v2\/comments?post=4252"}],"wp:featuredmedia":[{"embeddable":true,"href":"https:\/\/homebyvm.com\/lt\/wp-json\/wp\/v2\/media\/909"}],"wp:attachment":[{"href":"https:\/\/homebyvm.com\/lt\/wp-json\/wp\/v2\/media?parent=4252"}],"wp:term":[{"taxonomy":"product_brand","embeddable":true,"href":"https:\/\/homebyvm.com\/lt\/wp-json\/wp\/v2\/product_brand?post=4252"},{"taxonomy":"product_cat","embeddable":true,"href":"https:\/\/homebyvm.com\/lt\/wp-json\/wp\/v2\/product_cat?post=4252"},{"taxonomy":"product_tag","embeddable":true,"href":"https:\/\/homebyvm.com\/lt\/wp-json\/wp\/v2\/product_tag?post=4252"}],"curies":[{"name":"wp","href":"https:\/\/api.w.org\/{rel}","templated":true}]}}