{"id":4258,"date":"2023-07-21T23:10:05","date_gmt":"2023-07-21T23:10:05","guid":{"rendered":"https:\/\/homebyvm.com\/produktas\/pilka-nozna-l-mam-marzenia-apis\/"},"modified":"2024-12-23T13:30:28","modified_gmt":"2024-12-23T13:30:28","slug":"pilka-nozna-l-mam-marzenia-apis","status":"publish","type":"product","link":"https:\/\/homebyvm.com\/lt\/produktas\/pilka-nozna-l-mam-marzenia-apis\/","title":{"rendered":"Futbolas L - A\u0161 turiu svajoni\u0173 APIS"},"content":{"rendered":"<p>Futbolas L pufas futbolo m\u0117g\u0117jams<br \/>\n\"Football Puff L\" puikiai tinka jaunojo futbolo gerb\u0117jo kambariui. \u0160is stilingas baldas puikiai atrodo ir yra puiki vieta atsipalaiduoti. Vir\u0161utinis u\u017evalkalas pagamintas i\u0161 ekologi\u0161kos odos, o vidus u\u017epildytas polistireno granul\u0117mis, tod\u0117l ant jo labai patogu s\u0117d\u0117ti. Granuliato u\u017epildas prisitaiko prie k\u016bno formos, tod\u0117l ant pufo ils\u0117tis patogiau. Ekologi\u0161kos odos u\u017evalkalas labai atsparus trin\u010diai ir j\u012f labai lengva valyti. L dyd\u017eio versija idealiai tinka net ir auk\u0161tesniems \u017emon\u0117ms. Jei norite i\u0161skirtinai \u012frengti vaiko kambar\u012f, verta atkreipti d\u0117mes\u012f \u012f \u012fdomaus dizaino baldus. Jie gali pakeisti interjer\u0105 ir padaryti j\u012f daug gra\u017eesn\u012f.<br \/>\nIki \u0161iol man\u0117te, kad ne\u012fmanoma \u012frengti ma\u017eojo sporto aistruolio kambario taip, kad jis b\u016bt\u0173 funkcionalus ir kartu susij\u0119s su jo m\u0117gstama sporto \u0161aka? Tuomet esame \u012fsitikin\u0119, kad m\u016bs\u0173 asortimentas greitai pakeis j\u016bs\u0173 nuomon\u0119! Futbolo kamuolio formos pufas tikrai prad\u017eiugins j\u016bs\u0173 vaik\u0105, o j\u016bs b\u016bsite tikri, kad jo miegamojo interjerui \u012frengti naudojote auk\u0161\u010diausios kokyb\u0117s baldus ir aksesuarus. Taip yra tod\u0117l, kad \"pufy.pl\" parodome, jog niekas netrukdo baldams, kurie ne tik atlieka savo pagrindines funkcijas, bet ir gali b\u016bti laikui nepavaldi puo\u0161mena. O \u0161is unikalus rutulys yra puikus to pavyzdys! \u012evairi\u0173 spalv\u0173 variant\u0173 modelis atrodo gra\u017eiai, bet neatrodo nuobod\u017eiai.<br \/>\nKadangi \u0161is baldas pagamintas i\u0161 ekologi\u0161kos odos, jis tarnaus itin ilgai. Jums nereik\u0117s nerimauti, kad po keli\u0173 savai\u010di\u0173 naudojimo teks skubiai keisti \u0161\u012f kamuol\u012f. Tinkamai pri\u017ei\u016brimas jis tikrai tarnaus bent kelerius metus!<br \/>\nMed\u017eiagos savyb\u0117s<\/p>","protected":false},"excerpt":{"rendered":"<p>Pufa Pi\u0142ka No\u017cna L pufa dla mi\u0142o\u015bnik\u00f3w futbolu Pufa Pi\u0142ka No\u017cna L idealnie sprawdzi si\u0119 w pokoju m\u0142odego fana pi\u0142ki no\u017cnej. Stylowy mebel \u015bwietnie si\u0119 prezentuje oraz jest idealnym miejscem do relaksu. Wykonanie wierzchniego pokrycia z ekosk\u00f3ry oraz wype\u0142nienie wn\u0119trza granulatem styropianowym zapewnia bardzo wysok\u0105 wygod\u0119 podczas siedzenia. Granulat wype\u0142niaj\u0105cy mebel dopasowuje si\u0119 do kszta\u0142tu [&hellip;]<\/p>\n","protected":false},"featured_media":927,"comment_status":"closed","ping_status":"closed","template":"","meta":{"_kad_blocks_custom_css":"","_kad_blocks_head_custom_js":"","_kad_blocks_body_custom_js":"","_kad_blocks_footer_custom_js":""},"product_brand":[],"product_cat":[28,29],"product_tag":[],"class_list":{"0":"post-4258","1":"product","2":"type-product","3":"status-publish","4":"has-post-thumbnail","6":"product_cat-pufy","7":"product_cat-pufy-pilki","8":"wcpa_has_options","10":"first","11":"instock","12":"purchasable","13":"product-type-simple"},"taxonomy_info":{"product_cat":[{"value":28,"label":"Pufy"},{"value":29,"label":"Pufy Pi\u0142ki"}]},"featured_image_src_large":["https:\/\/homebyvm.com\/wp-content\/uploads\/2023\/05\/export-41-1024x1024.jpg",1024,1024,true],"author_info":[],"comment_info":0,"_links":{"self":[{"href":"https:\/\/homebyvm.com\/lt\/wp-json\/wp\/v2\/product\/4258","targetHints":{"allow":["GET"]}}],"collection":[{"href":"https:\/\/homebyvm.com\/lt\/wp-json\/wp\/v2\/product"}],"about":[{"href":"https:\/\/homebyvm.com\/lt\/wp-json\/wp\/v2\/types\/product"}],"replies":[{"embeddable":true,"href":"https:\/\/homebyvm.com\/lt\/wp-json\/wp\/v2\/comments?post=4258"}],"wp:featuredmedia":[{"embeddable":true,"href":"https:\/\/homebyvm.com\/lt\/wp-json\/wp\/v2\/media\/927"}],"wp:attachment":[{"href":"https:\/\/homebyvm.com\/lt\/wp-json\/wp\/v2\/media?parent=4258"}],"wp:term":[{"taxonomy":"product_brand","embeddable":true,"href":"https:\/\/homebyvm.com\/lt\/wp-json\/wp\/v2\/product_brand?post=4258"},{"taxonomy":"product_cat","embeddable":true,"href":"https:\/\/homebyvm.com\/lt\/wp-json\/wp\/v2\/product_cat?post=4258"},{"taxonomy":"product_tag","embeddable":true,"href":"https:\/\/homebyvm.com\/lt\/wp-json\/wp\/v2\/product_tag?post=4258"}],"curies":[{"name":"wp","href":"https:\/\/api.w.org\/{rel}","templated":true}]}}