{"id":4259,"date":"2023-07-21T23:10:05","date_gmt":"2023-07-21T23:10:05","guid":{"rendered":"https:\/\/homebyvm.com\/produktas\/pufa-pilka-nozna-m-mix-amore\/"},"modified":"2024-12-23T13:30:27","modified_gmt":"2024-12-23T13:30:27","slug":"pufa-pilka-nozna-m-mix-amore","status":"publish","type":"product","link":"https:\/\/homebyvm.com\/lt\/produktas\/pufa-pilka-nozna-m-mix-amore\/","title":{"rendered":"Futbolo kamuolys Puff M MIX Amore"},"content":{"rendered":"<p>Pleistr\u0173 spalvos parenkamos atsitiktine tvarka.Football Puff M MIX Amore<br \/>\nPatogus fotelis yra labai svarbus bet kokio interjero elementas. Jo d\u0117ka galite pails\u0117ti ir atsipalaiduoti po sunkios dienos. Specialiai sporto gerb\u0117jams buvo sukurtas pufas Football M, kuris yra stilingas priedas ne tik vaiko kambariui. Jis pravers ir svetain\u0117je, kur tarnaus kaip vieta atsipalaiduoti ir kartu pabr\u0117\u0161, kad namuose gyvena i\u0161tikimas futbolo sirgalius. Baldo korpusas pagamintas i\u0161 i\u0161vaizd\u017eios \"Amore\" med\u017eiagos. Jo vidus u\u017epildytas polistireno granul\u0117mis, kurios nealergizuoja ir nesukelia alergini\u0173 reakcij\u0173, ta\u010diau labai prisideda prie s\u0117dyn\u0117s patogumo.<br \/>\nPufas prisitaiko prie k\u016bno formos ir leid\u017eia kiekvienam \u017emogui u\u017eimti patogi\u0105 pad\u0117t\u012f. M dydis skirtas naudoti vidutinio \u016bgio \u017emon\u0117ms. Susipa\u017einkite su kitais puf\u0173 modeliais, kuriuos rasite m\u016bs\u0173 parduotuv\u0117je. Krep\u0161inio sirgaliai taip pat ras k\u0105 nors sau.<br \/>\nKadangi \u0161is variantas pritaikytas naudoti vidutinio \u016bgio \u017emon\u0117ms, j\u012f s\u0117kmingai gali naudoti ir suaugusieji, ir patys ma\u017eiausieji. Ta\u010diau \"Mix Amore\" futbolo kamuolio formos pufas bus puiki ma\u017e\u0173j\u0173 futbolo sirgali\u0173 kambari\u0173 interjero puo\u0161mena. Pufai atrodo itin savitai ir yra toki\u0173 gra\u017ei\u0173 spalv\u0173, kad \u0161is baldas neabejotinai pasirodys es\u0105s tiesiog tobulas bet kurio vaiko interjero priedas.<br \/>\nO gaminant j\u012f i\u0161 auk\u0161tos kokyb\u0117s ingredient\u0173 bus u\u017etikrintas kasdienis \u0161io baldo patogumas ir, beje, ilgaam\u017ei\u0161kumas! Iki \u0161iol kiekvienas j\u016bs\u0173 \u012fsigytas pufas labai greitai prarasdavo apimt\u012f ir nebeatrod\u0117 taip gra\u017eiai kaip anks\u010diau? Tuomet garantuojame, kad su m\u016bs\u0173 gaminiais jis bus visi\u0161kai kitoks. Ir visa tai d\u0117l to, kad jie sukurti skiriant d\u0117mes\u012f kiekvienai, net ir menkiausiai detalei. Lop\u0173 spalvos parenkamos atsitiktinai, tod\u0117l galite b\u016bti tikri, kad investuojate \u012f unikalius ir ne\u012fprastus savo nam\u0173 baldus.<br \/>\nMed\u017eiagos savyb\u0117s<\/p>","protected":false},"excerpt":{"rendered":"<p>Kolory \u0142atek wybierane s\u0105 losowo.Pufa Pi\u0142ka No\u017cna M MIX Amore Wygodny fotel jest bardzo istotnym dodatkiem do ka\u017cdego wn\u0119trza. Dzi\u0119ki niemu mo\u017cna w wypocz\u0105\u0107 i zrelaksowa\u0107 si\u0119 po ci\u0119\u017ckim dniu. Specjalnie dla fan\u00f3w sportu powsta\u0142a pufa Pi\u0142ka No\u017cna M, kt\u00f3ra jest stylowym dodatkiem nie tylko do pokoju dzieci\u0119cego. Sprawdzi si\u0119 r\u00f3wnie\u017c w salonie, gdzie pos\u0142u\u017cy [&hellip;]<\/p>\n","protected":false},"featured_media":930,"comment_status":"closed","ping_status":"open","template":"","meta":{"_kad_blocks_custom_css":"","_kad_blocks_head_custom_js":"","_kad_blocks_body_custom_js":"","_kad_blocks_footer_custom_js":""},"product_brand":[],"product_cat":[28,29],"product_tag":[],"class_list":{"0":"post-4259","1":"product","2":"type-product","3":"status-publish","4":"has-post-thumbnail","6":"product_cat-pufy","7":"product_cat-pufy-pilki","8":"wcpa_has_options","10":"first","11":"instock","12":"purchasable","13":"product-type-simple"},"taxonomy_info":{"product_cat":[{"value":28,"label":"Pufy"},{"value":29,"label":"Pufy Pi\u0142ki"}]},"featured_image_src_large":["https:\/\/homebyvm.com\/wp-content\/uploads\/2023\/05\/export-44-1024x1024.jpg",1024,1024,true],"author_info":[],"comment_info":0,"_links":{"self":[{"href":"https:\/\/homebyvm.com\/lt\/wp-json\/wp\/v2\/product\/4259","targetHints":{"allow":["GET"]}}],"collection":[{"href":"https:\/\/homebyvm.com\/lt\/wp-json\/wp\/v2\/product"}],"about":[{"href":"https:\/\/homebyvm.com\/lt\/wp-json\/wp\/v2\/types\/product"}],"replies":[{"embeddable":true,"href":"https:\/\/homebyvm.com\/lt\/wp-json\/wp\/v2\/comments?post=4259"}],"wp:featuredmedia":[{"embeddable":true,"href":"https:\/\/homebyvm.com\/lt\/wp-json\/wp\/v2\/media\/930"}],"wp:attachment":[{"href":"https:\/\/homebyvm.com\/lt\/wp-json\/wp\/v2\/media?parent=4259"}],"wp:term":[{"taxonomy":"product_brand","embeddable":true,"href":"https:\/\/homebyvm.com\/lt\/wp-json\/wp\/v2\/product_brand?post=4259"},{"taxonomy":"product_cat","embeddable":true,"href":"https:\/\/homebyvm.com\/lt\/wp-json\/wp\/v2\/product_cat?post=4259"},{"taxonomy":"product_tag","embeddable":true,"href":"https:\/\/homebyvm.com\/lt\/wp-json\/wp\/v2\/product_tag?post=4259"}],"curies":[{"name":"wp","href":"https:\/\/api.w.org\/{rel}","templated":true}]}}