{"id":4263,"date":"2023-07-21T23:10:05","date_gmt":"2023-07-21T23:10:05","guid":{"rendered":"https:\/\/homebyvm.com\/produktas\/fotel-maxi-poliester\/"},"modified":"2024-12-23T13:30:28","modified_gmt":"2024-12-23T13:30:28","slug":"fotel-maxi-poliester","status":"publish","type":"product","link":"https:\/\/homebyvm.com\/lt\/produktas\/fotel-maxi-poliester\/","title":{"rendered":"\"Maxi\" poliesterio fotelis"},"content":{"rendered":"<p>Didelis fotelis pufas \"Maxi Polyester<br \/>\n\"Sako\" krep\u0161iai sulaukia nebl\u0117stan\u010dio populiarumo. Taip yra d\u0117l j\u0173 patogumo ir funkcionalumo. Maxi poliesterio fotel\u012f galima laisvai formuoti, atsi\u017evelgiant \u012f norim\u0105 u\u017eimti pad\u0117t\u012f. M\u016bs\u0173 parduotuv\u0117je pristatomo didelio pufo pagrindas yra 140 cm, o auk\u0161tis - 70 cm. Didelis dydis rei\u0161kia, kad suaugusieji puikiai praleis laik\u0105 ils\u0117damiesi ant jo, o vaikai tur\u0117s daug vietos \u017eaidimams. Ji puikiai tiks kaip fotelis, s\u0117dmai\u0161is ar net dviviet\u0117 sofa, ant kurios galima patogiai \u017ei\u016br\u0117ti film\u0105 ir atsipalaiduoti po darbo.<br \/>\nPoliesterio u\u017evalkalas yra patvarus ir atsparus purvui. J\u012f lengva valyti, tod\u0117l \u0161is baldas puikiai tiks vaik\u0173 kambaryje. M\u016bs\u0173 didel\u012f puf\u0105 galima naudoti mokymuisi, \u017eaidimams ir poilsiui. Jis idealiai tinka tiek skaitant knyg\u0105, tiek \u017ei\u016brint film\u0105 ar \u017eaid\u017eiant pulteliu. Jis taip pat puikiai tinka n\u0117\u0161\u010diosioms, kurios gali u\u017eimti patogi\u0105 pad\u0117t\u012f net ir augant pilvukui ir esant dideliam k\u016bno \u012ftempimui. M\u016bs\u0173 didel\u012f puf\u0105 taip pat galima naudoti kaip viet\u0105 ma\u017eyliui pamaitinti po jo gimimo.<br \/>\nMed\u017eiagos savyb\u0117s<\/p>","protected":false},"excerpt":{"rendered":"<p>Du\u017ca pufa Fotel Maxi Poliester Worki Sako ciesz\u0105 si\u0119 nies\u0142abn\u0105cym zainteresowaniem. Jest to spowodowane ich komfortem oraz funkcjonalno\u015bci\u0105. Fotel Maxi Poliester mo\u017cna dowolnie kszta\u0142towa\u0107 w zale\u017cno\u015bci od pozycji, jak\u0105 chce si\u0119 przybra\u0107.\u00a0Prezentowana przez nasz sklep du\u017ca pufa ma\u00a0140 centymetr\u00f3w podstawy i 70 centymetr\u00f3w wysoko\u015bci. Jego du\u017ce rozmiary sprawiaj\u0105, \u017ce doro\u015bli \u015bwietnie na nim wypoczn\u0105, a [&hellip;]<\/p>\n","protected":false},"featured_media":942,"comment_status":"closed","ping_status":"open","template":"","meta":{"_kad_blocks_custom_css":"","_kad_blocks_head_custom_js":"","_kad_blocks_body_custom_js":"","_kad_blocks_footer_custom_js":""},"product_brand":[],"product_cat":[30],"product_tag":[],"class_list":{"0":"post-4263","1":"product","2":"type-product","3":"status-publish","4":"has-post-thumbnail","6":"product_cat-fotele","7":"wcpa_has_options","9":"first","10":"instock","11":"purchasable","12":"product-type-simple"},"taxonomy_info":{"product_cat":[{"value":30,"label":"Fotele"}]},"featured_image_src_large":["https:\/\/homebyvm.com\/wp-content\/uploads\/2023\/05\/export-56-1024x1024.jpg",1024,1024,true],"author_info":[],"comment_info":0,"_links":{"self":[{"href":"https:\/\/homebyvm.com\/lt\/wp-json\/wp\/v2\/product\/4263","targetHints":{"allow":["GET"]}}],"collection":[{"href":"https:\/\/homebyvm.com\/lt\/wp-json\/wp\/v2\/product"}],"about":[{"href":"https:\/\/homebyvm.com\/lt\/wp-json\/wp\/v2\/types\/product"}],"replies":[{"embeddable":true,"href":"https:\/\/homebyvm.com\/lt\/wp-json\/wp\/v2\/comments?post=4263"}],"wp:featuredmedia":[{"embeddable":true,"href":"https:\/\/homebyvm.com\/lt\/wp-json\/wp\/v2\/media\/942"}],"wp:attachment":[{"href":"https:\/\/homebyvm.com\/lt\/wp-json\/wp\/v2\/media?parent=4263"}],"wp:term":[{"taxonomy":"product_brand","embeddable":true,"href":"https:\/\/homebyvm.com\/lt\/wp-json\/wp\/v2\/product_brand?post=4263"},{"taxonomy":"product_cat","embeddable":true,"href":"https:\/\/homebyvm.com\/lt\/wp-json\/wp\/v2\/product_cat?post=4263"},{"taxonomy":"product_tag","embeddable":true,"href":"https:\/\/homebyvm.com\/lt\/wp-json\/wp\/v2\/product_tag?post=4263"}],"curies":[{"name":"wp","href":"https:\/\/api.w.org\/{rel}","templated":true}]}}