{"id":4264,"date":"2023-07-21T23:10:14","date_gmt":"2023-07-21T23:10:14","guid":{"rendered":"https:\/\/homebyvm.com\/produktas\/fotel-viper-modern-poliester\/"},"modified":"2024-12-23T13:30:28","modified_gmt":"2024-12-23T13:30:28","slug":"fotel-viper-modern-poliester","status":"publish","type":"product","link":"https:\/\/homebyvm.com\/lt\/produktas\/fotel-viper-modern-poliester\/","title":{"rendered":"\"Viper\" modernus poliesterio fotelis"},"content":{"rendered":"<p>\"Viper\" modernus fotelis<br \/>\nNe\u012fprasta \u0161io modelio forma atitinka naujausias interjero dizaino rinkos tendencijas. Pasaulinio lygio interjero architektai labai noriai \u012ftraukia \u0161io dizaino baldus \u012f savo projektus. Jei svarstote, kokie aksesuarai padarys j\u016bs\u0173 interjer\u0105 madingesn\u012f ir stilingesn\u012f, pataik\u0117te ten, kur reikia - \"Viper Modern Polyester\" fotelis jums tikrai pad\u0117s! Tai puikus b\u016bdas vaiko kambar\u012f paversti ne tik funkcionaliu ir saugiu, bet ir itin stilingu. Leiskite sau pasiduoti laikui nepavaldaus stiliaus ir nepaprasto patogumo deriniui ir pasirinkite \u0161\u012f fotelio model\u012f!<br \/>\n\u012edomu, koki\u0173 kit\u0173 privalum\u0173 turi \"Viper Modern Polyester Armchair\"? \u0160is fotelis pasi\u017eymi ne tik stilingu dizainu ir nepaprastu patogumu, bet ir ypatinga pagaminimo kokybe. J\u012f rankomis pagamino geriausi profesionalai. Jo gamybai naudotos auk\u0161tos kokyb\u0117s med\u017eiagos, kad b\u016bt\u0173 u\u017etikrintas atsparumas dilimui, samanojimui ir pilingui. Viper Modern Polyester fotelis turi PZH sertifikat\u0105, o tai rei\u0161kia, kad jo naudojimas yra visi\u0161kai saugus j\u016bs\u0173 ir j\u016bs\u0173 vaiko sveikatai. Nedvejodami i\u0161sirinkite tai, kas jums labiausiai tinka!<br \/>\nMed\u017eiagos savyb\u0117s<\/p>","protected":false},"excerpt":{"rendered":"<p>Fotel Viper Modern Niezwyk\u0142y kszta\u0142t tego modelu wpisuje si\u0119 w ostatnie trendy na rynku wn\u0119trzarskim. \u015awiatowej klasy architekci wn\u0119trz bardzo ch\u0119tnie umieszczaj\u0105 w swoich projektach meble o takim designie. Je\u015bli zastanawiasz si\u0119, jakie dodatki uczyni\u0105 Twoje wn\u0119trze bardziej modnym i stylowym, to doskonale trafi\u0142e\u015b \u2013 Fotel Viper Modern Poliester z pewno\u015bci\u0105 Ci w tym pomo\u017ce! [&hellip;]<\/p>\n","protected":false},"featured_media":945,"comment_status":"closed","ping_status":"open","template":"","meta":{"_kad_blocks_custom_css":"","_kad_blocks_head_custom_js":"","_kad_blocks_body_custom_js":"","_kad_blocks_footer_custom_js":""},"product_brand":[],"product_cat":[30],"product_tag":[],"class_list":{"0":"post-4264","1":"product","2":"type-product","3":"status-publish","4":"has-post-thumbnail","6":"product_cat-fotele","7":"wcpa_has_options","9":"first","10":"instock","11":"purchasable","12":"product-type-simple"},"taxonomy_info":{"product_cat":[{"value":30,"label":"Fotele"}]},"featured_image_src_large":["https:\/\/homebyvm.com\/wp-content\/uploads\/2023\/05\/export-59-1024x1024.jpg",1024,1024,true],"author_info":[],"comment_info":0,"_links":{"self":[{"href":"https:\/\/homebyvm.com\/lt\/wp-json\/wp\/v2\/product\/4264","targetHints":{"allow":["GET"]}}],"collection":[{"href":"https:\/\/homebyvm.com\/lt\/wp-json\/wp\/v2\/product"}],"about":[{"href":"https:\/\/homebyvm.com\/lt\/wp-json\/wp\/v2\/types\/product"}],"replies":[{"embeddable":true,"href":"https:\/\/homebyvm.com\/lt\/wp-json\/wp\/v2\/comments?post=4264"}],"wp:featuredmedia":[{"embeddable":true,"href":"https:\/\/homebyvm.com\/lt\/wp-json\/wp\/v2\/media\/945"}],"wp:attachment":[{"href":"https:\/\/homebyvm.com\/lt\/wp-json\/wp\/v2\/media?parent=4264"}],"wp:term":[{"taxonomy":"product_brand","embeddable":true,"href":"https:\/\/homebyvm.com\/lt\/wp-json\/wp\/v2\/product_brand?post=4264"},{"taxonomy":"product_cat","embeddable":true,"href":"https:\/\/homebyvm.com\/lt\/wp-json\/wp\/v2\/product_cat?post=4264"},{"taxonomy":"product_tag","embeddable":true,"href":"https:\/\/homebyvm.com\/lt\/wp-json\/wp\/v2\/product_tag?post=4264"}],"curies":[{"name":"wp","href":"https:\/\/api.w.org\/{rel}","templated":true}]}}