{"id":4265,"date":"2023-07-21T23:10:14","date_gmt":"2023-07-21T23:10:14","guid":{"rendered":"https:\/\/homebyvm.com\/produktas\/fotel-solid-modern-poliester\/"},"modified":"2024-12-23T13:30:28","modified_gmt":"2024-12-23T13:30:28","slug":"fotel-solid-modern-poliester","status":"publish","type":"product","link":"https:\/\/homebyvm.com\/lt\/produktas\/fotel-solid-modern-poliester\/","title":{"rendered":"Solid Modern Polyester fotelis"},"content":{"rendered":"<p>Dizainas DG31 galimas tik su pilnu \u017eiev\u0117s atspaudu (be kamien\u0173 ant s\u0117dyn\u0117s)Solid Modern Armchair\u00a0<br \/>\n\"Solid Modern Polyester\" fotelis - geriausias sprendimas ne\u012fprast\u0105 interjer\u0105 vertinantiems \u017emon\u0117ms. \u0160\u012f fotelio model\u012f rasite net 12 skirting\u0173 versij\u0173. \u017dali lapai, levandos ar \u017eydin\u010dios g\u0117l\u0117s - puikus pasirinkimas g\u0117li\u0173 motyvais dekoruot\u0173 kambari\u0173 gerb\u0117jams. Kita vertus, foteliai su abstraktesniais ra\u0161tais yra sprendimas \u017emon\u0117ms, m\u0117gstantiems ne\u012fprastus ir spalvingus interjerus. Galima rinktis i\u0161 tiek daug ra\u0161t\u0173 ir spalv\u0173, kad tikrai rasite sau tinkam\u0105 fotel\u012f!<br \/>\n\"Solid Modern Polyester\" yra ne tik fantasti\u0161ko dizaino, bet ir itin patogus k\u0117d\u0117s modelis. D\u0117l atlo\u0161o formos s\u0117d\u0117ti ne\u012ftik\u0117tinai patogu ir malonu. Tai ideali vieta vakare \u017ei\u016br\u0117ti televizijos serialus arba atsipalaiduoti su knyga. \u0160\u012f gamin\u012f rankomis pasiuvo lenk\u0173 gamintojas - tod\u0117l galite b\u016bti tikri, kad kiekviename gamybos etape r\u016bpinamasi kiekviena detale. Leiskite sau pasilepinti auk\u0161\u010diausio lygio komfortu su \"Solid Modern Polyester\" foteliu!<br \/>\nMed\u017eiagos savyb\u0117s<\/p>","protected":false},"excerpt":{"rendered":"<p>Wz\u00f3r DG31 dost\u0119pny tylko w ca\u0142o\u015bciowym nadruku z kory (bez pni na siedzisku)Fotel Solid Modern\u00a0 Fotel Solid Modern Poliester to najlepsze rozwi\u0105zanie dla ludzi ceni\u0105cych sobie niezwyk\u0142e wn\u0119trza. Ten model fotela znajdziesz w a\u017c 12 r\u00f3\u017cnych wydaniach. Zielone li\u015bcie, lawenda b\u0105d\u017a kwiaty kwitn\u0105cej li\u015bci to doskona\u0142y wyb\u00f3r dla fan\u00f3w pomieszcze\u0144 z ro\u015blinnymi motywami. Natomiast fotele [&hellip;]<\/p>\n","protected":false},"featured_media":948,"comment_status":"closed","ping_status":"open","template":"","meta":{"_kad_blocks_custom_css":"","_kad_blocks_head_custom_js":"","_kad_blocks_body_custom_js":"","_kad_blocks_footer_custom_js":""},"product_brand":[],"product_cat":[30],"product_tag":[],"class_list":{"0":"post-4265","1":"product","2":"type-product","3":"status-publish","4":"has-post-thumbnail","6":"product_cat-fotele","7":"wcpa_has_options","9":"first","10":"instock","11":"purchasable","12":"product-type-simple"},"taxonomy_info":{"product_cat":[{"value":30,"label":"Fotele"}]},"featured_image_src_large":["https:\/\/homebyvm.com\/wp-content\/uploads\/2023\/05\/export-62-1024x1024.jpg",1024,1024,true],"author_info":[],"comment_info":0,"_links":{"self":[{"href":"https:\/\/homebyvm.com\/lt\/wp-json\/wp\/v2\/product\/4265","targetHints":{"allow":["GET"]}}],"collection":[{"href":"https:\/\/homebyvm.com\/lt\/wp-json\/wp\/v2\/product"}],"about":[{"href":"https:\/\/homebyvm.com\/lt\/wp-json\/wp\/v2\/types\/product"}],"replies":[{"embeddable":true,"href":"https:\/\/homebyvm.com\/lt\/wp-json\/wp\/v2\/comments?post=4265"}],"wp:featuredmedia":[{"embeddable":true,"href":"https:\/\/homebyvm.com\/lt\/wp-json\/wp\/v2\/media\/948"}],"wp:attachment":[{"href":"https:\/\/homebyvm.com\/lt\/wp-json\/wp\/v2\/media?parent=4265"}],"wp:term":[{"taxonomy":"product_brand","embeddable":true,"href":"https:\/\/homebyvm.com\/lt\/wp-json\/wp\/v2\/product_brand?post=4265"},{"taxonomy":"product_cat","embeddable":true,"href":"https:\/\/homebyvm.com\/lt\/wp-json\/wp\/v2\/product_cat?post=4265"},{"taxonomy":"product_tag","embeddable":true,"href":"https:\/\/homebyvm.com\/lt\/wp-json\/wp\/v2\/product_tag?post=4265"}],"curies":[{"name":"wp","href":"https:\/\/api.w.org\/{rel}","templated":true}]}}