{"id":4276,"date":"2023-07-21T23:10:14","date_gmt":"2023-07-21T23:10:14","guid":{"rendered":"https:\/\/homebyvm.com\/produktas\/fotel-yoko-modern-plusz\/"},"modified":"2024-12-23T13:30:29","modified_gmt":"2024-12-23T13:30:29","slug":"fotel-yoko-modern-plusz","status":"publish","type":"product","link":"https:\/\/homebyvm.com\/lt\/produktas\/fotel-yoko-modern-plusz\/","title":{"rendered":"\"Yoko Modern Plush\" fotelis"},"content":{"rendered":"<p>\"Yoko Modern Plush\" fotelis<br \/>\n\u012esitaisykite patogiame fotelio \"Yoko Modern Plush\", pasi\u016btame i\u0161 labai malonaus liesti pliu\u0161inio audinio, ir m\u0117gaukit\u0117s palaimingu tinginiavimu su knyga ar puodeliu kavos. Pristatomas modelis yra nauja patogaus ir gerai \u017einomo \"Yoko\" modelio versija. Didelis pufas, kurio matmenys 70 x 75 cm, turi puikiai suformuot\u0105 s\u0117dim\u0105j\u0105 dal\u012f ir auk\u0161t\u0105 atlo\u0161\u0105, tod\u0117l tai ne tik itin patogi poilsio vieta, bet ir puikus bei originalus dekoratyvinis elementas d\u0117l spalvingo audinio ra\u0161to. Pufas atliks savo paskirt\u012f tiek svetain\u0117je, tiek vaik\u0173 ar jaunimo kambaryje.<br \/>\n\u0160iuolaikinis \"Yoko Modern Plusz\" fotelis su granuli\u0173 u\u017epildu puikiai prisitaiko prie k\u016bno formos, puikiai j\u012f palaiko, tod\u0117l u\u017etikrina didel\u012f naudojimo komfort\u0105. Lenk\u0173 gamintojo kruop\u0161\u010diai pagamintas pufas yra trij\u0173 atspalvi\u0173 i\u0161 auk\u0161tos kokyb\u0117s \"Modern Plush\" med\u017eiagos. Be to, j\u012f labai lengva valyti, nes turi nuimam\u0105 u\u017evalkal\u0105. Be to, pufas turi \u012fsi\u016bt\u0105 patogi\u0105 ranken\u0117l\u0119, kuri leid\u017eia be nereikaling\u0173 pastang\u0173 perkelti puf\u0105 \u012f kit\u0105 viet\u0105.<br \/>\nMed\u017eiagos savyb\u0117s<\/p>","protected":false},"excerpt":{"rendered":"<p>Fotel Yoko Modern Plusz Zanurz si\u0119 w wygodnym fotelu Yoko Modern Plusz, uszytym z bardzo przyjemnej w dotyku pluszowej tkaniny i oddaj si\u0119 b\u0142ogiemu leniuchowaniu z ksi\u0105\u017ck\u0105 lub kubkiem kawy. Prezentowany model to nowa ods\u0142ona wygodnego i znanego ju\u017c modelu Yoko. Du\u017ca pufa o wymiarach 70 x 75 centymetr\u00f3w ma doskonale zarysowan\u0105 cz\u0119\u015b\u0107 siedz\u0105c\u0105 oraz [&hellip;]<\/p>\n","protected":false},"featured_media":981,"comment_status":"closed","ping_status":"open","template":"","meta":{"_kad_blocks_custom_css":"","_kad_blocks_head_custom_js":"","_kad_blocks_body_custom_js":"","_kad_blocks_footer_custom_js":""},"product_brand":[],"product_cat":[30],"product_tag":[],"class_list":{"0":"post-4276","1":"product","2":"type-product","3":"status-publish","4":"has-post-thumbnail","6":"product_cat-fotele","7":"wcpa_has_options","9":"first","10":"instock","11":"purchasable","12":"product-type-simple"},"taxonomy_info":{"product_cat":[{"value":30,"label":"Fotele"}]},"featured_image_src_large":["https:\/\/homebyvm.com\/wp-content\/uploads\/2023\/05\/export-95-1024x1024.jpg",1024,1024,true],"author_info":[],"comment_info":0,"_links":{"self":[{"href":"https:\/\/homebyvm.com\/lt\/wp-json\/wp\/v2\/product\/4276","targetHints":{"allow":["GET"]}}],"collection":[{"href":"https:\/\/homebyvm.com\/lt\/wp-json\/wp\/v2\/product"}],"about":[{"href":"https:\/\/homebyvm.com\/lt\/wp-json\/wp\/v2\/types\/product"}],"replies":[{"embeddable":true,"href":"https:\/\/homebyvm.com\/lt\/wp-json\/wp\/v2\/comments?post=4276"}],"wp:featuredmedia":[{"embeddable":true,"href":"https:\/\/homebyvm.com\/lt\/wp-json\/wp\/v2\/media\/981"}],"wp:attachment":[{"href":"https:\/\/homebyvm.com\/lt\/wp-json\/wp\/v2\/media?parent=4276"}],"wp:term":[{"taxonomy":"product_brand","embeddable":true,"href":"https:\/\/homebyvm.com\/lt\/wp-json\/wp\/v2\/product_brand?post=4276"},{"taxonomy":"product_cat","embeddable":true,"href":"https:\/\/homebyvm.com\/lt\/wp-json\/wp\/v2\/product_cat?post=4276"},{"taxonomy":"product_tag","embeddable":true,"href":"https:\/\/homebyvm.com\/lt\/wp-json\/wp\/v2\/product_tag?post=4276"}],"curies":[{"name":"wp","href":"https:\/\/api.w.org\/{rel}","templated":true}]}}