{"id":4277,"date":"2023-07-21T23:10:14","date_gmt":"2023-07-21T23:10:14","guid":{"rendered":"https:\/\/homebyvm.com\/produktas\/fotel-keiko-s-modern-plusz\/"},"modified":"2024-02-26T12:25:49","modified_gmt":"2024-02-26T12:25:49","slug":"fotel-keiko-s-modern-plusz","status":"publish","type":"product","link":"https:\/\/homebyvm.com\/lt\/produktas\/fotel-keiko-s-modern-plusz\/","title":{"rendered":"Keiko S Modern Plush fotelis"},"content":{"rendered":"<p>Keiko Modern S Pliu\u0161inis fotelis<br \/>\nAtpalaiduojantis fotelis \"Keiko Modern S Plush\" i\u0161siskiria moderniu dizainu ir \u012fdomiu ra\u0161tu. I\u0161 mink\u0161to, \u0161velnaus ir malonaus liesti pliu\u0161o pagamintas paprastos formos fotelis u\u017etikrina labai malon\u0173 poils\u012f dienos metu. Gerai aptaki s\u0117dyn\u0117 skatina poils\u012f, o auk\u0161tas atlo\u0161as puikiai palaiko nugar\u0105, tod\u0117l kaklo, pe\u010di\u0173 ir stuburo raumenys gali atsipalaiduoti. Pristatom\u0105 lenk\u0173 gamintojo pufo model\u012f galima \u012fsigyti vaikams skirtu Ma\u017euoju variantu ir suaugusiesiems skirtu Vidutiniu variantu.<br \/>\n\"Keiko Modern S Plush\" fotelis pagamintas i\u0161 auk\u0161tos kokyb\u0117s pliu\u0161inio audinio su \u017eemu pluo\u0161tu. \u0160is 4 spalv\u0173 \"Modern Plush\" audinio fotelis yra labai funkcionalus ir puikiai tikt\u0173 svetain\u0117je ar vaik\u0173 kambaryje. Funkcionalus fotelis turi nuimam\u0105 u\u017evalkal\u0105, tod\u0117l j\u012f daug lengviau valyti. Modelis turi patogi\u0105 ranken\u0105, tod\u0117l j\u012f galima lengvai perstatyti arba perkelti \u012f kit\u0105 kambar\u012f. Be to, \"Keiko\" fotelis yra sertifikuotas Nacionalinio higienos instituto, tod\u0117l yra saugus vaikams ir alergi\u0161kiems \u017emon\u0117ms.<br \/>\nMed\u017eiagos savyb\u0117s<\/p>","protected":false},"excerpt":{"rendered":"<p>Fotel Keiko Modern S Plusz Relaksuj\u0105cy fotel Keiko Modern S Plusz wyr\u00f3\u017cnia si\u0119 nowoczesnym designem i ciekawym wzornictwem. Wykonany z delikatnego, mi\u0119kkiego i przyjemnego w dotyku pluszu fotel o prostej formie zapewnia bardzo przyjemny odpoczynek w ci\u0105gu dnia. Wyra\u017anie zarysowane siedzisko zach\u0119ca do rekreacji, a wysokie oparcie doskonale podpiera plecy pozwalaj\u0105c na rozlu\u017anienie mi\u0119\u015bni karku, [&hellip;]<\/p>\n","protected":false},"featured_media":984,"comment_status":"closed","ping_status":"open","template":"","meta":{"_kad_blocks_custom_css":"","_kad_blocks_head_custom_js":"","_kad_blocks_body_custom_js":"","_kad_blocks_footer_custom_js":""},"product_brand":[],"product_cat":[30],"product_tag":[],"class_list":{"0":"post-4277","1":"product","2":"type-product","3":"status-publish","4":"has-post-thumbnail","6":"product_cat-fotele","7":"wcpa_has_options","9":"first","10":"outofstock","11":"purchasable","12":"product-type-simple"},"taxonomy_info":{"product_cat":[{"value":30,"label":"Fotele"}]},"featured_image_src_large":["https:\/\/homebyvm.com\/wp-content\/uploads\/2023\/05\/export-98-1024x1024.jpg",1024,1024,true],"author_info":[],"comment_info":0,"_links":{"self":[{"href":"https:\/\/homebyvm.com\/lt\/wp-json\/wp\/v2\/product\/4277","targetHints":{"allow":["GET"]}}],"collection":[{"href":"https:\/\/homebyvm.com\/lt\/wp-json\/wp\/v2\/product"}],"about":[{"href":"https:\/\/homebyvm.com\/lt\/wp-json\/wp\/v2\/types\/product"}],"replies":[{"embeddable":true,"href":"https:\/\/homebyvm.com\/lt\/wp-json\/wp\/v2\/comments?post=4277"}],"wp:featuredmedia":[{"embeddable":true,"href":"https:\/\/homebyvm.com\/lt\/wp-json\/wp\/v2\/media\/984"}],"wp:attachment":[{"href":"https:\/\/homebyvm.com\/lt\/wp-json\/wp\/v2\/media?parent=4277"}],"wp:term":[{"taxonomy":"product_brand","embeddable":true,"href":"https:\/\/homebyvm.com\/lt\/wp-json\/wp\/v2\/product_brand?post=4277"},{"taxonomy":"product_cat","embeddable":true,"href":"https:\/\/homebyvm.com\/lt\/wp-json\/wp\/v2\/product_cat?post=4277"},{"taxonomy":"product_tag","embeddable":true,"href":"https:\/\/homebyvm.com\/lt\/wp-json\/wp\/v2\/product_tag?post=4277"}],"curies":[{"name":"wp","href":"https:\/\/api.w.org\/{rel}","templated":true}]}}