{"id":4278,"date":"2023-07-21T23:10:14","date_gmt":"2023-07-21T23:10:14","guid":{"rendered":"https:\/\/homebyvm.com\/produktas\/fotel-yoko-modern-poliester\/"},"modified":"2024-12-23T13:30:29","modified_gmt":"2024-12-23T13:30:29","slug":"fotel-yoko-modern-poliester","status":"publish","type":"product","link":"https:\/\/homebyvm.com\/lt\/produktas\/fotel-yoko-modern-poliester\/","title":{"rendered":"\"Yoko\" modernus poliesterio fotelis"},"content":{"rendered":"<p>Yoko Modernus fotelis<br \/>\nPatogus ir modernus \"Yoko Modern\" fotelis, kurio matmenys 70 x 75 cm, primena \"Sako\" ir \"Zac\" modelius, ta\u010diau skiriasi nuo j\u0173 savo forma ir spalva. Gerai apibr\u0117\u017eta, plati s\u0117dyn\u0117 ir auk\u0161tas, stabilus atlo\u0161as skatina m\u0117gautis palaimingo atsipalaidavimo akimirkomis tarp \u012ftemptos kasdien\u0117s veiklos. Vizualiai patrauklus poilsio pufas atlieka ir dekoratyvin\u0119 funkcij\u0105. Jis puikiai tinka jaunimo ir vaik\u0173 kambariui, kuriame neabejotinai taps m\u0117gstama \u017eaidim\u0173, mokymosi ir poilsio vieta.<br \/>\nPristatomas modernus fotelis \"Yoko\" yra labai patogus baldas, pagamintas i\u0161 nealergizuojan\u010dio ir lengvai valomo keturi\u0173 spalv\u0173 poliesterio. D\u0117l dviej\u0173 skirting\u0173 apmu\u0161al\u0173 audini\u0173 derinio baldas traukia ak\u012f ir neabejotinai taps bet kurio kambario akcentu. Pristatomas fotelis, kuris yra gerai u\u017epildytas granul\u0117mis, puikiai prisitaiko prie naudotojo k\u016bno formos, u\u017etikrindamas patog\u0173 poils\u012f. Be to, Yoko Modern fotelis turi patogi\u0105 ranken\u0105, kuri leid\u017eia be nereikaling\u0173 pastang\u0173 perkelti bald\u0105 \u012f bet kuri\u0105 viet\u0105.<br \/>\nMed\u017eiagos savyb\u0117s<\/p>","protected":false},"excerpt":{"rendered":"<p>Fotel Yoko Modern Wygodny i nowoczesny fotel Yoko Modern o wymiarach 70 x 75 centymetr\u00f3w przypomina modele Sako oraz Zac, ale r\u00f3\u017cni si\u0119 od nich form\u0105 i kolorystyk\u0105. Wyra\u017anie zarysowane, szerokie siedzisko i wysokie, stabilne oparcie zach\u0119caj\u0105, aby chocia\u017c na chwilk\u0119 odda\u0107 si\u0119 b\u0142ogiemu wypoczynkowi w nat\u0142oku codziennych zaj\u0119\u0107. Atrakcyjna wizualnie pufa relaksacyjna spe\u0142nia r\u00f3wnie\u017c [&hellip;]<\/p>\n","protected":false},"featured_media":987,"comment_status":"closed","ping_status":"open","template":"","meta":{"_kad_blocks_custom_css":"","_kad_blocks_head_custom_js":"","_kad_blocks_body_custom_js":"","_kad_blocks_footer_custom_js":""},"product_brand":[],"product_cat":[30],"product_tag":[],"class_list":{"0":"post-4278","1":"product","2":"type-product","3":"status-publish","4":"has-post-thumbnail","6":"product_cat-fotele","7":"wcpa_has_options","9":"first","10":"instock","11":"purchasable","12":"product-type-simple"},"taxonomy_info":{"product_cat":[{"value":30,"label":"Fotele"}]},"featured_image_src_large":["https:\/\/homebyvm.com\/wp-content\/uploads\/2023\/05\/export-101-1024x1024.jpg",1024,1024,true],"author_info":[],"comment_info":0,"_links":{"self":[{"href":"https:\/\/homebyvm.com\/lt\/wp-json\/wp\/v2\/product\/4278","targetHints":{"allow":["GET"]}}],"collection":[{"href":"https:\/\/homebyvm.com\/lt\/wp-json\/wp\/v2\/product"}],"about":[{"href":"https:\/\/homebyvm.com\/lt\/wp-json\/wp\/v2\/types\/product"}],"replies":[{"embeddable":true,"href":"https:\/\/homebyvm.com\/lt\/wp-json\/wp\/v2\/comments?post=4278"}],"wp:featuredmedia":[{"embeddable":true,"href":"https:\/\/homebyvm.com\/lt\/wp-json\/wp\/v2\/media\/987"}],"wp:attachment":[{"href":"https:\/\/homebyvm.com\/lt\/wp-json\/wp\/v2\/media?parent=4278"}],"wp:term":[{"taxonomy":"product_brand","embeddable":true,"href":"https:\/\/homebyvm.com\/lt\/wp-json\/wp\/v2\/product_brand?post=4278"},{"taxonomy":"product_cat","embeddable":true,"href":"https:\/\/homebyvm.com\/lt\/wp-json\/wp\/v2\/product_cat?post=4278"},{"taxonomy":"product_tag","embeddable":true,"href":"https:\/\/homebyvm.com\/lt\/wp-json\/wp\/v2\/product_tag?post=4278"}],"curies":[{"name":"wp","href":"https:\/\/api.w.org\/{rel}","templated":true}]}}