{"id":4280,"date":"2023-07-21T23:10:14","date_gmt":"2023-07-21T23:10:14","guid":{"rendered":"https:\/\/homebyvm.com\/produktas\/fotel-fumiko-poliester\/"},"modified":"2024-02-26T12:25:49","modified_gmt":"2024-02-26T12:25:49","slug":"fotel-fumiko-poliester","status":"publish","type":"product","link":"https:\/\/homebyvm.com\/lt\/produktas\/fotel-fumiko-poliester\/","title":{"rendered":"Fumiko fotelis Poliesteris"},"content":{"rendered":"<p>Fumiko<br \/>\nPrakti\u0161kas ir funkcionalus \"Fumiko\" fotelis puikiai tinka jaunimo kambariui ir svetainei. I\u0161skleistas pufas tikrai pravers sulaukus nepra\u0161yt\u0173 sve\u010di\u0173 kaip papildoma vieta miegui, taip pat gali b\u016bti naudojamas kaip \u0161ezlongas kasdienio poilsio metu. Kita vertus, sulankstomas \"Fumiko\" fotelis s\u0117kmingai pakeis kietas, nepatogias k\u0117des ar klasikinius fotelius. Stabilus ir tvirtas atlo\u0161as bei mink\u0161ta s\u0117dyn\u0117 skatina poils\u012f ir u\u017etikrina patog\u0173 atsipalaidavim\u0105.<br \/>\n\"Fumiko\" fotelis pripildytas 250 l speciali\u0173 granuli\u0173, kurios spaud\u017eiant prisitaiko prie naudotojo k\u016bno formos, apgaubia j\u012f ir suteikia maloni\u0105, palaiming\u0105 nuotaik\u0105. Be to, u\u017epildas suteikia \u0161ilumos ir gerai izoliuoja nuo \u0161altos \u017eem\u0117s. Modernus fotelis pagamintas i\u0161 poliesterio, kuris yra malonus liesti ir lengvai valomas, be to, j\u012f galima rinktis i\u0161 \u012fvairi\u0173 spalv\u0173, tod\u0117l atspalv\u012f lengvai priderinsite prie savo kambario interjero. Fotelis turi visus patvirtinimus, tod\u0117l juo gali naudotis alergi\u0161ki \u017emon\u0117s ir vaikai.<br \/>\nMed\u017eiagos savyb\u0117s<\/p>","protected":false},"excerpt":{"rendered":"<p>Fumiko Praktyczny i funkcjonalny fotel Fumiko to \u015bwietna propozycja do pokoju m\u0142odzie\u017cowego oraz do salonu. Rozk\u0142adana pufa z pewno\u015bci\u0105 si\u0119 przyda w przypadku odwiedzin niezapowiedzianych go\u015bci jako dodatkowe miejsce do spania, mo\u017ce te\u017c pos\u0142u\u017cy\u0107 jako szezlong podczas codziennego odpoczynku. Natomiast z\u0142o\u017cony fotel Fumiko z powodzeniem zast\u0105pi twarde, niewygodne krzes\u0142a lub klasyczne fotele. Stabilne i wytrzyma\u0142e [&hellip;]<\/p>\n","protected":false},"featured_media":993,"comment_status":"closed","ping_status":"open","template":"","meta":{"_kad_blocks_custom_css":"","_kad_blocks_head_custom_js":"","_kad_blocks_body_custom_js":"","_kad_blocks_footer_custom_js":""},"product_brand":[],"product_cat":[30],"product_tag":[],"class_list":{"0":"post-4280","1":"product","2":"type-product","3":"status-publish","4":"has-post-thumbnail","6":"product_cat-fotele","7":"wcpa_has_options","9":"first","10":"outofstock","11":"purchasable","12":"product-type-simple"},"taxonomy_info":{"product_cat":[{"value":30,"label":"Fotele"}]},"featured_image_src_large":["https:\/\/homebyvm.com\/wp-content\/uploads\/2023\/05\/export-107-1024x1024.jpg",1024,1024,true],"author_info":[],"comment_info":0,"_links":{"self":[{"href":"https:\/\/homebyvm.com\/lt\/wp-json\/wp\/v2\/product\/4280","targetHints":{"allow":["GET"]}}],"collection":[{"href":"https:\/\/homebyvm.com\/lt\/wp-json\/wp\/v2\/product"}],"about":[{"href":"https:\/\/homebyvm.com\/lt\/wp-json\/wp\/v2\/types\/product"}],"replies":[{"embeddable":true,"href":"https:\/\/homebyvm.com\/lt\/wp-json\/wp\/v2\/comments?post=4280"}],"wp:featuredmedia":[{"embeddable":true,"href":"https:\/\/homebyvm.com\/lt\/wp-json\/wp\/v2\/media\/993"}],"wp:attachment":[{"href":"https:\/\/homebyvm.com\/lt\/wp-json\/wp\/v2\/media?parent=4280"}],"wp:term":[{"taxonomy":"product_brand","embeddable":true,"href":"https:\/\/homebyvm.com\/lt\/wp-json\/wp\/v2\/product_brand?post=4280"},{"taxonomy":"product_cat","embeddable":true,"href":"https:\/\/homebyvm.com\/lt\/wp-json\/wp\/v2\/product_cat?post=4280"},{"taxonomy":"product_tag","embeddable":true,"href":"https:\/\/homebyvm.com\/lt\/wp-json\/wp\/v2\/product_tag?post=4280"}],"curies":[{"name":"wp","href":"https:\/\/api.w.org\/{rel}","templated":true}]}}