{"id":4295,"date":"2023-07-21T23:10:17","date_gmt":"2023-07-21T23:10:17","guid":{"rendered":"https:\/\/homebyvm.com\/produktas\/pufa-naomi-poliester\/"},"modified":"2024-12-23T13:30:30","modified_gmt":"2024-12-23T13:30:30","slug":"pufa-naomi-poliester","status":"publish","type":"product","link":"https:\/\/homebyvm.com\/lt\/produktas\/pufa-naomi-poliester\/","title":{"rendered":"Naomi Poliesterio pufas"},"content":{"rendered":"<p>Naomi Poliesterio pufas<br \/>\nJei ie\u0161kote patogaus gulto, kuris puikiai atrodyt\u0173 bet kokiame interjere, net eleganti\u0161koje svetain\u0117je, \"Naomi Polyester Puff\" yra puikus pasirinkimas. J\u012f \u012fkv\u0117p\u0117 aristokratijai b\u016bdingi \u0161ezlongai. Ant jo galite u\u017eimti patogi\u0105, pusiau gulim\u0105 pad\u0117t\u012f, kuri puikiai atpalaiduos k\u016bn\u0105 ir leis raumenims atsipalaiduoti. Klasikin\u0117 \u0161io fotelio forma ir gausus spalv\u0173 pasirinkimas paver\u010dia j\u012f puikiu interjero papildymu, kuriuo mielai naudosis ne tik nami\u0161kiai.<br \/>\n\"Naomi Polyester\" pufas u\u017epildytas polistireno granul\u0117mis. Jis labai elastingas ir plasti\u0161kas, tod\u0117l puikiai prisitaiko prie pad\u0117ties ir suteikia puiki\u0105 atram\u0105. Ta\u010diau d\u0117l granuli\u0173 tankio s\u0117dyn\u0117 nesideformuoja ir vis\u0105 laik\u0105 i\u0161laiko savo form\u0105. Be to, polistireno u\u017epildas labai gerai izoliuoja nuo nuo \u017eem\u0117s krintant\u012f \u0161alt\u012f, tod\u0117l \u0161iltomis dienomis gult\u0105 galima i\u0161ne\u0161ti \u012f teras\u0105. Auk\u0161ta naudot\u0173 med\u017eiag\u0173 kokyb\u0117 rei\u0161kia, kad \"Naomi Polyester Puff\" tikrai tarnaus ilgai.<br \/>\nMed\u017eiagos savyb\u0117s<\/p>","protected":false},"excerpt":{"rendered":"<p>Pufa Naomi Poliester Je\u015bli szukasz wygodnej le\u017canki, kt\u00f3ra \u015bwietnie b\u0119dzie si\u0119 prezentowa\u0107 w ka\u017cdym wn\u0119trzu, nawet eleganckim salonie, to Pufa Naomi Poliester jest doskona\u0142ym wyborem. Inspiracj\u0105 do jej stworzenia by\u0142y charakterystyczne dla arystokracji szezlongi. Mo\u017cna na niej przyj\u0105\u0107 wygodn\u0105, p\u00f3\u0142le\u017c\u0105c\u0105 pozycj\u0119, kt\u00f3ra doskonale odci\u0105\u017cy cia\u0142o i pozwoli si\u0119 mi\u0119\u015bniom zrelaksowa\u0107. Klasyczna forma i bogaty wyb\u00f3r [&hellip;]<\/p>\n","protected":false},"featured_media":1038,"comment_status":"closed","ping_status":"open","template":"","meta":{"_kad_blocks_custom_css":"","_kad_blocks_head_custom_js":"","_kad_blocks_body_custom_js":"","_kad_blocks_footer_custom_js":""},"product_brand":[],"product_cat":[30],"product_tag":[],"class_list":{"0":"post-4295","1":"product","2":"type-product","3":"status-publish","4":"has-post-thumbnail","6":"product_cat-fotele","7":"wcpa_has_options","9":"first","10":"instock","11":"purchasable","12":"product-type-simple"},"taxonomy_info":{"product_cat":[{"value":30,"label":"Fotele"}]},"featured_image_src_large":["https:\/\/homebyvm.com\/wp-content\/uploads\/2023\/05\/export-152-1024x1024.jpg",1024,1024,true],"author_info":[],"comment_info":0,"_links":{"self":[{"href":"https:\/\/homebyvm.com\/lt\/wp-json\/wp\/v2\/product\/4295","targetHints":{"allow":["GET"]}}],"collection":[{"href":"https:\/\/homebyvm.com\/lt\/wp-json\/wp\/v2\/product"}],"about":[{"href":"https:\/\/homebyvm.com\/lt\/wp-json\/wp\/v2\/types\/product"}],"replies":[{"embeddable":true,"href":"https:\/\/homebyvm.com\/lt\/wp-json\/wp\/v2\/comments?post=4295"}],"wp:featuredmedia":[{"embeddable":true,"href":"https:\/\/homebyvm.com\/lt\/wp-json\/wp\/v2\/media\/1038"}],"wp:attachment":[{"href":"https:\/\/homebyvm.com\/lt\/wp-json\/wp\/v2\/media?parent=4295"}],"wp:term":[{"taxonomy":"product_brand","embeddable":true,"href":"https:\/\/homebyvm.com\/lt\/wp-json\/wp\/v2\/product_brand?post=4295"},{"taxonomy":"product_cat","embeddable":true,"href":"https:\/\/homebyvm.com\/lt\/wp-json\/wp\/v2\/product_cat?post=4295"},{"taxonomy":"product_tag","embeddable":true,"href":"https:\/\/homebyvm.com\/lt\/wp-json\/wp\/v2\/product_tag?post=4295"}],"curies":[{"name":"wp","href":"https:\/\/api.w.org\/{rel}","templated":true}]}}