{"id":4296,"date":"2023-07-21T23:10:17","date_gmt":"2023-07-21T23:10:17","guid":{"rendered":"https:\/\/homebyvm.com\/produktas\/fotel-elegant-ekoskora\/"},"modified":"2024-12-23T13:30:30","modified_gmt":"2024-12-23T13:30:30","slug":"fotel-elegant-ekoskora","status":"publish","type":"product","link":"https:\/\/homebyvm.com\/lt\/produktas\/fotel-elegant-ekoskora\/","title":{"rendered":"Eleganti\u0161kas fotelis \"Eco-leather"},"content":{"rendered":"<p>Eleganti\u0161kas fotelis \"Eco-leather<br \/>\n\"Elegant Eco\" odinis fotelis neturi vidinio r\u0117mo, nors yra apgaulingai pana\u0161us \u012f klasikinio r\u0117mo fotelius. Jis sandariai u\u017epildytas smulkiomis polistireno granul\u0117mis, d\u0117l kuri\u0173 tankio puikiai i\u0161laiko form\u0105. Be to, jis turi pagrindin\u012f s\u0117dyni\u0173 su tokio tipo u\u017epildu privalum\u0105. Smulk\u016bs rutuliukai gali \u0161iek tiek jud\u0117ti nuo k\u016bno svorio, tod\u0117l s\u0117dyn\u0117 puikiai prisitaiko prie s\u0117din\u010diojo formos ir u\u017eimamos pad\u0117ties. D\u0117l to ji labai patogi, o k\u016bnas puikiai palaikomas. Auk\u0161tas atlo\u0161as suteikia tikr\u0105 palengv\u0117jim\u0105 po ilgos dienos skaudan\u010dioms nugarai.<br \/>\n\"Elegant Eco-leather\" fotelis pasi\u017eymi minimalistiniu ir paprastu dizainu, kur\u012f puikiai pabr\u0117\u017eia gausus spalv\u0173 pasirinkimas. D\u0117l to jis puikiai der\u0117s originalaus paprastumo ir skandinavi\u0161ko grie\u017etumo kupinuose interjeruose. Energingas atspalvis taps puikiu akcentu ir pabr\u0117\u0161 interjero charakter\u012f. Fotelis pagamintas i\u0161 patvarios ir kokybi\u0161kos eko odos. D\u0117l to ji nesitepa ir nesitrina, o bet kokias d\u0117mes galima lengvai pa\u0161alinti dr\u0117gna kempine.<br \/>\nMed\u017eiagos savyb\u0117s<\/p>","protected":false},"excerpt":{"rendered":"<p>Fotel Elegant Ekosk\u00f3ra Fotel Elegant Ekosk\u00f3ra nie ma wewn\u0119trznego szkieletu, cho\u0107 do z\u0142udzenia przypomina klasyczne fotele na stela\u017cu. Jest wype\u0142niony \u015bci\u015ble drobnym, styropianowym granulatem, kt\u00f3rego g\u0119sto\u015b\u0107 sprawia, \u017ce doskonale zachowuje sw\u00f3j kszta\u0142t. Ma r\u00f3wnie\u017c g\u0142\u00f3wn\u0105 zalet\u0119 siedzisk z tego typu wype\u0142nieniem. Drobne kulki mog\u0105 lekko przesuwa\u0107 si\u0119 pod ci\u0119\u017carem cia\u0142a, wi\u0119c fotel idealnie dopasowuje si\u0119 [&hellip;]<\/p>\n","protected":false},"featured_media":1041,"comment_status":"closed","ping_status":"open","template":"","meta":{"_kad_blocks_custom_css":"","_kad_blocks_head_custom_js":"","_kad_blocks_body_custom_js":"","_kad_blocks_footer_custom_js":""},"product_brand":[],"product_cat":[30],"product_tag":[],"class_list":{"0":"post-4296","1":"product","2":"type-product","3":"status-publish","4":"has-post-thumbnail","6":"product_cat-fotele","7":"wcpa_has_options","9":"first","10":"instock","11":"purchasable","12":"product-type-simple"},"taxonomy_info":{"product_cat":[{"value":30,"label":"Fotele"}]},"featured_image_src_large":["https:\/\/homebyvm.com\/wp-content\/uploads\/2023\/05\/export-155-1024x1024.jpg",1024,1024,true],"author_info":[],"comment_info":0,"_links":{"self":[{"href":"https:\/\/homebyvm.com\/lt\/wp-json\/wp\/v2\/product\/4296","targetHints":{"allow":["GET"]}}],"collection":[{"href":"https:\/\/homebyvm.com\/lt\/wp-json\/wp\/v2\/product"}],"about":[{"href":"https:\/\/homebyvm.com\/lt\/wp-json\/wp\/v2\/types\/product"}],"replies":[{"embeddable":true,"href":"https:\/\/homebyvm.com\/lt\/wp-json\/wp\/v2\/comments?post=4296"}],"wp:featuredmedia":[{"embeddable":true,"href":"https:\/\/homebyvm.com\/lt\/wp-json\/wp\/v2\/media\/1041"}],"wp:attachment":[{"href":"https:\/\/homebyvm.com\/lt\/wp-json\/wp\/v2\/media?parent=4296"}],"wp:term":[{"taxonomy":"product_brand","embeddable":true,"href":"https:\/\/homebyvm.com\/lt\/wp-json\/wp\/v2\/product_brand?post=4296"},{"taxonomy":"product_cat","embeddable":true,"href":"https:\/\/homebyvm.com\/lt\/wp-json\/wp\/v2\/product_cat?post=4296"},{"taxonomy":"product_tag","embeddable":true,"href":"https:\/\/homebyvm.com\/lt\/wp-json\/wp\/v2\/product_tag?post=4296"}],"curies":[{"name":"wp","href":"https:\/\/api.w.org\/{rel}","templated":true}]}}