{"id":4302,"date":"2023-07-21T23:10:17","date_gmt":"2023-07-21T23:10:17","guid":{"rendered":"https:\/\/homebyvm.com\/produktas\/fotel-relax-poliester\/"},"modified":"2024-12-23T13:30:34","modified_gmt":"2024-12-23T13:30:34","slug":"fotel-relax-poliester","status":"publish","type":"product","link":"https:\/\/homebyvm.com\/lt\/produktas\/fotel-relax-poliester\/","title":{"rendered":"Atsipalaidavimo k\u0117d\u0117 Poliesteris"},"content":{"rendered":"<p>Atsipalaidavimo k\u0117d\u0117 Poliesteris<br \/>\nNesvarbu, ar esate puikiai \u012fvald\u0119 atsipalaidavimo men\u0105, ar dar tik mokot\u0117s, \"Relax Polyester\" fotelis yra puikus baldas, ant kurio tikrai atsipalaiduosite. D\u0117l pla\u010dios ir \u017eemai esan\u010dios s\u0117dyn\u0117s \u012f j\u012f maloniai \u012fsitaisysite ir gal\u0117site pamir\u0161ti vis\u0105 pasaul\u012f. Tai puiki vieta ir trumpai pertraukai, ir ilgam vakaro poilsiui. Tod\u0117l \u0161\u012f fotel\u012f galima rasti ne tik priva\u010diuose namuose, bet ir dideli\u0173 korporacij\u0173 poilsio zonose bei darbuotoj\u0173 kambariuose. Juk pails\u0117j\u0119s ir atsipalaidav\u0119s darbuotojas daug efektyviau atlieka savo darb\u0105.<br \/>\n\"Relax Polyester\" fotelis u\u017epildytas polistireno rutuliukais, tod\u0117l j\u012f galima laisvai formuoti. Ant jo galima s\u0117d\u0117ti, gul\u0117ti arba u\u017eimti pusiau gulim\u0105 pad\u0117t\u012f. Kei\u010diant pad\u0117t\u012f, k\u0117d\u0117 prisitaiko prie j\u016bs\u0173 k\u016bno ir bet kokioje situacijoje suteikia puiki\u0105 atram\u0105. Jos privalumus vertina ir jauni, ir seni \u017emon\u0117s. Ji taip pat puikiai tinka n\u0117\u0161\u010diosioms ir maitinan\u010dioms motinoms i\u0161kart po gimdymo. Ji yra saugi, nealergizuojanti ir sertifikuota Nacionalinio higienos instituto.<br \/>\nMed\u017eiagos savyb\u0117s<\/p>","protected":false},"excerpt":{"rendered":"<p>Fotel Relax Poliester Niezale\u017cnie od tego, czy sztuk\u0119 relaksu opanowa\u0142e\u015b do perfekcji, czy musisz si\u0119 tego jeszcze nauczy\u0107, Fotel Relax Poliester to doskona\u0142y mebel, na kt\u00f3rym z pewno\u015bci\u0105 wypoczniesz. Roz\u0142o\u017cyste i nisko osadzone siedzisko sprawia, \u017ce przyjemnie si\u0119 w nim zapadasz i mo\u017cesz zapomnie\u0107 o ca\u0142ym \u015bwiecie. To \u015bwietne miejsce i na szybk\u0105 przerw\u0119 i [&hellip;]<\/p>\n","protected":false},"featured_media":1059,"comment_status":"closed","ping_status":"open","template":"","meta":{"_kad_blocks_custom_css":"","_kad_blocks_head_custom_js":"","_kad_blocks_body_custom_js":"","_kad_blocks_footer_custom_js":""},"product_brand":[],"product_cat":[30],"product_tag":[],"class_list":{"0":"post-4302","1":"product","2":"type-product","3":"status-publish","4":"has-post-thumbnail","6":"product_cat-fotele","7":"wcpa_has_options","9":"first","10":"instock","11":"purchasable","12":"product-type-simple"},"taxonomy_info":{"product_cat":[{"value":30,"label":"Fotele"}]},"featured_image_src_large":["https:\/\/homebyvm.com\/wp-content\/uploads\/2023\/05\/export-173-1024x1024.jpg",1024,1024,true],"author_info":[],"comment_info":0,"_links":{"self":[{"href":"https:\/\/homebyvm.com\/lt\/wp-json\/wp\/v2\/product\/4302","targetHints":{"allow":["GET"]}}],"collection":[{"href":"https:\/\/homebyvm.com\/lt\/wp-json\/wp\/v2\/product"}],"about":[{"href":"https:\/\/homebyvm.com\/lt\/wp-json\/wp\/v2\/types\/product"}],"replies":[{"embeddable":true,"href":"https:\/\/homebyvm.com\/lt\/wp-json\/wp\/v2\/comments?post=4302"}],"wp:featuredmedia":[{"embeddable":true,"href":"https:\/\/homebyvm.com\/lt\/wp-json\/wp\/v2\/media\/1059"}],"wp:attachment":[{"href":"https:\/\/homebyvm.com\/lt\/wp-json\/wp\/v2\/media?parent=4302"}],"wp:term":[{"taxonomy":"product_brand","embeddable":true,"href":"https:\/\/homebyvm.com\/lt\/wp-json\/wp\/v2\/product_brand?post=4302"},{"taxonomy":"product_cat","embeddable":true,"href":"https:\/\/homebyvm.com\/lt\/wp-json\/wp\/v2\/product_cat?post=4302"},{"taxonomy":"product_tag","embeddable":true,"href":"https:\/\/homebyvm.com\/lt\/wp-json\/wp\/v2\/product_tag?post=4302"}],"curies":[{"name":"wp","href":"https:\/\/api.w.org\/{rel}","templated":true}]}}