{"id":4319,"date":"2023-07-21T23:10:20","date_gmt":"2023-07-21T23:10:20","guid":{"rendered":"https:\/\/homebyvm.com\/produktas\/fotel-keiko-s-poliester-mix\/"},"modified":"2024-12-23T13:30:37","modified_gmt":"2024-12-23T13:30:37","slug":"fotel-keiko-s-poliester-mix","status":"publish","type":"product","link":"https:\/\/homebyvm.com\/lt\/produktas\/fotel-keiko-s-poliester-mix\/","title":{"rendered":"Keiko S k\u0117d\u0117 Poliesterio mi\u0161inys"},"content":{"rendered":"<p>Trikampio spalvos parenkamos atsitiktine tvarka.Keiko S Poliesterio fotelis<br \/>\n\"Keiko S\" poliesterio fotelio privalumas - \u017eemai nuleistas s\u0117dimasis pavir\u0161ius, leid\u017eiantis u\u017eimti \u012fvairias patogias pad\u0117tis - nuo s\u0117dimos iki pusiau gulimos. S\u0117dyn\u0117 u\u017epildyta elastingais polistireno rutuliukais, tod\u0117l puikiai prisitaiko prie k\u016bno formos ir palaiko j\u012f bet kokioje situacijoje. Tod\u0117l tai sensacingas poilsio baldas \u017emon\u0117ms, kurie da\u017enai skund\u017eiasi nugaros ir raumen\u0173 skausmais. D\u0117l savo kompakti\u0161ko dyd\u017eio jis tiks net ir nedideliame interjere. Jis tikrai patiks ypa\u010d jauniausiems.<br \/>\nVaikai \u012fvertins ne tik jiems pritaikytus matmenis, bet ir dizaino bei spalv\u0173 gaus\u0105. Keiko S Poliesterio fotel\u012f galima rinktis i\u0161 16 vienspalvi\u0173 atspalvi\u0173 ir net 6 \u012fdomi\u0173 spalv\u0173 derini\u0173. Antruoju atveju fotelio vir\u0161us dekoruotas spalving\u0173 trikampi\u0173 lop\u0173 kolia\u017eu, kuris suteikia bendro charakterio. D\u0117l atsitiktinio trikampi\u0173 i\u0161d\u0117stymo kiekvienas modelis yra savaip skirtingas ir unikalus.<br \/>\nMed\u017eiagos savyb\u0117s<\/p>","protected":false},"excerpt":{"rendered":"<p>Kolory tr\u00f3jk\u0105t\u00f3w dobierane s\u0105 losowo.Fotel Keiko S Poliester Zalet\u0105 Fotela Keiko S Poliester jest jego niewysokie osadzenie powierzchni siedziska, dzi\u0119ki czemu mo\u017cna przyj\u0105\u0107 na nim wiele wygodnych pozycji, od siedz\u0105cej po p\u00f3\u0142le\u017c\u0105c\u0105. Wype\u0142nienie fotela spr\u0119\u017cystymi kuleczkami ze styropianu sprawia, \u017ce \u015bwietnie dopasowuje si\u0119 do kszta\u0142tu cia\u0142a, podpieraj\u0105c je w ka\u017cdej sytuacji. Dlatego to rewelacyjny mebel [&hellip;]<\/p>\n","protected":false},"featured_media":1116,"comment_status":"closed","ping_status":"open","template":"","meta":{"_kad_blocks_custom_css":"","_kad_blocks_head_custom_js":"","_kad_blocks_body_custom_js":"","_kad_blocks_footer_custom_js":""},"product_brand":[],"product_cat":[30],"product_tag":[],"class_list":{"0":"post-4319","1":"product","2":"type-product","3":"status-publish","4":"has-post-thumbnail","6":"product_cat-fotele","7":"wcpa_has_options","9":"first","10":"instock","11":"purchasable","12":"product-type-simple"},"taxonomy_info":{"product_cat":[{"value":30,"label":"Fotele"}]},"featured_image_src_large":["https:\/\/homebyvm.com\/wp-content\/uploads\/2023\/05\/export-230-1024x1024.jpg",1024,1024,true],"author_info":[],"comment_info":0,"_links":{"self":[{"href":"https:\/\/homebyvm.com\/lt\/wp-json\/wp\/v2\/product\/4319","targetHints":{"allow":["GET"]}}],"collection":[{"href":"https:\/\/homebyvm.com\/lt\/wp-json\/wp\/v2\/product"}],"about":[{"href":"https:\/\/homebyvm.com\/lt\/wp-json\/wp\/v2\/types\/product"}],"replies":[{"embeddable":true,"href":"https:\/\/homebyvm.com\/lt\/wp-json\/wp\/v2\/comments?post=4319"}],"wp:featuredmedia":[{"embeddable":true,"href":"https:\/\/homebyvm.com\/lt\/wp-json\/wp\/v2\/media\/1116"}],"wp:attachment":[{"href":"https:\/\/homebyvm.com\/lt\/wp-json\/wp\/v2\/media?parent=4319"}],"wp:term":[{"taxonomy":"product_brand","embeddable":true,"href":"https:\/\/homebyvm.com\/lt\/wp-json\/wp\/v2\/product_brand?post=4319"},{"taxonomy":"product_cat","embeddable":true,"href":"https:\/\/homebyvm.com\/lt\/wp-json\/wp\/v2\/product_cat?post=4319"},{"taxonomy":"product_tag","embeddable":true,"href":"https:\/\/homebyvm.com\/lt\/wp-json\/wp\/v2\/product_tag?post=4319"}],"curies":[{"name":"wp","href":"https:\/\/api.w.org\/{rel}","templated":true}]}}