{"id":4336,"date":"2023-07-21T23:10:22","date_gmt":"2023-07-21T23:10:22","guid":{"rendered":"https:\/\/homebyvm.com\/produktas\/fotel-keiko-m-sztruks\/"},"modified":"2024-12-23T13:30:45","modified_gmt":"2024-12-23T13:30:45","slug":"fotel-keiko-m-sztruks","status":"publish","type":"product","link":"https:\/\/homebyvm.com\/lt\/produktas\/fotel-keiko-m-sztruks\/","title":{"rendered":"\"Keiko M\" velvetinis fotelis"},"content":{"rendered":"<p>\"Keiko M\" velvetinis fotelis<br \/>\nAr norite su\u017einoti, kad velvetas gali b\u016bti naudojamas kur kas pla\u010diau nei mados pramon\u0117je? Atkreipkite d\u0117mes\u012f \u012f \"Keiko M Corduroy\" fotel\u012f - original\u0173 poilsio bald\u0105, kuris ne tik atrodo labai originaliai, bet ir pasi\u017eymi labai dideliu atsparumu trin\u010diai ir mechaniniams pa\u017eeidimams. Be to, velvetas neblunka veikiamas saul\u0117s spinduli\u0173, tod\u0117l daugel\u012f met\u0173 i\u0161laiko nepriekai\u0161ting\u0105 i\u0161vaizd\u0105.<br \/>\nFotelis suprojektuotas taip, kad puikiai atrodyt\u0173 ir nedideliuose interjeruose. Fotelis turi patogi\u0105 ranken\u0105, tod\u0117l j\u012f perkelti \u012f bet kuri\u0105 viet\u0105 nebus joki\u0173 problem\u0173. Didelis fotelio privalumas - jo forma, kuri puikiai prisitaiko prie k\u016bno pad\u0117ties, tod\u0117l galima atsipalaiduoti net ir ilgas valandas. Fotelis taip pat puikiai tinka vaik\u0173 ar paaugli\u0173 kambariui.<br \/>\nMed\u017eiagos savyb\u0117s<\/p>","protected":false},"excerpt":{"rendered":"<p>Fotel Keiko M Sztruks Chcesz si\u0119 przekona\u0107 o tym, \u017ce sztruks mo\u017ce mie\u0107 zdecydowanie szersze zastosowanie ni\u017c to w bran\u017cy modowej? Zwr\u00f3\u0107 uwag\u0119 na fotel Keiko M Sztruks &#8211; oryginalny mebel wypoczynkowy wygl\u0105daj\u0105cy nie tylko bardzo oryginalnie, lecz tak\u017ce wykazuj\u0105cy si\u0119 bardzo wysok\u0105 odporno\u015bci\u0105 na \u015bcieranie oraz uszkodzenia mechaniczne. Ponadto sztruks nie blaknie pod wp\u0142ywem [&hellip;]<\/p>\n","protected":false},"featured_media":1170,"comment_status":"closed","ping_status":"open","template":"","meta":{"_kad_blocks_custom_css":"","_kad_blocks_head_custom_js":"","_kad_blocks_body_custom_js":"","_kad_blocks_footer_custom_js":""},"product_brand":[],"product_cat":[30],"product_tag":[],"class_list":{"0":"post-4336","1":"product","2":"type-product","3":"status-publish","4":"has-post-thumbnail","6":"product_cat-fotele","7":"wcpa_has_options","9":"first","10":"instock","11":"purchasable","12":"product-type-simple"},"taxonomy_info":{"product_cat":[{"value":30,"label":"Fotele"}]},"featured_image_src_large":["https:\/\/homebyvm.com\/wp-content\/uploads\/2023\/05\/export-284-1024x1024.jpg",1024,1024,true],"author_info":[],"comment_info":0,"_links":{"self":[{"href":"https:\/\/homebyvm.com\/lt\/wp-json\/wp\/v2\/product\/4336","targetHints":{"allow":["GET"]}}],"collection":[{"href":"https:\/\/homebyvm.com\/lt\/wp-json\/wp\/v2\/product"}],"about":[{"href":"https:\/\/homebyvm.com\/lt\/wp-json\/wp\/v2\/types\/product"}],"replies":[{"embeddable":true,"href":"https:\/\/homebyvm.com\/lt\/wp-json\/wp\/v2\/comments?post=4336"}],"wp:featuredmedia":[{"embeddable":true,"href":"https:\/\/homebyvm.com\/lt\/wp-json\/wp\/v2\/media\/1170"}],"wp:attachment":[{"href":"https:\/\/homebyvm.com\/lt\/wp-json\/wp\/v2\/media?parent=4336"}],"wp:term":[{"taxonomy":"product_brand","embeddable":true,"href":"https:\/\/homebyvm.com\/lt\/wp-json\/wp\/v2\/product_brand?post=4336"},{"taxonomy":"product_cat","embeddable":true,"href":"https:\/\/homebyvm.com\/lt\/wp-json\/wp\/v2\/product_cat?post=4336"},{"taxonomy":"product_tag","embeddable":true,"href":"https:\/\/homebyvm.com\/lt\/wp-json\/wp\/v2\/product_tag?post=4336"}],"curies":[{"name":"wp","href":"https:\/\/api.w.org\/{rel}","templated":true}]}}