{"id":4341,"date":"2023-07-21T23:10:22","date_gmt":"2023-07-21T23:10:22","guid":{"rendered":"https:\/\/homebyvm.com\/produktas\/poducha-milano-modern\/"},"modified":"2024-12-23T13:30:45","modified_gmt":"2024-12-23T13:30:45","slug":"poducha-milano-modern","status":"publish","type":"product","link":"https:\/\/homebyvm.com\/lt\/produktas\/poducha-milano-modern\/","title":{"rendered":"Milano Moderni pagalv\u0117l\u0117"},"content":{"rendered":"<p>\"Milano Modern\" pagalv\u0117l\u0117 - tai aksesuaras, kuris d\u0117l savo dyd\u017eio ir formos suderina fotelio ir pagalv\u0117l\u0117s savybes. Kaip buvo pagaminta m\u016bs\u0173 pagalv\u0117l\u0117? Viduje n\u0117ra standaus karkaso - j\u012f pakei\u010dia patvarios polistireno granul\u0117s, kurios u\u017epildo vis\u0105 vid\u0173. B\u016btent jis suteikia pufui nepaprasto atsparumo ir leid\u017eia j\u012f lengvai formuoti.<br \/>\nJ\u012f galime naudoti taip, kaip norime, pavyzd\u017eiui, mokytis, atsipalaiduoti, \u017ei\u016br\u0117ti televizori\u0173 ar ils\u0117tis lauke, nes med\u017eiaga atspari vandeniui. Be to, pagalv\u0117l\u0117 viduje turi vidin\u012f u\u017evalkal\u0105, tod\u0117l j\u0105 galime skalbti. . Tai modelis, kuris tiks net ir ma\u017eose patalpose. Jis puikiai atrodys svetain\u0117je arba vaik\u0173 kambaryje.<br \/>\nJis nealergizuoja ir yra sertifikuotas PZH.<br \/>\nD\u0117l unikalaus \u0161ios pagalv\u0117l\u0117s u\u017epildo galite lengvai suformuoti norim\u0105 form\u0105. \u0160i savyb\u0117 taip pat rei\u0161kia, kad \u0161iuo unikaliu interjero aksesuaru gali d\u017eiaugtis ir suaugusieji, ir vaikai. Milano Modern pagalv\u0117l\u0119 pas mus galite \u012fsigyti trij\u0173 gra\u017ei\u0173 dizain\u0173. U\u017epildui naudojamas granuliatas yra labai patvarus, tod\u0117l nereikia baimintis, kad intensyvus \u0161ios pagalv\u0117l\u0117s naudojimas j\u0105 sugadins. Prie\u0161ingai, ji tikrai bus puikiai tarnaujantis modelis labai ilg\u0105 laik\u0105. Rinkinyje esantis u\u017evalkalas yra nuimamas, tod\u0117l j\u012f galima greitai i\u0161valyti ir v\u0117l u\u017ed\u0117ti ant pagalv\u0117s.<br \/>\nMed\u017eiagos savyb\u0117s<\/p>","protected":false},"excerpt":{"rendered":"<p>Poducha Milano Modern to dodatek, kt\u00f3ry \u0142\u0105czy w sobie cechy fotela i poduchy, a to za spraw\u0105 jej rozmiaru i kszta\u0142tu. Jak zosta\u0142a wykonana nasza poducha? W \u015brodku nie ma sztywnego stela\u017ca &#8211; zast\u0119puje go trwa\u0142y, styropianowy granulat, kt\u00f3ry wype\u0142nia ca\u0142e wn\u0119trze. To on nadaje pufie niezwyk\u0142ej spr\u0119\u017cysto\u015bci i sprawia, \u017ce \u0142atwo go uformowa\u0107. Mo\u017cemy [&hellip;]<\/p>\n","protected":false},"featured_media":1188,"comment_status":"closed","ping_status":"open","template":"","meta":{"_kad_blocks_custom_css":"","_kad_blocks_head_custom_js":"","_kad_blocks_body_custom_js":"","_kad_blocks_footer_custom_js":""},"product_brand":[],"product_cat":[30],"product_tag":[],"class_list":{"0":"post-4341","1":"product","2":"type-product","3":"status-publish","4":"has-post-thumbnail","6":"product_cat-fotele","7":"wcpa_has_options","9":"first","10":"instock","11":"purchasable","12":"product-type-simple"},"taxonomy_info":{"product_cat":[{"value":30,"label":"Fotele"}]},"featured_image_src_large":["https:\/\/homebyvm.com\/wp-content\/uploads\/2023\/05\/export-302-1024x1024.jpg",1024,1024,true],"author_info":[],"comment_info":0,"_links":{"self":[{"href":"https:\/\/homebyvm.com\/lt\/wp-json\/wp\/v2\/product\/4341","targetHints":{"allow":["GET"]}}],"collection":[{"href":"https:\/\/homebyvm.com\/lt\/wp-json\/wp\/v2\/product"}],"about":[{"href":"https:\/\/homebyvm.com\/lt\/wp-json\/wp\/v2\/types\/product"}],"replies":[{"embeddable":true,"href":"https:\/\/homebyvm.com\/lt\/wp-json\/wp\/v2\/comments?post=4341"}],"wp:featuredmedia":[{"embeddable":true,"href":"https:\/\/homebyvm.com\/lt\/wp-json\/wp\/v2\/media\/1188"}],"wp:attachment":[{"href":"https:\/\/homebyvm.com\/lt\/wp-json\/wp\/v2\/media?parent=4341"}],"wp:term":[{"taxonomy":"product_brand","embeddable":true,"href":"https:\/\/homebyvm.com\/lt\/wp-json\/wp\/v2\/product_brand?post=4341"},{"taxonomy":"product_cat","embeddable":true,"href":"https:\/\/homebyvm.com\/lt\/wp-json\/wp\/v2\/product_cat?post=4341"},{"taxonomy":"product_tag","embeddable":true,"href":"https:\/\/homebyvm.com\/lt\/wp-json\/wp\/v2\/product_tag?post=4341"}],"curies":[{"name":"wp","href":"https:\/\/api.w.org\/{rel}","templated":true}]}}