{"id":4342,"date":"2023-07-21T23:10:22","date_gmt":"2023-07-21T23:10:22","guid":{"rendered":"https:\/\/homebyvm.com\/produktas\/fotel-emma-modern\/"},"modified":"2024-12-23T13:30:45","modified_gmt":"2024-12-23T13:30:45","slug":"fotel-emma-modern","status":"publish","type":"product","link":"https:\/\/homebyvm.com\/lt\/produktas\/fotel-emma-modern\/","title":{"rendered":"Emma Modernus fotelis"},"content":{"rendered":"<p>Patogus ir stilingas - b\u016btent toks yra \"Emma Modern\" fotelis. \u017dvelgiant \u012f \u0161\u012f model\u012f nekyla abejoni\u0173, kad juo naudotis yra tikras malonumas. Pufo pagrindas yra 90 cm plo\u010dio, o auk\u0161tis - 80 cm. D\u0117l savo matmen\u0173 \u0161is gaminys yra geras pasirinkimas svetainei, miegamajam, taip pat paauglio kambariui, nepriklausomai nuo jo dyd\u017eio.<br \/>\n\"Emma Modern\" fotel\u012f galima \u012fsigyti trij\u0173 skirting\u0173 dizain\u0173. \u0160is baldas sukurtas \u017emon\u0117ms, kurie vis\u0173 pirma vertina komfort\u0105 ir patogum\u0105. Emma Modern fotelis gali b\u016bti bet kokio interjero elementas, o d\u0117l rankenos j\u012f itin patogu ne\u0161ti net patiems ma\u017eiausiems m\u016bs\u0173 vaikams. Gaminys pagamintas Lenkijoje, i\u0161 geriausi\u0173 med\u017eiag\u0173 ir skiriant d\u0117mes\u012f kiekvienai apdailos detalei.<br \/>\nD\u0117l naudojam\u0173 med\u017eiag\u0173 jis nesukelia alergini\u0173 reakcij\u0173 ir yra saugus vaikams.<br \/>\nMed\u017eiagos savyb\u0117s<\/p>","protected":false},"excerpt":{"rendered":"<p>Komfortowa i stylowa &#8211; taki w\u0142a\u015bnie jest fotel Emma Modern. Patrz\u0105c na ten model, nie ma si\u0119 w\u0105tpliwo\u015bci, \u017ce korzystanie z niego jest prawdziw\u0105 przyjemno\u015bci\u0105. Podstawa pufy ma szeroko\u015b\u0107 90 cm, a wysoko\u015b\u0107 wynosi 80 cm. Ze wzgl\u0119du na wymiary, produkt ten jest dobrym wyborem do salonu, sypialni, a tak\u017ce do pokoju nastolatka, bez wzgl\u0119du [&hellip;]<\/p>\n","protected":false},"featured_media":1191,"comment_status":"closed","ping_status":"open","template":"","meta":{"_kad_blocks_custom_css":"","_kad_blocks_head_custom_js":"","_kad_blocks_body_custom_js":"","_kad_blocks_footer_custom_js":""},"product_brand":[],"product_cat":[30],"product_tag":[],"class_list":{"0":"post-4342","1":"product","2":"type-product","3":"status-publish","4":"has-post-thumbnail","6":"product_cat-fotele","7":"wcpa_has_options","9":"first","10":"instock","11":"purchasable","12":"product-type-simple"},"taxonomy_info":{"product_cat":[{"value":30,"label":"Fotele"}]},"featured_image_src_large":["https:\/\/homebyvm.com\/wp-content\/uploads\/2023\/05\/export-305-1024x1024.jpg",1024,1024,true],"author_info":[],"comment_info":0,"_links":{"self":[{"href":"https:\/\/homebyvm.com\/lt\/wp-json\/wp\/v2\/product\/4342","targetHints":{"allow":["GET"]}}],"collection":[{"href":"https:\/\/homebyvm.com\/lt\/wp-json\/wp\/v2\/product"}],"about":[{"href":"https:\/\/homebyvm.com\/lt\/wp-json\/wp\/v2\/types\/product"}],"replies":[{"embeddable":true,"href":"https:\/\/homebyvm.com\/lt\/wp-json\/wp\/v2\/comments?post=4342"}],"wp:featuredmedia":[{"embeddable":true,"href":"https:\/\/homebyvm.com\/lt\/wp-json\/wp\/v2\/media\/1191"}],"wp:attachment":[{"href":"https:\/\/homebyvm.com\/lt\/wp-json\/wp\/v2\/media?parent=4342"}],"wp:term":[{"taxonomy":"product_brand","embeddable":true,"href":"https:\/\/homebyvm.com\/lt\/wp-json\/wp\/v2\/product_brand?post=4342"},{"taxonomy":"product_cat","embeddable":true,"href":"https:\/\/homebyvm.com\/lt\/wp-json\/wp\/v2\/product_cat?post=4342"},{"taxonomy":"product_tag","embeddable":true,"href":"https:\/\/homebyvm.com\/lt\/wp-json\/wp\/v2\/product_tag?post=4342"}],"curies":[{"name":"wp","href":"https:\/\/api.w.org\/{rel}","templated":true}]}}