{"id":4347,"date":"2023-07-21T23:10:38","date_gmt":"2023-07-21T23:10:38","guid":{"rendered":"https:\/\/homebyvm.com\/produktas\/fotel-mini-keiko-juta\/"},"modified":"2024-12-23T13:30:45","modified_gmt":"2024-12-23T13:30:45","slug":"fotel-mini-keiko-juta","status":"publish","type":"product","link":"https:\/\/homebyvm.com\/lt\/produktas\/fotel-mini-keiko-juta\/","title":{"rendered":"Mini \"Keiko\" d\u017eiuto fotelis"},"content":{"rendered":"<p>\"Mini Keiko Jute\" fotelis \"Mini Keiko\" pasi\u017eymi moderniomis, supaprastintomis linijomis, \u017eema ir pla\u010dia s\u0117dyne bei patogia atramine dalimi. U\u017epildytas polistireno granul\u0117mis, kurios garantuoja komfort\u0105, nes puikiai prisitaiko prie j\u016bs\u0173 k\u016bno svorio ir i\u0161vaizdos. Pateiktas modelis yra lengvas, tod\u0117l j\u012f lengvai perne\u0161ite \u012f viet\u0105, kurioje atsiduosite palaimingam poilsiui.<br \/>\nD\u017eiuto med\u017eiaga yra visi\u0161kai biologi\u0161kai suyranti, sudaryta i\u0161 100% nat\u016bralaus pluo\u0161to. Tod\u0117l j\u0105 galima perdirbti. Med\u017eiaga pasi\u017eymi nat\u016braliai med\u017eiagai b\u016bdingu \u0161iurk\u0161tumu ir \u0161velniu kvapu. D\u017eiutas u\u017ekariauja vis\u0173 ekologi\u0161k\u0173 produkt\u0173 ir biologi\u0161kai skaid\u017ei\u0173 \u017ealiav\u0173 \u0161alinink\u0173 \u0161irdis. \u0160i ekologi\u0161ka med\u017eiaga pasi\u017eymi lininiu pynimu, tod\u0117l yra tvirta ir efektyvi. U\u017e savo populiarum\u0105 ji taip pat d\u0117kinga dideliam tvirtumui ir atsparumui tempimui. K\u0117d\u0117je \"Mini Keiko\" derinamos dvi med\u017eiagos: d\u017eiutas ir gr\u016bd\u0117ta oda, kad b\u016bt\u0173 sukurtas gra\u017eus, laikui nepavaldus dizainas.<\/p>","protected":false},"excerpt":{"rendered":"<p>Fotel Mini Keiko Juta to nowoczesna, op\u0142ywowa linia, niskie i szerokie siedzisko oraz wygodne podparcie ca\u0142ych plec\u00f3w. Wype\u0142niony styropianowym granulatem, kt\u00f3ry gwarantuje komfort poprzez idealne dostosowanie si\u0119 do wagi cia\u0142a i aparycji. Prezentowany model jest lekki, dzi\u0119ki czemu bez trudu przeniesiesz go w miejsce, w kt\u00f3rym oddasz si\u0119 b\u0142ogiemu relaksowi. Materia\u0142 juta jest w pe\u0142ni [&hellip;]<\/p>\n","protected":false},"featured_media":1206,"comment_status":"closed","ping_status":"open","template":"","meta":{"_kad_blocks_custom_css":"","_kad_blocks_head_custom_js":"","_kad_blocks_body_custom_js":"","_kad_blocks_footer_custom_js":""},"product_brand":[],"product_cat":[30],"product_tag":[],"class_list":{"0":"post-4347","1":"product","2":"type-product","3":"status-publish","4":"has-post-thumbnail","6":"product_cat-fotele","7":"wcpa_has_options","9":"first","10":"instock","11":"purchasable","12":"product-type-simple"},"taxonomy_info":{"product_cat":[{"value":30,"label":"Fotele"}]},"featured_image_src_large":["https:\/\/homebyvm.com\/wp-content\/uploads\/2023\/05\/export-320-1024x1024.jpg",1024,1024,true],"author_info":[],"comment_info":0,"_links":{"self":[{"href":"https:\/\/homebyvm.com\/lt\/wp-json\/wp\/v2\/product\/4347","targetHints":{"allow":["GET"]}}],"collection":[{"href":"https:\/\/homebyvm.com\/lt\/wp-json\/wp\/v2\/product"}],"about":[{"href":"https:\/\/homebyvm.com\/lt\/wp-json\/wp\/v2\/types\/product"}],"replies":[{"embeddable":true,"href":"https:\/\/homebyvm.com\/lt\/wp-json\/wp\/v2\/comments?post=4347"}],"wp:featuredmedia":[{"embeddable":true,"href":"https:\/\/homebyvm.com\/lt\/wp-json\/wp\/v2\/media\/1206"}],"wp:attachment":[{"href":"https:\/\/homebyvm.com\/lt\/wp-json\/wp\/v2\/media?parent=4347"}],"wp:term":[{"taxonomy":"product_brand","embeddable":true,"href":"https:\/\/homebyvm.com\/lt\/wp-json\/wp\/v2\/product_brand?post=4347"},{"taxonomy":"product_cat","embeddable":true,"href":"https:\/\/homebyvm.com\/lt\/wp-json\/wp\/v2\/product_cat?post=4347"},{"taxonomy":"product_tag","embeddable":true,"href":"https:\/\/homebyvm.com\/lt\/wp-json\/wp\/v2\/product_tag?post=4347"}],"curies":[{"name":"wp","href":"https:\/\/api.w.org\/{rel}","templated":true}]}}