{"id":4349,"date":"2023-07-21T23:10:38","date_gmt":"2023-07-21T23:10:38","guid":{"rendered":"https:\/\/homebyvm.com\/produktas\/pufa-point\/"},"modified":"2024-02-26T12:26:11","modified_gmt":"2024-02-26T12:26:11","slug":"pufa-point","status":"publish","type":"product","link":"https:\/\/homebyvm.com\/lt\/produktas\/pufa-point\/","title":{"rendered":"Ta\u0161kinis pufas"},"content":{"rendered":"<p>Ta\u0161kinis pufas<br \/>\nTa\u0161kinis pufas yra nepaprastas aksesuaras, kuris tur\u0117t\u0173 b\u016bti kiekviename stilingame ir moderniame kambaryje. Tai modelis, kuris yra ne tik ne\u012ftik\u0117tinai patogus, bet ir itin universalus bei funkcionalus. Jis ras savo pritaikym\u0105 ne tik jaukioje nam\u0173 aplinkoje. Jei \u012frengin\u0117jate biur\u0105 ar kavin\u0119, tai bus puikus pasirinkimas! O gal galvojate rinktis baldus mokyklos bendram kabinetui ar vaik\u0173 dar\u017eeliui? Paskelbkite savo ta\u0161kin\u012f puf\u0105 ir garantuojame, kad vaikai j\u012f \u012fsimyl\u0117s! \u012esivaizduokite, kaip puikiai atrodys kambarys, pilnas \u0161i\u0173 spalving\u0173 puf\u0173. Tai geriausias sprendimas vaik\u0173 erdv\u0117ms!<br \/>\nPastaruoju metu vyrauja lenk\u0173 kalbos mada. Manome, kad vis daugiau \u017emoni\u0173 pastebi, jog lenki\u0161ka kokyb\u0117 yra auk\u0161\u010diausios kokyb\u0117s, o tai liudija ir m\u016bs\u0173 gaminiai. Jie pagaminti rankomis, naudojant auk\u0161tos kokyb\u0117s med\u017eiagas. Siuvant pufus stengiam\u0117s sukurti jums kuo geresn\u012f gamin\u012f. Daugiau nelaukite, \u012fsigykite ta\u0161kin\u012f puf\u0105 ir patys \u012fsitikinkite, k\u0105 rei\u0161kia auk\u0161\u010diausia kokyb\u0117!<br \/>\nMed\u017eiagos savyb\u0117s<\/p>","protected":false},"excerpt":{"rendered":"<p>Pufa Point Pufa point to niezwyk\u0142y dodatek, kt\u00f3ry powinien znale\u017a\u0107 si\u0119 w ka\u017cdym stylowym i nowoczesnym pomieszczeniu. To model, kt\u00f3ry jest nie tylko niesamowicie wygodny, jest tak\u017ce niezwykle uniwersalny i funkcjonalny. Znajdzie zastosowanie nie tylko w domowym zaciszu. Je\u015bli urz\u0105dzasz biuro b\u0105d\u017a kawiarni\u0119 to b\u0119dzie doskona\u0142y wyb\u00f3r! A mo\u017cesz zastanawiasz si\u0119 nad wyborem mebli do [&hellip;]<\/p>\n","protected":false},"featured_media":1215,"comment_status":"closed","ping_status":"open","template":"","meta":{"_kad_blocks_custom_css":"","_kad_blocks_head_custom_js":"","_kad_blocks_body_custom_js":"","_kad_blocks_footer_custom_js":""},"product_brand":[],"product_cat":[28],"product_tag":[],"class_list":{"0":"post-4349","1":"product","2":"type-product","3":"status-publish","4":"has-post-thumbnail","6":"product_cat-pufy","7":"wcpa_has_options","9":"first","10":"outofstock","11":"purchasable","12":"product-type-simple"},"taxonomy_info":{"product_cat":[{"value":28,"label":"Pufy"}]},"featured_image_src_large":["https:\/\/homebyvm.com\/wp-content\/uploads\/2023\/05\/export-329-1024x1024.jpg",1024,1024,true],"author_info":[],"comment_info":0,"_links":{"self":[{"href":"https:\/\/homebyvm.com\/lt\/wp-json\/wp\/v2\/product\/4349","targetHints":{"allow":["GET"]}}],"collection":[{"href":"https:\/\/homebyvm.com\/lt\/wp-json\/wp\/v2\/product"}],"about":[{"href":"https:\/\/homebyvm.com\/lt\/wp-json\/wp\/v2\/types\/product"}],"replies":[{"embeddable":true,"href":"https:\/\/homebyvm.com\/lt\/wp-json\/wp\/v2\/comments?post=4349"}],"wp:featuredmedia":[{"embeddable":true,"href":"https:\/\/homebyvm.com\/lt\/wp-json\/wp\/v2\/media\/1215"}],"wp:attachment":[{"href":"https:\/\/homebyvm.com\/lt\/wp-json\/wp\/v2\/media?parent=4349"}],"wp:term":[{"taxonomy":"product_brand","embeddable":true,"href":"https:\/\/homebyvm.com\/lt\/wp-json\/wp\/v2\/product_brand?post=4349"},{"taxonomy":"product_cat","embeddable":true,"href":"https:\/\/homebyvm.com\/lt\/wp-json\/wp\/v2\/product_cat?post=4349"},{"taxonomy":"product_tag","embeddable":true,"href":"https:\/\/homebyvm.com\/lt\/wp-json\/wp\/v2\/product_tag?post=4349"}],"curies":[{"name":"wp","href":"https:\/\/api.w.org\/{rel}","templated":true}]}}