{"id":4350,"date":"2023-07-21T23:10:38","date_gmt":"2023-07-21T23:10:38","guid":{"rendered":"https:\/\/homebyvm.com\/produktas\/pufa-sakwa-l-poliester\/"},"modified":"2024-12-23T13:30:46","modified_gmt":"2024-12-23T13:30:46","slug":"pufa-sakwa-l-poliester","status":"publish","type":"product","link":"https:\/\/homebyvm.com\/lt\/produktas\/pufa-sakwa-l-poliester\/","title":{"rendered":"S\u0117dmai\u0161is pufas  L Poliesterio"},"content":{"rendered":"<p>Krep\u0161ys L pouffe<br \/>\n\"Sackwa L\" pufas yra originalus ir labai patogus. Ji sukurta taip, kad gal\u0117tum\u0117te joje pails\u0117ti ir atsipalaiduoti. Jis gali b\u016bti vaiko kambario elementas ir b\u016bti naudojamas \u017eaidim\u0173 metu. D\u0117l polistireno granuli\u0173 u\u017epildo baldas yra patvarus ir ergonomi\u0161kas. D\u0117l \u012fdomaus dizaino ir spalvos \u0161is modelis puikiai der\u0117s prie daugelio \u0161iuolaikini\u0173 interjer\u0173. Sakwa L pufas puikiai atrodys modernistiniuose, minimalistiniuose interjeruose arba interjeruose, kuriuose svarb\u0173 vaidmen\u012f atlieka original\u016bs dizaino elementai. Baldas pagamintas Lenkijoje. J\u012f gaminant naudotos tik geriausios, kruop\u0161\u010diai atrinktos med\u017eiagos. D\u0117l to jis nesukelia alergini\u0173 reakcij\u0173 ir yra saugus vaikams. Auk\u0161t\u0105 naudot\u0173 med\u017eiag\u0173 standart\u0105 patvirtina daugyb\u0117 kokyb\u0117s sertifikat\u0173. Gaminys ir toliau m\u0117gaujasi nebl\u0117stan\u010diu populiarumu m\u016bs\u0173 parduotuv\u0117je, o patenkint\u0173 klient\u0173 skai\u010dius nuolat auga. Jei nesate patenkinti pirkiniu, garantuojame pinig\u0173 gr\u0105\u017einim\u0105 iki 14 dien\u0173.<br \/>\nMed\u017eiagos savyb\u0117s<\/p>","protected":false},"excerpt":{"rendered":"<p>Pufa Sakwa L Pufa Sakwa L jest oryginalna i niezwykle wygodna. Zaprojektowana zosta\u0142a w taki spos\u00f3b, aby mo\u017cna by\u0142o w niej wypocz\u0105\u0107 i si\u0119 odpr\u0119\u017cy\u0107. Mo\u017ce by\u0107 elementem pokoju dzieci\u0119cego i by\u0107 wykorzystywana podczas zabawy. Ze wzgl\u0119du na wype\u0142nienie z granulatu styropianowego, mebel jest trwa\u0142y i ergonomiczny. Ciekawy design i kolor sprawiaj\u0105, \u017ce model ten [&hellip;]<\/p>\n","protected":false},"featured_media":1218,"comment_status":"closed","ping_status":"open","template":"","meta":{"_kad_blocks_custom_css":"","_kad_blocks_head_custom_js":"","_kad_blocks_body_custom_js":"","_kad_blocks_footer_custom_js":""},"product_brand":[],"product_cat":[28],"product_tag":[],"class_list":{"0":"post-4350","1":"product","2":"type-product","3":"status-publish","4":"has-post-thumbnail","6":"product_cat-pufy","7":"wcpa_has_options","9":"first","10":"instock","11":"purchasable","12":"product-type-simple"},"taxonomy_info":{"product_cat":[{"value":28,"label":"Pufy"}]},"featured_image_src_large":["https:\/\/homebyvm.com\/wp-content\/uploads\/2023\/05\/export-332-1024x1024.jpg",1024,1024,true],"author_info":[],"comment_info":0,"_links":{"self":[{"href":"https:\/\/homebyvm.com\/lt\/wp-json\/wp\/v2\/product\/4350","targetHints":{"allow":["GET"]}}],"collection":[{"href":"https:\/\/homebyvm.com\/lt\/wp-json\/wp\/v2\/product"}],"about":[{"href":"https:\/\/homebyvm.com\/lt\/wp-json\/wp\/v2\/types\/product"}],"replies":[{"embeddable":true,"href":"https:\/\/homebyvm.com\/lt\/wp-json\/wp\/v2\/comments?post=4350"}],"wp:featuredmedia":[{"embeddable":true,"href":"https:\/\/homebyvm.com\/lt\/wp-json\/wp\/v2\/media\/1218"}],"wp:attachment":[{"href":"https:\/\/homebyvm.com\/lt\/wp-json\/wp\/v2\/media?parent=4350"}],"wp:term":[{"taxonomy":"product_brand","embeddable":true,"href":"https:\/\/homebyvm.com\/lt\/wp-json\/wp\/v2\/product_brand?post=4350"},{"taxonomy":"product_cat","embeddable":true,"href":"https:\/\/homebyvm.com\/lt\/wp-json\/wp\/v2\/product_cat?post=4350"},{"taxonomy":"product_tag","embeddable":true,"href":"https:\/\/homebyvm.com\/lt\/wp-json\/wp\/v2\/product_tag?post=4350"}],"curies":[{"name":"wp","href":"https:\/\/api.w.org\/{rel}","templated":true}]}}