{"id":4351,"date":"2023-07-21T23:10:38","date_gmt":"2023-07-21T23:10:38","guid":{"rendered":"https:\/\/homebyvm.com\/produktas\/roller-filc\/"},"modified":"2024-12-23T13:30:46","modified_gmt":"2024-12-23T13:30:46","slug":"roller-filc","status":"publish","type":"product","link":"https:\/\/homebyvm.com\/lt\/produktas\/roller-filc\/","title":{"rendered":"Ritininis veltinis"},"content":{"rendered":"<p>Ritininis veltinis<br \/>\nPufas yra unikalus baldas, kur\u012f m\u0117gsta ir suaugusieji, ir vaikai. \u0160is patogus baldas leis jums u\u017eimti patogi\u0105 pad\u0117t\u012f bendraujant ar \u017ei\u016brint televizori\u0173. Tarp dizaino entuziast\u0173 populiarus sprendimas - puf\u0105 naudoti kaip stiling\u0105 pakoj\u012f kojoms. Roller Felt yra u\u017epildytas mink\u0161tosiomis putomis, kurios d\u0117l savo savybi\u0173 prisitaiko prie naudotojo svorio. Pufas padengtas auk\u0161tos kokyb\u0117s veltiniu, kur\u012f lengva pri\u017ei\u016br\u0117ti. Prislopint\u0173 pilk\u0173 atspalvi\u0173 pufas puikiai der\u0117s prie paprasto, minimalistinio stiliaus i\u0161laikyt\u0173 interjer\u0173. Ar j\u016bs\u0173 erdv\u0117 \u012frengta klasikiniu stiliumi? Nesijaudinkite! Paprasta \"Roller Felt\" pufo forma u\u017etikrina \u0161io baldo universalum\u0105. Si\u016blomas baldas taip pat puikiai tiks ir j\u016bs\u0173 vaiko kambaryje. Roller Felt pufas pasi\u017eymi nepaprastu stabilumu, o d\u0117l naudojamos formos \u0161\u012f bald\u0105 galima s\u0117kmingai naudoti kaip stov\u0105 ar stal\u0105.<\/p>","protected":false},"excerpt":{"rendered":"<p>Roller Filc Pufa to wyj\u0105tkowy element wyposa\u017cenia wn\u0119trza, kt\u00f3ry jest uwielbiany zar\u00f3wno przez doros\u0142ych, jak i przez dzieci. Ten wygodny mebel umo\u017cliwi Ci przyj\u0105\u0107 wygodn\u0105 pozycj\u0119 w czasie spotkania towarzyskiego lub ogl\u0105dania telewizji. Popularnym rozwi\u0105zaniem w\u015br\u00f3d mi\u0142o\u015bnik\u00f3w designu jest stosowanie pufy jako stylowego podn\u00f3\u017cka. Roller Filc wype\u0142niony jest piank\u0105 tapicersk\u0105, kt\u00f3ra dzi\u0119ki swoim w\u0142a\u015bciwo\u015bciom, dopasowuje [&hellip;]<\/p>\n","protected":false},"featured_media":1221,"comment_status":"closed","ping_status":"open","template":"","meta":{"_kad_blocks_custom_css":"","_kad_blocks_head_custom_js":"","_kad_blocks_body_custom_js":"","_kad_blocks_footer_custom_js":""},"product_brand":[],"product_cat":[28],"product_tag":[],"class_list":{"0":"post-4351","1":"product","2":"type-product","3":"status-publish","4":"has-post-thumbnail","6":"product_cat-pufy","7":"wcpa_has_options","9":"first","10":"outofstock","11":"purchasable","12":"product-type-simple"},"taxonomy_info":{"product_cat":[{"value":28,"label":"Pufy"}]},"featured_image_src_large":["https:\/\/homebyvm.com\/wp-content\/uploads\/2023\/05\/export-335-1024x1024.jpg",1024,1024,true],"author_info":[],"comment_info":0,"_links":{"self":[{"href":"https:\/\/homebyvm.com\/lt\/wp-json\/wp\/v2\/product\/4351","targetHints":{"allow":["GET"]}}],"collection":[{"href":"https:\/\/homebyvm.com\/lt\/wp-json\/wp\/v2\/product"}],"about":[{"href":"https:\/\/homebyvm.com\/lt\/wp-json\/wp\/v2\/types\/product"}],"replies":[{"embeddable":true,"href":"https:\/\/homebyvm.com\/lt\/wp-json\/wp\/v2\/comments?post=4351"}],"wp:featuredmedia":[{"embeddable":true,"href":"https:\/\/homebyvm.com\/lt\/wp-json\/wp\/v2\/media\/1221"}],"wp:attachment":[{"href":"https:\/\/homebyvm.com\/lt\/wp-json\/wp\/v2\/media?parent=4351"}],"wp:term":[{"taxonomy":"product_brand","embeddable":true,"href":"https:\/\/homebyvm.com\/lt\/wp-json\/wp\/v2\/product_brand?post=4351"},{"taxonomy":"product_cat","embeddable":true,"href":"https:\/\/homebyvm.com\/lt\/wp-json\/wp\/v2\/product_cat?post=4351"},{"taxonomy":"product_tag","embeddable":true,"href":"https:\/\/homebyvm.com\/lt\/wp-json\/wp\/v2\/product_tag?post=4351"}],"curies":[{"name":"wp","href":"https:\/\/api.w.org\/{rel}","templated":true}]}}