{"id":4352,"date":"2023-07-21T23:10:38","date_gmt":"2023-07-21T23:10:38","guid":{"rendered":"https:\/\/homebyvm.com\/produktas\/pufa-czapka-mikolaja-m\/"},"modified":"2024-12-23T13:30:46","modified_gmt":"2024-12-23T13:30:46","slug":"pufa-czapka-mikolaja-m","status":"publish","type":"product","link":"https:\/\/homebyvm.com\/lt\/produktas\/pufa-czapka-mikolaja-m\/","title":{"rendered":"Kal\u0117d\u0173 Senelio kepur\u0117 Puff M"},"content":{"rendered":"<p>Kal\u0117d\u0173 Senelio kepur\u0117 Poliesteris<br \/>\n\"Santa's Hat pouf\" yra riboto leidimo baldas. \u0160is modelis yra unikalus ir itin \u012fsp\u016bdingas. Jis gali b\u016bti ne tik \u012fdomus svetain\u0117s ar vaiko kambario kal\u0117dinio dekoro papildymas, bet ir parduotuvi\u0173, paslaug\u0173 \u012fstaig\u0173 ir daugelio kit\u0173 viet\u0173 dizaino elementas. Pufas yra Kal\u0117d\u0173 Senelio kepur\u0117s formos, kuri dekoruota vamzdeliu ir pompastika. Ta\u010diau tai ne tik dekoratyvinis gaminys - d\u0117l tanki\u0173 granuli\u0173 u\u017epildo ir naudojam\u0173 mink\u0161t\u0173 audini\u0173 pufas taip pat yra itin patogus. Didelis pufo dydis leid\u017eia i\u0161ties patogiai pails\u0117ti. Gaminys nesukelia alergini\u0173 reakcij\u0173 ir d\u0117l naudojam\u0173 med\u017eiag\u0173 yra saugus vaikams. Auk\u0161tesn\u012f nei vidutin\u012f pufo standart\u0105 patvirtina daugyb\u0117 kokyb\u0117s sertifikat\u0173. Pufas \"Santa's Hat\" pagamintas Lenkijoje, i\u0161 ger\u0173 med\u017eiag\u0173 ir skiriant d\u0117mes\u012f kiekvienai detalei. M\u016bs\u0173 parduotuv\u0117je j\u012f galima \u012fsigyti u\u017e patraukli\u0105, konkurencing\u0105 kain\u0105. Jei nepatenkinti \u012fsigytu gaminiu, yra galimyb\u0117 j\u012f gr\u0105\u017einti be r\u016bpes\u010di\u0173. Kvie\u010diame susipa\u017einti su m\u016bs\u0173 pasi\u016blymu.<br \/>\nMed\u017eiagos savyb\u0117s<\/p>","protected":false},"excerpt":{"rendered":"<p>Czapka Mikolaja Poliester Pufa Czapka Miko\u0142aja jest meblem dost\u0119pnym w wersji limitowanej. Model ten jest wyj\u0105tkowy i niezwykle efektowny. Mo\u017ce by\u0107 nie tylko ciekawym dodatkiem bo\u017conarodzeniowej aran\u017cacji salonu czy pokoju dziecka, ale tak\u017ce elementem wystroju sklep\u00f3w, zak\u0142ad\u00f3w us\u0142ugowych i wielu innych. Pufa ma kszta\u0142t czapki Miko\u0142aja, kt\u00f3ra ozdobiona jest lam\u00f3wk\u0105 i pomponem. Nie jest to [&hellip;]<\/p>\n","protected":false},"featured_media":1224,"comment_status":"closed","ping_status":"open","template":"","meta":{"_kad_blocks_custom_css":"","_kad_blocks_head_custom_js":"","_kad_blocks_body_custom_js":"","_kad_blocks_footer_custom_js":""},"product_brand":[],"product_cat":[28],"product_tag":[],"class_list":{"0":"post-4352","1":"product","2":"type-product","3":"status-publish","4":"has-post-thumbnail","6":"product_cat-pufy","7":"wcpa_has_options","9":"first","10":"instock","11":"purchasable","12":"product-type-simple"},"taxonomy_info":{"product_cat":[{"value":28,"label":"Pufy"}]},"featured_image_src_large":["https:\/\/homebyvm.com\/wp-content\/uploads\/2023\/05\/export-338-1024x1024.jpg",1024,1024,true],"author_info":[],"comment_info":0,"_links":{"self":[{"href":"https:\/\/homebyvm.com\/lt\/wp-json\/wp\/v2\/product\/4352","targetHints":{"allow":["GET"]}}],"collection":[{"href":"https:\/\/homebyvm.com\/lt\/wp-json\/wp\/v2\/product"}],"about":[{"href":"https:\/\/homebyvm.com\/lt\/wp-json\/wp\/v2\/types\/product"}],"replies":[{"embeddable":true,"href":"https:\/\/homebyvm.com\/lt\/wp-json\/wp\/v2\/comments?post=4352"}],"wp:featuredmedia":[{"embeddable":true,"href":"https:\/\/homebyvm.com\/lt\/wp-json\/wp\/v2\/media\/1224"}],"wp:attachment":[{"href":"https:\/\/homebyvm.com\/lt\/wp-json\/wp\/v2\/media?parent=4352"}],"wp:term":[{"taxonomy":"product_brand","embeddable":true,"href":"https:\/\/homebyvm.com\/lt\/wp-json\/wp\/v2\/product_brand?post=4352"},{"taxonomy":"product_cat","embeddable":true,"href":"https:\/\/homebyvm.com\/lt\/wp-json\/wp\/v2\/product_cat?post=4352"},{"taxonomy":"product_tag","embeddable":true,"href":"https:\/\/homebyvm.com\/lt\/wp-json\/wp\/v2\/product_tag?post=4352"}],"curies":[{"name":"wp","href":"https:\/\/api.w.org\/{rel}","templated":true}]}}