{"id":4354,"date":"2023-07-21T23:10:38","date_gmt":"2023-07-21T23:10:38","guid":{"rendered":"https:\/\/homebyvm.com\/produktas\/fotel-frog-poliester\/"},"modified":"2024-12-23T13:30:58","modified_gmt":"2024-12-23T13:30:58","slug":"fotel-frog-poliester","status":"publish","type":"product","link":"https:\/\/homebyvm.com\/lt\/produktas\/fotel-frog-poliester\/","title":{"rendered":"Varl\u0117s k\u0117d\u0117 Poliesteris"},"content":{"rendered":"<p>Varl\u0117s<br \/>\nFotelis \"Frog\" - tai baldas, kuris stebina moderniu dizainu ir ergonomi\u0161kumu. Tai pasi\u016blymas visiems, kurie m\u0117gsta s\u0117d\u0117ti \u017eemai arba tiesiog vertina vizualiai \u012fdomius baldus. Kadangi \"Frog\" fotel\u012f galima rinktis i\u0161 daugelio spalv\u0173 variant\u0173, jis puikiai tiks \u012fvairioms \u0161iuolaiki\u0161koms svetain\u0117s, miegamojo ar vaik\u0173 kambario aran\u017euot\u0117ms. D\u0117l pla\u010dios ir patogios s\u0117dyn\u0117s kartu su profiliuotu atlo\u0161u \u0161\u012f model\u012f itin patogu naudoti. Fotelis pagamintas Lenkijoje i\u0161 kokybi\u0161k\u0173 med\u017eiag\u0173, tod\u0117l nesukelia alergini\u0173 reakcij\u0173 ir yra saugus vaikams. Tai gali b\u016bti pasi\u016blymas \u017emon\u0117ms, m\u0117gstantiems laisvalaik\u012f leisti \u017eaid\u017eiant pulteliu, skaitant knyg\u0105 ar naudojantis ne\u0161iojamuoju kompiuteriu. Fotelis \"Frog\" pagamintas i\u0161 patvaraus poliesterio. Jo auk\u0161tis - 80 cm, o s\u0117dyn\u0117s plotis - 120 cm. M\u016bs\u0173 parduotuv\u0117je \u0161\u012f model\u012f galima \u012fsigyti u\u017e patraukli\u0105 kain\u0105. Nedvejodami kreipkit\u0117s \u012f mus, jei turite klausim\u0173 d\u0117l technini\u0173 parametr\u0173 ar transportavimo galimybi\u0173.<br \/>\nMed\u017eiagos savyb\u0117s<\/p>","protected":false},"excerpt":{"rendered":"<p>Frog Fotel Frog to mebel, kt\u00f3ry zaskakuje nowoczesnym designem, a tak\u017ce ergonomi\u0105. Jest to propozycja dla wszystkich tych, kt\u00f3rzy lubi\u0105 siedzie\u0107 nisko, lub po prostu ceni\u0105 ciekawe wizualnie elementy wyposa\u017cenia. Ze wzgl\u0119du na to, \u017ce fotel Frog dost\u0119pny jest w wielu wariantach kolorystycznych, \u015bwietnie sprawdzi\u0107 si\u0119 w r\u00f3\u017cnych, wsp\u00f3\u0142czesnych aran\u017cacjach salonu, sypialni czy pokoju dziecka. [&hellip;]<\/p>\n","protected":false},"featured_media":1230,"comment_status":"closed","ping_status":"open","template":"","meta":{"_kad_blocks_custom_css":"","_kad_blocks_head_custom_js":"","_kad_blocks_body_custom_js":"","_kad_blocks_footer_custom_js":""},"product_brand":[],"product_cat":[28],"product_tag":[],"class_list":{"0":"post-4354","1":"product","2":"type-product","3":"status-publish","4":"has-post-thumbnail","6":"product_cat-pufy","7":"wcpa_has_options","9":"first","10":"instock","11":"purchasable","12":"product-type-simple"},"taxonomy_info":{"product_cat":[{"value":28,"label":"Pufy"}]},"featured_image_src_large":["https:\/\/homebyvm.com\/wp-content\/uploads\/2023\/05\/export-344-1024x1024.jpg",1024,1024,true],"author_info":[],"comment_info":0,"_links":{"self":[{"href":"https:\/\/homebyvm.com\/lt\/wp-json\/wp\/v2\/product\/4354","targetHints":{"allow":["GET"]}}],"collection":[{"href":"https:\/\/homebyvm.com\/lt\/wp-json\/wp\/v2\/product"}],"about":[{"href":"https:\/\/homebyvm.com\/lt\/wp-json\/wp\/v2\/types\/product"}],"replies":[{"embeddable":true,"href":"https:\/\/homebyvm.com\/lt\/wp-json\/wp\/v2\/comments?post=4354"}],"wp:featuredmedia":[{"embeddable":true,"href":"https:\/\/homebyvm.com\/lt\/wp-json\/wp\/v2\/media\/1230"}],"wp:attachment":[{"href":"https:\/\/homebyvm.com\/lt\/wp-json\/wp\/v2\/media?parent=4354"}],"wp:term":[{"taxonomy":"product_brand","embeddable":true,"href":"https:\/\/homebyvm.com\/lt\/wp-json\/wp\/v2\/product_brand?post=4354"},{"taxonomy":"product_cat","embeddable":true,"href":"https:\/\/homebyvm.com\/lt\/wp-json\/wp\/v2\/product_cat?post=4354"},{"taxonomy":"product_tag","embeddable":true,"href":"https:\/\/homebyvm.com\/lt\/wp-json\/wp\/v2\/product_tag?post=4354"}],"curies":[{"name":"wp","href":"https:\/\/api.w.org\/{rel}","templated":true}]}}