{"id":4355,"date":"2023-07-21T23:10:38","date_gmt":"2023-07-21T23:10:38","guid":{"rendered":"https:\/\/homebyvm.com\/produktas\/pufa-kostka-modern-poliester\/"},"modified":"2024-12-23T13:30:58","modified_gmt":"2024-12-23T13:30:58","slug":"pufa-kostka-modern-poliester","status":"publish","type":"product","link":"https:\/\/homebyvm.com\/lt\/produktas\/pufa-kostka-modern-poliester\/","title":{"rendered":"Modernus poliesterio kubo pufas"},"content":{"rendered":"<p>Modernus kubas<br \/>\nVizualiai \u012fdomi ir funkcionali - b\u016btent tokia yra \"Cube Modern\" pufas. D\u0117l savo formos, dizaino ir spalvini\u0173 variant\u0173 pufas gali b\u016bti naudojamas tokiose patalpose kaip svetain\u0117, miegamasis, vaik\u0173 kambarys ar net virtuv\u0117. \u0160is baldas nesideformuoja, o d\u0117l polistireno suformuoto u\u017epildo yra itin patogus. Gamin\u012f galima rinktis i\u0161 keli\u0173 \u012fdomi\u0173 spalv\u0173 variant\u0173, atitinkan\u010di\u0173 dabartines interjero dizaino tendencijas.<br \/>\nPufas yra 40 cm auk\u0161\u010dio, o jo ilgis ir plotis yra tokio paties dyd\u017eio. D\u0117l savo ergonomi\u0161ko dyd\u017eio jis neabejotinai idealiai tinka daugelyje kambari\u0173, nepriklausomai nuo j\u0173 dyd\u017eio. Baldas pagamintas Lenkijoje, i\u0161 ger\u0173 med\u017eiag\u0173 ir skiriant d\u0117mes\u012f kiekvienai, net ir menkiausiai detalei. Gaminys nesukelia alergini\u0173 reakcij\u0173, be to, d\u0117l med\u017eiag\u0173, i\u0161 kuri\u0173 jis pagamintas, j\u012f saugu naudoti vaikams. Auk\u0161tus \"Kostka Modern\" puf\u0173 gamybos standartus patvirtina daugyb\u0117 kokyb\u0117s sertifikat\u0173.\u00a0<br \/>\nMed\u017eiagos savyb\u0117s<\/p>","protected":false},"excerpt":{"rendered":"<p>Kostka Modern Ciekawa wizualnie i funkcjonalna &#8211; taka w\u0142a\u015bnie jest pufa Kostka Modern. Ze wzgl\u0119du na kszta\u0142t, design i warianty kolorystyczne pufa mo\u017ce by\u0107 elementem wyposa\u017cenia takich pomieszcze\u0144 jak salon, sypialnia, pok\u00f3j dziecka, a nawet kuchnia. Mebel ten nie odkszta\u0142ca si\u0119, a ze wzgl\u0119du na wype\u0142nienie z kszta\u0142tki styropianowej jest niezwykle wygodna. Produkt dost\u0119pny jest [&hellip;]<\/p>\n","protected":false},"featured_media":1233,"comment_status":"closed","ping_status":"open","template":"","meta":{"_kad_blocks_custom_css":"","_kad_blocks_head_custom_js":"","_kad_blocks_body_custom_js":"","_kad_blocks_footer_custom_js":""},"product_brand":[],"product_cat":[28],"product_tag":[],"class_list":{"0":"post-4355","1":"product","2":"type-product","3":"status-publish","4":"has-post-thumbnail","6":"product_cat-pufy","7":"wcpa_has_options","9":"first","10":"outofstock","11":"purchasable","12":"product-type-simple"},"taxonomy_info":{"product_cat":[{"value":28,"label":"Pufy"}]},"featured_image_src_large":["https:\/\/homebyvm.com\/wp-content\/uploads\/2023\/05\/export-347-1024x1024.jpg",1024,1024,true],"author_info":[],"comment_info":0,"_links":{"self":[{"href":"https:\/\/homebyvm.com\/lt\/wp-json\/wp\/v2\/product\/4355","targetHints":{"allow":["GET"]}}],"collection":[{"href":"https:\/\/homebyvm.com\/lt\/wp-json\/wp\/v2\/product"}],"about":[{"href":"https:\/\/homebyvm.com\/lt\/wp-json\/wp\/v2\/types\/product"}],"replies":[{"embeddable":true,"href":"https:\/\/homebyvm.com\/lt\/wp-json\/wp\/v2\/comments?post=4355"}],"wp:featuredmedia":[{"embeddable":true,"href":"https:\/\/homebyvm.com\/lt\/wp-json\/wp\/v2\/media\/1233"}],"wp:attachment":[{"href":"https:\/\/homebyvm.com\/lt\/wp-json\/wp\/v2\/media?parent=4355"}],"wp:term":[{"taxonomy":"product_brand","embeddable":true,"href":"https:\/\/homebyvm.com\/lt\/wp-json\/wp\/v2\/product_brand?post=4355"},{"taxonomy":"product_cat","embeddable":true,"href":"https:\/\/homebyvm.com\/lt\/wp-json\/wp\/v2\/product_cat?post=4355"},{"taxonomy":"product_tag","embeddable":true,"href":"https:\/\/homebyvm.com\/lt\/wp-json\/wp\/v2\/product_tag?post=4355"}],"curies":[{"name":"wp","href":"https:\/\/api.w.org\/{rel}","templated":true}]}}