{"id":4356,"date":"2023-07-21T23:10:38","date_gmt":"2023-07-21T23:10:38","guid":{"rendered":"https:\/\/homebyvm.com\/produktas\/pufa-lazy-m-poliester\/"},"modified":"2024-12-23T13:30:58","modified_gmt":"2024-12-23T13:30:58","slug":"pufa-lazy-m-poliester","status":"publish","type":"product","link":"https:\/\/homebyvm.com\/lt\/produktas\/pufa-lazy-m-poliester\/","title":{"rendered":"Lazy M Poliesterio pufas"},"content":{"rendered":"<p>Tingus pufas<br \/>\nPatogi ir stilinga - b\u016btent tokia yra \"Lazy pouffe\". \u017dvelgiant \u012f \u0161\u012f model\u012f nekyla abejoni\u0173, kad juo naudotis tikrai malonu. Pufo pagrindas yra 150 cm plo\u010dio, o auk\u0161tis - 100 cm. D\u0117l savo matmen\u0173 \u0161is gaminys yra geras pasirinkimas svetainei, miegamajam, taip pat paauglio kambariui, nepriklausomai nuo jo dyd\u017eio. Puf\u0105 \"Lazy\" galima rinktis i\u0161 keli\u0173 spalv\u0173 variant\u0173. \u0160i \u012fvairov\u0117 rei\u0161kia, kad tikrai rasite tinkam\u0105 variant\u0105 bet kokiam \u012frengimui. \u0160is baldas sukurtas \u017emon\u0117ms, kurie vis\u0173 pirma vertina komfort\u0105 ir patogum\u0105. Lazy Pouffe gali b\u016bti modernaus, minimalistinio interjero, taip pat interjero, kuriame svarb\u016bs stilingi baldai ir aksesuarai, elementas. Gaminys pagamintas Lenkijoje, i\u0161 geriausi\u0173 med\u017eiag\u0173 ir skiriant d\u0117mes\u012f kiekvienai apdailos detalei. Jis nesukelia alergini\u0173 reakcij\u0173 ir d\u0117l naudojam\u0173 med\u017eiag\u0173 yra saugus vaikams. Jei turite klausim\u0173 d\u0117l transportavimo, technini\u0173 parametr\u0173 - susisiekite su mumis ir susipa\u017einkite su m\u016bs\u0173 pasi\u016blymu.<br \/>\nMed\u017eiagos savyb\u0117s<\/p>","protected":false},"excerpt":{"rendered":"<p>Pufa Lazy Komfortowa i stylowa &#8211; taka w\u0142a\u015bnie jest pufa Lazy. Patrz\u0105c na ten model, nie ma si\u0119 w\u0105tpliwo\u015bci, \u017ce korzystanie z niego jest prawdziw\u0105 przyjemno\u015bci\u0105. Podstawa pufy ma szeroko\u015b\u0107 150 cm, a wysoko\u015b\u0107 wynosi 100 cm. Ze wzgl\u0119du na wymiary, produkt ten jest dobrym wyborem do salonu, sypialni, a tak\u017ce do pokoju nastolatka, bez [&hellip;]<\/p>\n","protected":false},"featured_media":1236,"comment_status":"closed","ping_status":"open","template":"","meta":{"_kad_blocks_custom_css":"","_kad_blocks_head_custom_js":"","_kad_blocks_body_custom_js":"","_kad_blocks_footer_custom_js":""},"product_brand":[],"product_cat":[28],"product_tag":[],"class_list":{"0":"post-4356","1":"product","2":"type-product","3":"status-publish","4":"has-post-thumbnail","6":"product_cat-pufy","7":"wcpa_has_options","9":"first","10":"instock","11":"purchasable","12":"product-type-simple"},"taxonomy_info":{"product_cat":[{"value":28,"label":"Pufy"}]},"featured_image_src_large":["https:\/\/homebyvm.com\/wp-content\/uploads\/2023\/05\/export-350-1024x1024.jpg",1024,1024,true],"author_info":[],"comment_info":0,"_links":{"self":[{"href":"https:\/\/homebyvm.com\/lt\/wp-json\/wp\/v2\/product\/4356","targetHints":{"allow":["GET"]}}],"collection":[{"href":"https:\/\/homebyvm.com\/lt\/wp-json\/wp\/v2\/product"}],"about":[{"href":"https:\/\/homebyvm.com\/lt\/wp-json\/wp\/v2\/types\/product"}],"replies":[{"embeddable":true,"href":"https:\/\/homebyvm.com\/lt\/wp-json\/wp\/v2\/comments?post=4356"}],"wp:featuredmedia":[{"embeddable":true,"href":"https:\/\/homebyvm.com\/lt\/wp-json\/wp\/v2\/media\/1236"}],"wp:attachment":[{"href":"https:\/\/homebyvm.com\/lt\/wp-json\/wp\/v2\/media?parent=4356"}],"wp:term":[{"taxonomy":"product_brand","embeddable":true,"href":"https:\/\/homebyvm.com\/lt\/wp-json\/wp\/v2\/product_brand?post=4356"},{"taxonomy":"product_cat","embeddable":true,"href":"https:\/\/homebyvm.com\/lt\/wp-json\/wp\/v2\/product_cat?post=4356"},{"taxonomy":"product_tag","embeddable":true,"href":"https:\/\/homebyvm.com\/lt\/wp-json\/wp\/v2\/product_tag?post=4356"}],"curies":[{"name":"wp","href":"https:\/\/api.w.org\/{rel}","templated":true}]}}