{"id":4359,"date":"2023-07-21T23:10:38","date_gmt":"2023-07-21T23:10:38","guid":{"rendered":"https:\/\/homebyvm.com\/produktas\/pufa-sakwa-m-modern-plusz\/"},"modified":"2024-12-23T13:30:58","modified_gmt":"2024-12-23T13:30:58","slug":"pufa-sakwa-m-modern-plusz","status":"publish","type":"product","link":"https:\/\/homebyvm.com\/lt\/produktas\/pufa-sakwa-m-modern-plusz\/","title":{"rendered":"Mai\u0161as M Modern Plush"},"content":{"rendered":"<p>Mai\u0161as M Modern Plush<br \/>\nKart\u0105 atsis\u0117d\u0119 ant \"Sakwa M Modern Plush\" pufo nenor\u0117site keltis! Nesvarbu, ar \u017ei\u016brite televizori\u0173, skaitote knyg\u0105, ar \u017eaid\u017eiate \u017eaidim\u0105, \u0161i nuostabi s\u0117dyn\u0117 suteiks jums komforto ir maksimalaus atsipalaidavimo jausm\u0105. \u0160is didelis (90 cm x 50 cm) ir jaukus pufas jums niekada nepabos. Jis skirtas \u012fvairaus dyd\u017eio kambariams, tod\u0117l yra vidutinio ir didelio dyd\u017eio. Modernus pliu\u0161inis fotelis \"Sakwa M\" pasi\u016btas i\u0161 mink\u0161to pliu\u0161o. \u0160i ma\u017eo plauko med\u017eiaga maloni liesti ir visi\u0161kai saugi alergi\u0161kiems \u017emon\u0117ms.<br \/>\n\"Sackwa M Modern Plush Puf\" puikiai tinka moderniam interjerui. D\u0117l linksm\u0173 spalv\u0173 ir raides bei skai\u010dius vaizduojan\u010dio ra\u0161to \u0161is pufas puikiai tinka vaiko ar paauglio kambariui. Svetain\u0117je j\u012f galite pastatyti prie\u0161ais televizori\u0173 - jis puikiai tinka \u017ei\u016br\u0117ti filmus! Pufas pripildytas polistireno granuli\u0173, tod\u0117l yra elastingas ir labai patvarus. Jame galite atsilo\u0161ti taip, kaip jums patinka, taip i\u0161vengsite varginan\u010dio s\u0117d\u0117jimo vienoje pad\u0117tyje.<br \/>\nMed\u017eiagos savyb\u0117s<\/p>","protected":false},"excerpt":{"rendered":"<p>Pufa Sakwa M Modern Plusz Kiedy usi\u0105dziesz na pufie Sakwa M Modern Plusz, nie b\u0119dziesz chcia\u0142 si\u0119 podnosi\u0107! Bez wzgl\u0119du na to, czy ogl\u0105dasz telewizj\u0119, czytasz ksi\u0105\u017ck\u0119 czy grasz w gr\u0119, to wspania\u0142e siedzisko da Ci poczucie komfortu i maksymalnego relaksu. Ta du\u017ca (90 cm x 50 cm) i przytulna pufa nigdy Ci si\u0119 nie [&hellip;]<\/p>\n","protected":false},"featured_media":1242,"comment_status":"closed","ping_status":"open","template":"","meta":{"_kad_blocks_custom_css":"","_kad_blocks_head_custom_js":"","_kad_blocks_body_custom_js":"","_kad_blocks_footer_custom_js":""},"product_brand":[],"product_cat":[28],"product_tag":[],"class_list":{"0":"post-4359","1":"product","2":"type-product","3":"status-publish","4":"has-post-thumbnail","6":"product_cat-pufy","7":"wcpa_has_options","9":"first","10":"instock","11":"purchasable","12":"product-type-simple"},"taxonomy_info":{"product_cat":[{"value":28,"label":"Pufy"}]},"featured_image_src_large":["https:\/\/homebyvm.com\/wp-content\/uploads\/2023\/05\/export-356-1024x1024.jpg",1024,1024,true],"author_info":[],"comment_info":0,"_links":{"self":[{"href":"https:\/\/homebyvm.com\/lt\/wp-json\/wp\/v2\/product\/4359","targetHints":{"allow":["GET"]}}],"collection":[{"href":"https:\/\/homebyvm.com\/lt\/wp-json\/wp\/v2\/product"}],"about":[{"href":"https:\/\/homebyvm.com\/lt\/wp-json\/wp\/v2\/types\/product"}],"replies":[{"embeddable":true,"href":"https:\/\/homebyvm.com\/lt\/wp-json\/wp\/v2\/comments?post=4359"}],"wp:featuredmedia":[{"embeddable":true,"href":"https:\/\/homebyvm.com\/lt\/wp-json\/wp\/v2\/media\/1242"}],"wp:attachment":[{"href":"https:\/\/homebyvm.com\/lt\/wp-json\/wp\/v2\/media?parent=4359"}],"wp:term":[{"taxonomy":"product_brand","embeddable":true,"href":"https:\/\/homebyvm.com\/lt\/wp-json\/wp\/v2\/product_brand?post=4359"},{"taxonomy":"product_cat","embeddable":true,"href":"https:\/\/homebyvm.com\/lt\/wp-json\/wp\/v2\/product_cat?post=4359"},{"taxonomy":"product_tag","embeddable":true,"href":"https:\/\/homebyvm.com\/lt\/wp-json\/wp\/v2\/product_tag?post=4359"}],"curies":[{"name":"wp","href":"https:\/\/api.w.org\/{rel}","templated":true}]}}