{"id":4367,"date":"2023-07-21T23:10:41","date_gmt":"2023-07-21T23:10:41","guid":{"rendered":"https:\/\/homebyvm.com\/produktas\/pufa-roller-ekoskora\/"},"modified":"2024-12-23T13:30:58","modified_gmt":"2024-12-23T13:30:58","slug":"pufa-roller-ekoskora","status":"publish","type":"product","link":"https:\/\/homebyvm.com\/lt\/produktas\/pufa-roller-ekoskora\/","title":{"rendered":"Ritinin\u0117 eko odos pufa"},"content":{"rendered":"<p>RITININIS EKO ODOS PUFAS<br \/>\nPasirinkite elegancij\u0105 ir paprastum\u0105. Pasirinkite \u0161\u012f klasikinio dizaino ir vienspalv\u012f apval\u0173 puf\u0105 i\u0161 ekologi\u0161kos odos. Diskreti\u0161ka odos tekst\u016bra ir subtil\u016bs dygsniai suteikia jai pra\u0161matnumo. \u0160is patogus baldas puikiai papuo\u0161 j\u016bs\u0173 svetain\u0119, miegam\u0105j\u012f ar vaik\u0173 kambar\u012f. Pasirinkite ry\u0161ki\u0105, originali\u0105 spalv\u0105, kad vienodai dekoruotame interjere atsirast\u0173 \u012fdomus akcentas, arba priderinkite pufo spalv\u0105 prie kit\u0173 bald\u0173 ir aksesuar\u0173. Kad ir k\u0105 pasirinktum\u0117te, galite b\u016bti tikri, kad \u0161is pufas jums tarnaus daugel\u012f met\u0173.<br \/>\n\u0160i\u0173 bald\u0173 stabilios konstrukcijos pagrind\u0105 sudaro tvirtas polistireno liejinys, padengtas mink\u0161tu mink\u0161tu mink\u0161tiklio putplas\u010diu. Auk\u0161tos kokyb\u0117s eko odos apdaila yra patvari ir lengvai valoma. Taip sukonstruotas pufas yra labai ergonomi\u0161kas. Jis taip pat turi daug praktini\u0173 panaudojimo galimybi\u0173. J\u012f galite naudoti kaip puiki\u0105 koj\u0173 atram\u0105 foteliui ar sofai. Jis taip pat puikiai tiks prie\u0161kambaryje kaip s\u0117dyn\u0117 batams persiauti. Pastatykite j\u012f vaik\u0173 kambaryje, kad gal\u0117tum\u0117te dalyvauti ma\u017e\u0173j\u0173 \u017eaidimuose.<br \/>\nMed\u017eiagos savyb\u0117s<\/p>","protected":false},"excerpt":{"rendered":"<p>PUFA ROLLER EKOSK\u00d3RA Postaw na elegancj\u0119 i prostot\u0119. Wybierz t\u0119 okr\u0105g\u0142\u0105 puf\u0119 z ekosk\u00f3ry w klasycznej stylistyce i jednolitym kolorze. Dyskretna, sk\u00f3ropodobna faktura i delikatne szwy nadaj\u0105 jej szyku. Ten wygodny mebel b\u0119dzie doskona\u0142\u0105 ozdob\u0105 salonu, sypialni lub pokoju dzieci\u0119cego. Postaw na \u017cywy, oryginalny kolor, aby wprowadzi\u0107 ciekawy akcent w jednolicie urz\u0105dzonym wn\u0119trzu lub dopasuj [&hellip;]<\/p>\n","protected":false},"featured_media":1269,"comment_status":"closed","ping_status":"open","template":"","meta":{"_kad_blocks_custom_css":"","_kad_blocks_head_custom_js":"","_kad_blocks_body_custom_js":"","_kad_blocks_footer_custom_js":""},"product_brand":[],"product_cat":[28],"product_tag":[],"class_list":{"0":"post-4367","1":"product","2":"type-product","3":"status-publish","4":"has-post-thumbnail","6":"product_cat-pufy","7":"wcpa_has_options","9":"first","10":"outofstock","11":"purchasable","12":"product-type-simple"},"taxonomy_info":{"product_cat":[{"value":28,"label":"Pufy"}]},"featured_image_src_large":["https:\/\/homebyvm.com\/wp-content\/uploads\/2023\/05\/export-383.jpg",800,800,false],"author_info":[],"comment_info":0,"_links":{"self":[{"href":"https:\/\/homebyvm.com\/lt\/wp-json\/wp\/v2\/product\/4367","targetHints":{"allow":["GET"]}}],"collection":[{"href":"https:\/\/homebyvm.com\/lt\/wp-json\/wp\/v2\/product"}],"about":[{"href":"https:\/\/homebyvm.com\/lt\/wp-json\/wp\/v2\/types\/product"}],"replies":[{"embeddable":true,"href":"https:\/\/homebyvm.com\/lt\/wp-json\/wp\/v2\/comments?post=4367"}],"wp:featuredmedia":[{"embeddable":true,"href":"https:\/\/homebyvm.com\/lt\/wp-json\/wp\/v2\/media\/1269"}],"wp:attachment":[{"href":"https:\/\/homebyvm.com\/lt\/wp-json\/wp\/v2\/media?parent=4367"}],"wp:term":[{"taxonomy":"product_brand","embeddable":true,"href":"https:\/\/homebyvm.com\/lt\/wp-json\/wp\/v2\/product_brand?post=4367"},{"taxonomy":"product_cat","embeddable":true,"href":"https:\/\/homebyvm.com\/lt\/wp-json\/wp\/v2\/product_cat?post=4367"},{"taxonomy":"product_tag","embeddable":true,"href":"https:\/\/homebyvm.com\/lt\/wp-json\/wp\/v2\/product_tag?post=4367"}],"curies":[{"name":"wp","href":"https:\/\/api.w.org\/{rel}","templated":true}]}}