{"id":4368,"date":"2023-07-21T23:10:41","date_gmt":"2023-07-21T23:10:41","guid":{"rendered":"https:\/\/homebyvm.com\/produktas\/pufa-sakwa-l-ekoskora\/"},"modified":"2024-12-23T13:31:00","modified_gmt":"2024-12-23T13:31:00","slug":"pufa-sakwa-l-ekoskora","status":"publish","type":"product","link":"https:\/\/homebyvm.com\/lt\/produktas\/pufa-sakwa-l-ekoskora\/","title":{"rendered":"L Eco odos pufas"},"content":{"rendered":"<p>L Eco odos pufas<br \/>\nJei s\u0117dite, s\u0117d\u0117kite tik patogiai. Visus, kurie sutinka su \u0161iuo teiginiu, tur\u0117t\u0173 sudominti \"Sakwa L Eco Leather\" pufas, pasi\u017eymintis atsparumu, prakti\u0161kumu ir netradici\u0161kumu. S\u0117d\u0117ti ant jo - grynas malonumas. Ta\u010diau m\u016bs\u0173 bald\u0105 galima naudoti ir \u017eaidimams ar gimnastikai, nes tai daugiafunkcinis modelis. Originalus meistri\u0161kumas ir auk\u0161tos kokyb\u0117s med\u017eiagos, panaudotos jo gamybai, leido sukurti mading\u0105 ir patvar\u0173 gamin\u012f, kuris laikui b\u0117gant nepraras nei i\u0161vaizdos, nei funkcionalumo. D\u0117l originalios formos ir pla\u010dios spalv\u0173 gamos kiekvienas gali i\u0161sirinkti savo skon\u012f ir interjero dizain\u0105 atitinkan\u010di\u0105 versij\u0105. Sackwa L pufas yra idealus sprendimas ne tik butams, bet ir visuomenin\u0117s paskirties patalpose esantiems interjerams.<br \/>\nMed\u017eiagos savyb\u0117s<\/p>","protected":false},"excerpt":{"rendered":"<p>Pufa Sakwa L Ekosk\u00f3ra Je\u015bli siedzie\u0107, to tylko wygodnie. Ka\u017cdego, kto zgadza si\u0119 z tym stwierdzeniem, powinna zainteresowa\u0107 pufa Sakwa L Ekosk\u00f3ra, kt\u00f3ra cechuje si\u0119 spr\u0119\u017cysto\u015bci\u0105, praktyczno\u015bci\u0105 i nieszablonowo\u015bci\u0105. Siedzenie na niej to czysta przyjemno\u015b\u0107. Jednak nasz mebel mo\u017ce s\u0142u\u017cy\u0107 tak\u017ce do zabawy czy gimnastyki, poniewa\u017c to model wielofunkcyjny. Oryginalne wykonanie oraz wysokiej jako\u015bci materia\u0142y [&hellip;]<\/p>\n","protected":false},"featured_media":1272,"comment_status":"closed","ping_status":"open","template":"","meta":{"_kad_blocks_custom_css":"","_kad_blocks_head_custom_js":"","_kad_blocks_body_custom_js":"","_kad_blocks_footer_custom_js":""},"product_brand":[],"product_cat":[28],"product_tag":[],"class_list":{"0":"post-4368","1":"product","2":"type-product","3":"status-publish","4":"has-post-thumbnail","6":"product_cat-pufy","7":"wcpa_has_options","9":"first","10":"instock","11":"purchasable","12":"product-type-simple"},"taxonomy_info":{"product_cat":[{"value":28,"label":"Pufy"}]},"featured_image_src_large":["https:\/\/homebyvm.com\/wp-content\/uploads\/2023\/05\/export-386-1024x1024.jpg",1024,1024,true],"author_info":[],"comment_info":0,"_links":{"self":[{"href":"https:\/\/homebyvm.com\/lt\/wp-json\/wp\/v2\/product\/4368","targetHints":{"allow":["GET"]}}],"collection":[{"href":"https:\/\/homebyvm.com\/lt\/wp-json\/wp\/v2\/product"}],"about":[{"href":"https:\/\/homebyvm.com\/lt\/wp-json\/wp\/v2\/types\/product"}],"replies":[{"embeddable":true,"href":"https:\/\/homebyvm.com\/lt\/wp-json\/wp\/v2\/comments?post=4368"}],"wp:featuredmedia":[{"embeddable":true,"href":"https:\/\/homebyvm.com\/lt\/wp-json\/wp\/v2\/media\/1272"}],"wp:attachment":[{"href":"https:\/\/homebyvm.com\/lt\/wp-json\/wp\/v2\/media?parent=4368"}],"wp:term":[{"taxonomy":"product_brand","embeddable":true,"href":"https:\/\/homebyvm.com\/lt\/wp-json\/wp\/v2\/product_brand?post=4368"},{"taxonomy":"product_cat","embeddable":true,"href":"https:\/\/homebyvm.com\/lt\/wp-json\/wp\/v2\/product_cat?post=4368"},{"taxonomy":"product_tag","embeddable":true,"href":"https:\/\/homebyvm.com\/lt\/wp-json\/wp\/v2\/product_tag?post=4368"}],"curies":[{"name":"wp","href":"https:\/\/api.w.org\/{rel}","templated":true}]}}