{"id":4369,"date":"2023-07-21T23:10:41","date_gmt":"2023-07-21T23:10:41","guid":{"rendered":"https:\/\/homebyvm.com\/produktas\/pufa-sakwa-l-amore-plusz\/"},"modified":"2024-12-23T13:31:00","modified_gmt":"2024-12-23T13:31:00","slug":"pufa-sakwa-l-amore-plusz","status":"publish","type":"product","link":"https:\/\/homebyvm.com\/lt\/produktas\/pufa-sakwa-l-amore-plusz\/","title":{"rendered":"Sack L Amore Pliu\u0161inis pufas"},"content":{"rendered":"<p>POUFFE SAKWA L PLUSH<br \/>\n\u0160is patogus ir mink\u0161tas pufas, primenantis peteli\u0161k\u0119, buvo sukurtas patogiam poilsiui. Jis aptrauktas maloniu liesti pliu\u0161iniu audiniu. Jis puikiai tinka s\u0117d\u0117ti, ils\u0117tis, atsipalaiduoti ir \u017eaisti. Jis puikiai tiks netradicinio interjero m\u0117g\u0117jams ir tiems, kurie ie\u0161ko originali\u0173 bald\u0173 vaiko miegamajam. Jis tinka ir dideliems, ir ma\u017eiems moderniu stiliumi \u012frengtiems kambariams. J\u0105 galima rinktis ir ry\u0161ki\u0173, ir prislopint\u0173 spalv\u0173.<br \/>\n\u0160is unikalus poilsio baldas pagamintas i\u0161 patvaraus polistireno granuli\u0173, kurios pasi\u017eymi ypatingu atsparumu ir tvirtumu. Jo d\u0117ka galime suteikti panelei bet koki\u0105 norim\u0105 form\u0105. J\u0105 puikiai tinka naudoti kaip fotel\u012f ar poilsio guol\u012f. Jis puikiai prisitaiko prie k\u016bno, u\u017etikrindamas maksimal\u0173 komfort\u0105. Pufas yra lengvas ir lengvai ne\u0161iojamas. Auk\u0161tos kokyb\u0117s pliu\u0161in\u0119 med\u017eiag\u0105 lengva valyti, ji maloni liesti, nealergizuoja ir yra itin patvari. Jis puikiai tiks kaip papildomas svetain\u0117s poilsio baldas ir originalus priedas ma\u017eame miegamajame.<br \/>\nMed\u017eiagos savyb\u0117s<\/p>","protected":false},"excerpt":{"rendered":"<p>PUFA SAKWA L PLUSZ Ta wygodna i mi\u0119kka pufa w formie sakwy zosta\u0142a stworzona do komfortowego wypoczynku. Pokryto j\u0105 przyjemnym w dotyku pluszem. \u015awietnie nadaje si\u0119 do siedzenia, le\u017cakowania, odpoczynku i zabawy. Doskonale trafi w gusta mi\u0142o\u015bnik\u00f3w nieszablonowych wn\u0119trz oraz os\u00f3b poszukuj\u0105cych oryginalnego wyposa\u017cenia sypialni dzieci\u0119cej. Pasuje do du\u017cych i ma\u0142ych pomieszcze\u0144 urz\u0105dzonych w nowoczesnym [&hellip;]<\/p>\n","protected":false},"featured_media":1275,"comment_status":"closed","ping_status":"open","template":"","meta":{"_kad_blocks_custom_css":"","_kad_blocks_head_custom_js":"","_kad_blocks_body_custom_js":"","_kad_blocks_footer_custom_js":""},"product_brand":[],"product_cat":[28],"product_tag":[],"class_list":{"0":"post-4369","1":"product","2":"type-product","3":"status-publish","4":"has-post-thumbnail","6":"product_cat-pufy","7":"wcpa_has_options","9":"first","10":"instock","11":"purchasable","12":"product-type-simple"},"taxonomy_info":{"product_cat":[{"value":28,"label":"Pufy"}]},"featured_image_src_large":["https:\/\/homebyvm.com\/wp-content\/uploads\/2023\/05\/export-389-1024x1024.jpg",1024,1024,true],"author_info":[],"comment_info":0,"_links":{"self":[{"href":"https:\/\/homebyvm.com\/lt\/wp-json\/wp\/v2\/product\/4369","targetHints":{"allow":["GET"]}}],"collection":[{"href":"https:\/\/homebyvm.com\/lt\/wp-json\/wp\/v2\/product"}],"about":[{"href":"https:\/\/homebyvm.com\/lt\/wp-json\/wp\/v2\/types\/product"}],"replies":[{"embeddable":true,"href":"https:\/\/homebyvm.com\/lt\/wp-json\/wp\/v2\/comments?post=4369"}],"wp:featuredmedia":[{"embeddable":true,"href":"https:\/\/homebyvm.com\/lt\/wp-json\/wp\/v2\/media\/1275"}],"wp:attachment":[{"href":"https:\/\/homebyvm.com\/lt\/wp-json\/wp\/v2\/media?parent=4369"}],"wp:term":[{"taxonomy":"product_brand","embeddable":true,"href":"https:\/\/homebyvm.com\/lt\/wp-json\/wp\/v2\/product_brand?post=4369"},{"taxonomy":"product_cat","embeddable":true,"href":"https:\/\/homebyvm.com\/lt\/wp-json\/wp\/v2\/product_cat?post=4369"},{"taxonomy":"product_tag","embeddable":true,"href":"https:\/\/homebyvm.com\/lt\/wp-json\/wp\/v2\/product_tag?post=4369"}],"curies":[{"name":"wp","href":"https:\/\/api.w.org\/{rel}","templated":true}]}}