{"id":4378,"date":"2023-07-21T23:10:41","date_gmt":"2023-07-21T23:10:41","guid":{"rendered":"https:\/\/homebyvm.com\/produktas\/pufa-sakwa-m-poliester-design\/"},"modified":"2023-12-06T21:09:24","modified_gmt":"2023-12-06T21:09:24","slug":"pufa-sakwa-m-poliester-design","status":"publish","type":"product","link":"https:\/\/homebyvm.com\/lt\/produktas\/pufa-sakwa-m-poliester-design\/","title":{"rendered":"Puf\u0173 mai\u0161as M Poliesterio dizainas"},"content":{"rendered":"<p>Sakwa pufas<br \/>\n\u0160iais laikais foteliai skirti ne tik s\u0117d\u0117ti vertikaliai. Sackwa pufas tai puikiai \u012frodo: jis gali b\u016bti naudojamas kaip s\u0117dyn\u0117, \u010diu\u017einys ar vieta \u017eaidimams. J\u0105 galima naudoti atsipalaidavimui, meditacijai ar pramogoms: patogiai \u017ei\u016br\u0117ti film\u0105 ar klausytis muzikos. D\u0117l polistireno granuli\u0173 u\u017epildo pufas puikiai prisitaiko prie k\u016bno ir suteikia puiki\u0105 atram\u0105 bet kurioje pad\u0117tyje. Jis lanks\u010diai prisitaiko prie kiekvieno \u017emogaus, tod\u0117l tinka visiems, nepriklausomai nuo am\u017eiaus ar svorio. Pufas \"Sakwa\" siuvamas i\u0161 poliesterio madingais ra\u0161tais, kurie suteiks j\u016bs\u0173 kambariui modernumo ir originalumo. Jis puikiai tinka ne tik dideliuose, bet ir ma\u017eesniuose kambariuose. Ji lengva, tod\u0117l galite laisvai j\u0105 perkelti, kad pasitarnaut\u0173 bet kurioje situacijoje, kai reikia patogumo ir poilsio.<br \/>\nMed\u017eiagos savyb\u0117s<\/p>","protected":false},"excerpt":{"rendered":"<p>Pufa Sakwa Obecnie fotele nie musz\u0105 s\u0142u\u017cy\u0107 tylko do siedzenia w pozycji wyprostowanej. Doskonale udowadnia to Pufa Sakwa, kt\u00f3r\u0105 mo\u017cna traktowa\u0107 jako siedzisko, materac czy miejsce do zabawy. Mo\u017cna na niej odpocz\u0105\u0107, odda\u0107 si\u0119 medytacji lub rozrywce: wygodnie obejrze\u0107 film czy pos\u0142ucha\u0107 muzyki. Dzi\u0119ki wype\u0142nieniu w postaci styropianowego granulatu idealnie wsp\u00f3\u0142gra z cia\u0142em, zapewniaj\u0105c doskona\u0142e [&hellip;]<\/p>\n","protected":false},"featured_media":1302,"comment_status":"closed","ping_status":"open","template":"","meta":{"_kad_blocks_custom_css":"","_kad_blocks_head_custom_js":"","_kad_blocks_body_custom_js":"","_kad_blocks_footer_custom_js":""},"product_brand":[],"product_cat":[28],"product_tag":[],"class_list":{"0":"post-4378","1":"product","2":"type-product","3":"status-publish","4":"has-post-thumbnail","6":"product_cat-pufy","7":"wcpa_has_options","9":"first","10":"outofstock","11":"purchasable","12":"product-type-simple"},"taxonomy_info":{"product_cat":[{"value":28,"label":"Pufy"}]},"featured_image_src_large":["https:\/\/homebyvm.com\/wp-content\/uploads\/2023\/05\/export-416-1024x1024.jpg",1024,1024,true],"author_info":[],"comment_info":0,"_links":{"self":[{"href":"https:\/\/homebyvm.com\/lt\/wp-json\/wp\/v2\/product\/4378","targetHints":{"allow":["GET"]}}],"collection":[{"href":"https:\/\/homebyvm.com\/lt\/wp-json\/wp\/v2\/product"}],"about":[{"href":"https:\/\/homebyvm.com\/lt\/wp-json\/wp\/v2\/types\/product"}],"replies":[{"embeddable":true,"href":"https:\/\/homebyvm.com\/lt\/wp-json\/wp\/v2\/comments?post=4378"}],"wp:featuredmedia":[{"embeddable":true,"href":"https:\/\/homebyvm.com\/lt\/wp-json\/wp\/v2\/media\/1302"}],"wp:attachment":[{"href":"https:\/\/homebyvm.com\/lt\/wp-json\/wp\/v2\/media?parent=4378"}],"wp:term":[{"taxonomy":"product_brand","embeddable":true,"href":"https:\/\/homebyvm.com\/lt\/wp-json\/wp\/v2\/product_brand?post=4378"},{"taxonomy":"product_cat","embeddable":true,"href":"https:\/\/homebyvm.com\/lt\/wp-json\/wp\/v2\/product_cat?post=4378"},{"taxonomy":"product_tag","embeddable":true,"href":"https:\/\/homebyvm.com\/lt\/wp-json\/wp\/v2\/product_tag?post=4378"}],"curies":[{"name":"wp","href":"https:\/\/api.w.org\/{rel}","templated":true}]}}