{"id":4388,"date":"2023-07-21T23:10:44","date_gmt":"2023-07-21T23:10:44","guid":{"rendered":"https:\/\/homebyvm.com\/produktas\/drops-small-filc\/"},"modified":"2024-12-23T13:31:12","modified_gmt":"2024-12-23T13:31:12","slug":"drops-small-filc","status":"publish","type":"product","link":"https:\/\/homebyvm.com\/lt\/produktas\/drops-small-filc\/","title":{"rendered":"Drops ma\u017eas veltinio pufas"},"content":{"rendered":"<p>\"Drops Premium\" pufas ma\u017eas<br \/>\nSavo namams ar butui verta rinktis ne tik funkcionalius ir naudingus, bet ir vizualiai patrauklius elementus. Vienas i\u0161 j\u0173 neabejotinai yra \"Drops Premium Small\" pufas, kurio didelis privalumas yra tai, kad j\u012f galima naudoti \u012fvairiose situacijose. J\u012f nesunkiai galima naudoti kaip standartin\u012f puf\u0105 s\u0117d\u0117ti, \u017eaisti su vaiku ar mank\u0161tintis arba net kaip atram\u0105 kojoms. Jo matmenys - 47 cm plo\u010dio ir 24 cm auk\u0161\u010dio. Tai funkcionalus ir esteti\u0161kas modelis. Pufas \"Drops Premium Small\" tiks net i\u0161rankiausiems klientams. Dizainas d\u0117l savo netradici\u0161kumo vis\u0173 pirma kaltas d\u0117l to, kad kaip pagrindin\u0117 med\u017eiaga naudojamas veltinis. Rezultatas - prakti\u0161kas ir patrauklus s\u0117dimasis baldas, kur\u012f galima s\u0117kmingai naudoti vis\u0173 tip\u0173 interjeruose, nepriklausomai nuo to, kaip jie dekoruoti.<\/p>","protected":false},"excerpt":{"rendered":"<p>Pufa Drops Premium Small Warto wybiera\u0107 do swojego mieszkania czy domu nie tylko elementy funkcjonalne i u\u017cyteczne, ale te\u017c atrakcyjne wizualnie. Jedn\u0105 z nich jest z pewno\u015bci\u0105 pufa Drops Premium Small, kt\u00f3rej du\u017c\u0105 zalet\u0105 jest mo\u017cliwo\u015b\u0107 wykorzystania jej w przer\u00f3\u017cnych sytuacjach. Puf\u0119 bez problemu mo\u017cna u\u017cywa\u0107 standardowo, czyli do siedzenia, b\u0105d\u017a te\u017c w trakcie zabawy [&hellip;]<\/p>\n","protected":false},"featured_media":1332,"comment_status":"closed","ping_status":"open","template":"","meta":{"_kad_blocks_custom_css":"","_kad_blocks_head_custom_js":"","_kad_blocks_body_custom_js":"","_kad_blocks_footer_custom_js":""},"product_brand":[],"product_cat":[28],"product_tag":[],"class_list":{"0":"post-4388","1":"product","2":"type-product","3":"status-publish","4":"has-post-thumbnail","6":"product_cat-pufy","7":"wcpa_has_options","9":"first","10":"instock","11":"purchasable","12":"product-type-simple"},"taxonomy_info":{"product_cat":[{"value":28,"label":"Pufy"}]},"featured_image_src_large":["https:\/\/homebyvm.com\/wp-content\/uploads\/2023\/05\/export-446-1024x1024.jpg",1024,1024,true],"author_info":[],"comment_info":0,"_links":{"self":[{"href":"https:\/\/homebyvm.com\/lt\/wp-json\/wp\/v2\/product\/4388","targetHints":{"allow":["GET"]}}],"collection":[{"href":"https:\/\/homebyvm.com\/lt\/wp-json\/wp\/v2\/product"}],"about":[{"href":"https:\/\/homebyvm.com\/lt\/wp-json\/wp\/v2\/types\/product"}],"replies":[{"embeddable":true,"href":"https:\/\/homebyvm.com\/lt\/wp-json\/wp\/v2\/comments?post=4388"}],"wp:featuredmedia":[{"embeddable":true,"href":"https:\/\/homebyvm.com\/lt\/wp-json\/wp\/v2\/media\/1332"}],"wp:attachment":[{"href":"https:\/\/homebyvm.com\/lt\/wp-json\/wp\/v2\/media?parent=4388"}],"wp:term":[{"taxonomy":"product_brand","embeddable":true,"href":"https:\/\/homebyvm.com\/lt\/wp-json\/wp\/v2\/product_brand?post=4388"},{"taxonomy":"product_cat","embeddable":true,"href":"https:\/\/homebyvm.com\/lt\/wp-json\/wp\/v2\/product_cat?post=4388"},{"taxonomy":"product_tag","embeddable":true,"href":"https:\/\/homebyvm.com\/lt\/wp-json\/wp\/v2\/product_tag?post=4388"}],"curies":[{"name":"wp","href":"https:\/\/api.w.org\/{rel}","templated":true}]}}