{"id":4400,"date":"2023-07-21T23:10:44","date_gmt":"2023-07-21T23:10:44","guid":{"rendered":"https:\/\/homebyvm.com\/produktas\/pufa-sakwa-l-mikrofaza\/"},"modified":"2023-11-25T19:06:17","modified_gmt":"2023-11-25T19:06:17","slug":"pufa-sakwa-l-mikrofaza","status":"publish","type":"product","link":"https:\/\/homebyvm.com\/lt\/produktas\/pufa-sakwa-l-mikrofaza\/","title":{"rendered":"Krep\u0161ys L Microfaza pouffe"},"content":{"rendered":"<p>Mikropluo\u0161to mai\u0161elis \"L pouf<br \/>\n\"Sackwa L\" pufas yra originalus ir labai patogus. Ji sukurta taip, kad gal\u0117tum\u0117te joje pails\u0117ti ir atsipalaiduoti. Jis gali b\u016bti vaiko kambario elementas. D\u0117l polistireno granuli\u0173 u\u017epildo baldas yra patvarus ir ergonomi\u0161kas.<br \/>\n\u012edomaus dizaino ir spalvos modelis puikiai tiks prie daugelio \u0161iuolaikini\u0173 interjero detali\u0173. \"Sakwa L\" pufas puikiai atrodys modernistiniuose, minimalistiniuose interjeruose arba interjeruose, kuriuose svarb\u0173 vaidmen\u012f atlieka original\u016bs dizaino elementai. Baldas pagamintas Lenkijoje. J\u012f gaminant naudotos tik geriausios, kruop\u0161\u010diai atrinktos med\u017eiagos. D\u0117l to jis nesukelia alergini\u0173 reakcij\u0173 ir yra saugus vaikams.<br \/>\nAuk\u0161tus \"Sakwa L\" naudojam\u0173 med\u017eiag\u0173 standartus patvirtina daugyb\u0117 kokyb\u0117s sertifikat\u0173.<br \/>\nMed\u017eiagos savyb\u0117s<\/p>","protected":false},"excerpt":{"rendered":"<p>Pufa Sakwa L z mikrofazy Pufa Sakwa L jest oryginalna i niezwykle wygodna. Zaprojektowana zosta\u0142a w taki spos\u00f3b, aby mo\u017cna by\u0142o w niej wypocz\u0105\u0107 i si\u0119 odpr\u0119\u017cy\u0107. Mo\u017ce by\u0107 elementem pokoju dzieci\u0119cego. Ze wzgl\u0119du na wype\u0142nienie z granulatu styropianowego, mebel jest trwa\u0142y i ergonomiczny. Ciekawy design i kolor sprawiaj\u0105, \u017ce model ten b\u0119dzie idealnie pasowa\u0142 [&hellip;]<\/p>\n","protected":false},"featured_media":2466,"comment_status":"closed","ping_status":"open","template":"","meta":{"_kad_blocks_custom_css":"","_kad_blocks_head_custom_js":"","_kad_blocks_body_custom_js":"","_kad_blocks_footer_custom_js":""},"product_brand":[],"product_cat":[28],"product_tag":[],"class_list":{"0":"post-4400","1":"product","2":"type-product","3":"status-publish","4":"has-post-thumbnail","6":"product_cat-pufy","7":"wcpa_has_options","9":"first","10":"outofstock","11":"purchasable","12":"product-type-simple"},"taxonomy_info":{"product_cat":[{"value":28,"label":"Pufy"}]},"featured_image_src_large":["https:\/\/homebyvm.com\/wp-content\/uploads\/2023\/07\/export-1024x1024.jpg",1024,1024,true],"author_info":[],"comment_info":0,"_links":{"self":[{"href":"https:\/\/homebyvm.com\/lt\/wp-json\/wp\/v2\/product\/4400","targetHints":{"allow":["GET"]}}],"collection":[{"href":"https:\/\/homebyvm.com\/lt\/wp-json\/wp\/v2\/product"}],"about":[{"href":"https:\/\/homebyvm.com\/lt\/wp-json\/wp\/v2\/types\/product"}],"replies":[{"embeddable":true,"href":"https:\/\/homebyvm.com\/lt\/wp-json\/wp\/v2\/comments?post=4400"}],"wp:featuredmedia":[{"embeddable":true,"href":"https:\/\/homebyvm.com\/lt\/wp-json\/wp\/v2\/media\/2466"}],"wp:attachment":[{"href":"https:\/\/homebyvm.com\/lt\/wp-json\/wp\/v2\/media?parent=4400"}],"wp:term":[{"taxonomy":"product_brand","embeddable":true,"href":"https:\/\/homebyvm.com\/lt\/wp-json\/wp\/v2\/product_brand?post=4400"},{"taxonomy":"product_cat","embeddable":true,"href":"https:\/\/homebyvm.com\/lt\/wp-json\/wp\/v2\/product_cat?post=4400"},{"taxonomy":"product_tag","embeddable":true,"href":"https:\/\/homebyvm.com\/lt\/wp-json\/wp\/v2\/product_tag?post=4400"}],"curies":[{"name":"wp","href":"https:\/\/api.w.org\/{rel}","templated":true}]}}