{"id":4412,"date":"2023-07-21T23:10:47","date_gmt":"2023-07-21T23:10:47","guid":{"rendered":"https:\/\/homebyvm.com\/produktas\/pufa-sako-mix-magic-velvet\/"},"modified":"2024-06-17T18:16:02","modified_gmt":"2024-06-17T18:16:02","slug":"pufa-sako-mix-magic-velvet","status":"publish","type":"product","link":"https:\/\/homebyvm.com\/lt\/produktas\/pufa-sako-mix-magic-velvet\/","title":{"rendered":"\"Sako Mix Magic Velvet\" pufas"},"content":{"rendered":"<p>Trikampi\u0173 spalvos parinktos atsitiktine tvarka.Malonus liesti \u012fvairi\u0173 pastelini\u0173 spalv\u0173 aksomo audinys puikiai tinka kaip \u0161io mink\u0161to \"Sako\" krep\u0161io apmu\u0161alas. Tai baldas, kuriame galite patogiai pails\u0117ti, skaityti laikra\u0161t\u012f, \u017ei\u016br\u0117ti film\u0105 ar klausytis muzikos. Pastatykite j\u012f savo vaiko kambaryje ir \u012fsitikinsite, kad jis taip pat gali b\u016bti vaizduot\u0119 \u017eadinantis, k\u016brybi\u0161kas \u017eaislas. O gal padovanokite j\u012f savo draugams? Jiems jis tikrai patiks.<\/p>\n<p>Tai patvarus lenk\u0173 gamintojo baldas.  \"Sako Mix\" pufas neturi standaus karkaso; \u0161i\u0105 funkcij\u0105 atlieka polistireno granul\u0117s, kurios yra tankios, mink\u0161tos, suteikia mai\u0161ui elastingumo ir pa\u0161alina a\u0161trius kra\u0161tus. B\u016btent d\u0117l \u0161i\u0173 ma\u017ey\u010di\u0173 rutuliuk\u0173 pufas puikiai prisitaiko prie k\u016bno formos ir pad\u0117ties ir lengvai \u012fgauna bet koki\u0105 form\u0105. Pliu\u0161in\u0117 med\u017eiaga sertifikuota Nacionalinio higienos instituto, o tai rei\u0161kia, kad ji nealergizuoja ir yra saugi vaikams. Po pliu\u0161iniu u\u017evalkalu yra papildomas u\u017evalkalas.<br \/>\nTrikampi\u0173 spalvos parenkamos atsitiktine tvarka.<br \/>\n\u00a0 \u00a0 \u00a0\u00a0<br \/>\nMed\u017eiagos savyb\u0117s<\/p>","protected":false},"excerpt":{"rendered":"<p>Kolory tr\u00f3jk\u0105t\u00f3w dobierane s\u0105 losowo.Mi\u0142y w dotyku, welwetowy materia\u0142 w r\u00f3\u017cnych pastelowych barwach doskonale sprawdza si\u0119 jako obicie tapicerskie tego mi\u0119kkiego worka Sako. To mebel, w kt\u00f3rym wygodnie wypoczniesz, przeczytasz gazet\u0119, obejrzysz film lub pos\u0142uchasz muzyki. Ustaw go w pokoju dziecka, by sprawdzi\u0107, \u017ce mo\u017ce te\u017c by\u0107 pobudzaj\u0105c\u0105 wyobra\u017ani\u0119, kreatywn\u0105 zabawk\u0105. A mo\u017ce sprezentujesz go [&hellip;]<\/p>\n","protected":false},"featured_media":2482,"comment_status":"closed","ping_status":"open","template":"","meta":{"_kad_blocks_custom_css":"","_kad_blocks_head_custom_js":"","_kad_blocks_body_custom_js":"","_kad_blocks_footer_custom_js":""},"product_brand":[],"product_cat":[28],"product_tag":[],"class_list":{"0":"post-4412","1":"product","2":"type-product","3":"status-publish","4":"has-post-thumbnail","6":"product_cat-pufy","7":"wcpa_has_options","9":"first","10":"outofstock","11":"purchasable","12":"product-type-simple"},"taxonomy_info":{"product_cat":[{"value":28,"label":"Pufy"}]},"featured_image_src_large":["https:\/\/homebyvm.com\/wp-content\/uploads\/2023\/07\/export-2-1024x683.jpg",1024,683,true],"author_info":[],"comment_info":0,"_links":{"self":[{"href":"https:\/\/homebyvm.com\/lt\/wp-json\/wp\/v2\/product\/4412","targetHints":{"allow":["GET"]}}],"collection":[{"href":"https:\/\/homebyvm.com\/lt\/wp-json\/wp\/v2\/product"}],"about":[{"href":"https:\/\/homebyvm.com\/lt\/wp-json\/wp\/v2\/types\/product"}],"replies":[{"embeddable":true,"href":"https:\/\/homebyvm.com\/lt\/wp-json\/wp\/v2\/comments?post=4412"}],"wp:featuredmedia":[{"embeddable":true,"href":"https:\/\/homebyvm.com\/lt\/wp-json\/wp\/v2\/media\/2482"}],"wp:attachment":[{"href":"https:\/\/homebyvm.com\/lt\/wp-json\/wp\/v2\/media?parent=4412"}],"wp:term":[{"taxonomy":"product_brand","embeddable":true,"href":"https:\/\/homebyvm.com\/lt\/wp-json\/wp\/v2\/product_brand?post=4412"},{"taxonomy":"product_cat","embeddable":true,"href":"https:\/\/homebyvm.com\/lt\/wp-json\/wp\/v2\/product_cat?post=4412"},{"taxonomy":"product_tag","embeddable":true,"href":"https:\/\/homebyvm.com\/lt\/wp-json\/wp\/v2\/product_tag?post=4412"}],"curies":[{"name":"wp","href":"https:\/\/api.w.org\/{rel}","templated":true}]}}