{"id":4422,"date":"2023-07-21T23:10:47","date_gmt":"2023-07-21T23:10:47","guid":{"rendered":"https:\/\/homebyvm.com\/produktas\/island-mini-mikrofaza\/"},"modified":"2023-12-15T19:48:54","modified_gmt":"2023-12-15T19:48:54","slug":"island-mini-mikrofaza","status":"publish","type":"product","link":"https:\/\/homebyvm.com\/lt\/produktas\/island-mini-mikrofaza\/","title":{"rendered":"\"Island Mini Microphase"},"content":{"rendered":"<p>Daugiafunkcinis poilsio baldas, kur\u012f galima formuoti pagal pageidavim\u0105? Tokiomis savyb\u0117mis pasi\u017eymi \"Island Mini Armchair\", kur\u012f galima suformuoti kaip s\u0117dyn\u0119, \u010diu\u017ein\u012f ar net stal\u0105.<br \/>\n\u012etvirtinus vid\u0173, smulkios granul\u0117s, kuriomis u\u017epildytas vidinis pagrindas, taip pat juda, tod\u0117l jis puikiai laikosi bet kokioje pad\u0117tyje. Jis yra saugus, nes neturi standaus r\u0117mo ar a\u0161tri\u0173 briaun\u0173, tod\u0117l j\u012f galima statyti ir vaiko kambaryje. Ant jo galima guldyti net naujagimius. Jis taip pat puikiai tinka kaip s\u0117dyn\u0117 n\u0117\u0161\u010diosioms ir maitinan\u010dioms motinoms.<br \/>\n\"Island Mini\" fotelis pagamintas i\u0161 mikropluo\u0161to ir yra daugelio patraukli\u0173 spalv\u0173. Tai suteikia galimyb\u0119 interjer\u0105 \u012frengti taip, kaip jums patinka, ir papildyti j\u012f spalvomis, kurios gelbsti j\u016bs\u0173 nuotaik\u0105 ir padeda atsipalaiduoti.\u00a0<br \/>\nAtkreipkite d\u0117mes\u012f: koj\u0173 atramos \u012f komplekt\u0105 ne\u012ftrauktos.<br \/>\nMed\u017eiagos savyb\u0117s<\/p>","protected":false},"excerpt":{"rendered":"<p>Wielofunkcyjny mebel wypoczynkowy, kt\u00f3ry mo\u017cna dowolnie kszta\u0142towa\u0107? Takie w\u0142a\u015bciwo\u015bci posiada Fotel Island Mini, kt\u00f3ry mo\u017cna formowa\u0107 jako siedzisko, materac lub nawet stolik. Po przyj\u0119ciu pozycji, drobny granulat, kt\u00f3rym wype\u0142nione jest wn\u0119trze r\u00f3wnie\u017c si\u0119 przemieszcza, co sprawia, \u017ce zapewnia doskona\u0142e podparcie w ka\u017cdej pozycji. Jest bezpieczny, gdy\u017c nie posiada sztywnego stela\u017ca ani ostrych kraw\u0119dzi, wi\u0119c mo\u017ce [&hellip;]<\/p>\n","protected":false},"featured_media":1442,"comment_status":"closed","ping_status":"open","template":"","meta":{"_kad_blocks_custom_css":"","_kad_blocks_head_custom_js":"","_kad_blocks_body_custom_js":"","_kad_blocks_footer_custom_js":""},"product_brand":[],"product_cat":[28],"product_tag":[],"class_list":{"0":"post-4422","1":"product","2":"type-product","3":"status-publish","4":"has-post-thumbnail","6":"product_cat-pufy","7":"wcpa_has_options","9":"first","10":"outofstock","11":"purchasable","12":"product-type-simple"},"taxonomy_info":{"product_cat":[{"value":28,"label":"Pufy"}]},"featured_image_src_large":["https:\/\/homebyvm.com\/wp-content\/uploads\/2023\/05\/export-556-1024x1024.jpg",1024,1024,true],"author_info":[],"comment_info":0,"_links":{"self":[{"href":"https:\/\/homebyvm.com\/lt\/wp-json\/wp\/v2\/product\/4422","targetHints":{"allow":["GET"]}}],"collection":[{"href":"https:\/\/homebyvm.com\/lt\/wp-json\/wp\/v2\/product"}],"about":[{"href":"https:\/\/homebyvm.com\/lt\/wp-json\/wp\/v2\/types\/product"}],"replies":[{"embeddable":true,"href":"https:\/\/homebyvm.com\/lt\/wp-json\/wp\/v2\/comments?post=4422"}],"wp:featuredmedia":[{"embeddable":true,"href":"https:\/\/homebyvm.com\/lt\/wp-json\/wp\/v2\/media\/1442"}],"wp:attachment":[{"href":"https:\/\/homebyvm.com\/lt\/wp-json\/wp\/v2\/media?parent=4422"}],"wp:term":[{"taxonomy":"product_brand","embeddable":true,"href":"https:\/\/homebyvm.com\/lt\/wp-json\/wp\/v2\/product_brand?post=4422"},{"taxonomy":"product_cat","embeddable":true,"href":"https:\/\/homebyvm.com\/lt\/wp-json\/wp\/v2\/product_cat?post=4422"},{"taxonomy":"product_tag","embeddable":true,"href":"https:\/\/homebyvm.com\/lt\/wp-json\/wp\/v2\/product_tag?post=4422"}],"curies":[{"name":"wp","href":"https:\/\/api.w.org\/{rel}","templated":true}]}}