{"id":4430,"date":"2023-07-21T23:10:49","date_gmt":"2023-07-21T23:10:49","guid":{"rendered":"https:\/\/homebyvm.com\/produktas\/pufa-yeti-lapit\/"},"modified":"2024-12-23T13:31:24","modified_gmt":"2024-12-23T13:31:24","slug":"pufa-yeti-lapit","status":"publish","type":"product","link":"https:\/\/homebyvm.com\/lt\/produktas\/pufa-yeti-lapit\/","title":{"rendered":"Yeti Lapit pouffe"},"content":{"rendered":"<p>Nemokamas pufo spalvos pufasYeti pufas<br \/>\nApie jauk\u0173 interjer\u0105 ir ram\u0173 kampel\u012f poilsiui svajoja daugelis \u017emoni\u0173, kurie \u0161iuo metu \u012frengin\u0117ja savo but\u0105. Yeti pufas puikiai papildys \u0161iuolaiki\u0161k\u0105 interjer\u0105. Did\u017eiausias jos privalumas yra tas, kad ji u\u017epildyta specialiu granuliatu, d\u0117l kurio s\u0117dyn\u0117 prisitaiko prie bet kokios k\u016bno pad\u0117ties. Pufas pagamintas i\u0161 med\u017eiagos, imituojan\u010dios nat\u016bral\u0173 kail\u012f. D\u0117l to s\u0117dyn\u0117 idealiai tinka skandinavi\u0161kiems, \u0161iaurieti\u0161kiems ir minimalistiniams interjerams.<br \/>\nS\u0117dyn\u0117 puikiai tiks kaip poilsio baldas visai \u0161eimai. Puf\u0105 lengvai ne\u0161ioja net ma\u017ei vaikai. S\u0117dyn\u0117 yra itin lengva, be to, turi patogi\u0105 ranken\u0105. Be to, ma\u017eiems vaikams patinka tokio tipo s\u0117dyn\u0117, nes ji veikia kaip vienas pagrindini\u0173 j\u0173 k\u016brybini\u0173 \u017eaidim\u0173 element\u0173. Rinkit\u0117s i\u0161 5 pastelini\u0173 atspalvi\u0173, kad puikiai der\u0117t\u0173 prie j\u016bs\u0173 nam\u0173. \u012e komplekt\u0105 \u012feina koj\u0173 pakojis (nemokamai)!<br \/>\nnemokamas pufo spalvos pufas<\/p>\n<p>50 l granuli\u0173<br \/>\nPlotis: 45 cm<br \/>\nAuk\u0161tis: 34 cm<\/p>\n<p>\u00a0<\/p>","protected":false},"excerpt":{"rendered":"<p>PODN\u00d3\u017bEK gratis w kolorze pufyPufa Yeti Przytulne wn\u0119trze wraz ze spokojnym k\u0105cikiem do wypoczynku to marzenie wielu os\u00f3b, kt\u00f3re w\u0142a\u015bnie urz\u0105dzaj\u0105 swoje mieszkanie. Pufa Yeti oka\u017ce si\u0119 idealnym dodatkiem do nowoczesnej aran\u017cacji. Jej najwi\u0119ksz\u0105 zalet\u0105 jest wype\u0142nienie przy pomocy specjalistycznego granulatu, dzi\u0119ki czemu siedzisko dostosowuje si\u0119 do ka\u017cdej pozycji cia\u0142a. Pufa zosta\u0142a wykonana z materia\u0142u [&hellip;]<\/p>\n","protected":false},"featured_media":2506,"comment_status":"closed","ping_status":"open","template":"","meta":{"_kad_blocks_custom_css":"","_kad_blocks_head_custom_js":"","_kad_blocks_body_custom_js":"","_kad_blocks_footer_custom_js":""},"product_brand":[],"product_cat":[28],"product_tag":[],"class_list":{"0":"post-4430","1":"product","2":"type-product","3":"status-publish","4":"has-post-thumbnail","6":"product_cat-pufy","7":"wcpa_has_options","9":"first","10":"instock","11":"purchasable","12":"product-type-simple"},"taxonomy_info":{"product_cat":[{"value":28,"label":"Pufy"}]},"featured_image_src_large":["https:\/\/homebyvm.com\/wp-content\/uploads\/2023\/07\/export-8-1024x1024.jpg",1024,1024,true],"author_info":[],"comment_info":0,"_links":{"self":[{"href":"https:\/\/homebyvm.com\/lt\/wp-json\/wp\/v2\/product\/4430","targetHints":{"allow":["GET"]}}],"collection":[{"href":"https:\/\/homebyvm.com\/lt\/wp-json\/wp\/v2\/product"}],"about":[{"href":"https:\/\/homebyvm.com\/lt\/wp-json\/wp\/v2\/types\/product"}],"replies":[{"embeddable":true,"href":"https:\/\/homebyvm.com\/lt\/wp-json\/wp\/v2\/comments?post=4430"}],"wp:featuredmedia":[{"embeddable":true,"href":"https:\/\/homebyvm.com\/lt\/wp-json\/wp\/v2\/media\/2506"}],"wp:attachment":[{"href":"https:\/\/homebyvm.com\/lt\/wp-json\/wp\/v2\/media?parent=4430"}],"wp:term":[{"taxonomy":"product_brand","embeddable":true,"href":"https:\/\/homebyvm.com\/lt\/wp-json\/wp\/v2\/product_brand?post=4430"},{"taxonomy":"product_cat","embeddable":true,"href":"https:\/\/homebyvm.com\/lt\/wp-json\/wp\/v2\/product_cat?post=4430"},{"taxonomy":"product_tag","embeddable":true,"href":"https:\/\/homebyvm.com\/lt\/wp-json\/wp\/v2\/product_tag?post=4430"}],"curies":[{"name":"wp","href":"https:\/\/api.w.org\/{rel}","templated":true}]}}