{"id":4432,"date":"2023-07-21T23:10:49","date_gmt":"2023-07-21T23:10:49","guid":{"rendered":"https:\/\/homebyvm.com\/produktas\/pufa-naomi-outdoor\/"},"modified":"2024-12-23T13:31:49","modified_gmt":"2024-12-23T13:31:49","slug":"pufa-naomi-outdoor","status":"publish","type":"product","link":"https:\/\/homebyvm.com\/lt\/produktas\/pufa-naomi-outdoor\/","title":{"rendered":"Naomi Lauko pufas"},"content":{"rendered":"<p>Per\u017ei\u016bros nuotrauka - pufo spalvos dugnasPufai lauke puikiai tinka kaip sodo baldai, kur daugelis \u017emoni\u0173 leid\u017eia laisvalaik\u012f ir m\u0117gaujasi popiet\u0117s kava. Lauko pufas \"Naomi Outdoor\" taip pat tinka kaip baseino baldas, o jo mink\u0161tumas u\u017etikrina saugum\u0105 vaikams \u017eaid\u017eiant plaukimo \u017eaidimus. Ta\u010diau tai dar ne viskas. Naomi pufai puikiai tiks terasai ir balkonui, taip pat lauko vakar\u0117liams ir renginiams apstatyti. Ma\u017eai kas atsispirs atsis\u0117sti ant \u0161io patogaus baldo. Pufai gali b\u016bti naudojami \u0161iuolaikin\u0117se erdv\u0117se, kur jie nuostabiai pagyvins svetain\u0117s, miegamojo ar modernaus vaik\u0173 kambario dizain\u0105.<br \/>\nPatogus pufas yra gana patogus ir stiliaus bei jaukumo suteikiantis dizaino elementas. Per\u017ei\u016br\u0117kite kitus m\u016bs\u0173 pasi\u016blymus ir i\u0161sirinkite i\u0161 j\u0173 savo svajoni\u0173 puf\u0105. Prisijunkite prie t\u016bkstan\u010di\u0173 patenkint\u0173 klient\u0173, kurie nuo \u0161iol ne\u012fsivaizduoja poilsio ir atsipalaidavimo akimirkos be patogaus pufo. M\u016bs\u0173 gaminiai pasi\u017eymi tvirtumu ir auk\u0161\u010diausia naudojam\u0173 med\u017eiag\u0173 kokybe, tod\u0117l tarnaus jums daugel\u012f met\u0173.<br \/>\nMed\u017eiagos savyb\u0117s<\/p>","protected":false},"excerpt":{"rendered":"<p>Zdj\u0119cie podgl\u0105dowe &#8211; spody w kolorze pufyOutdoorowe pufy \u015bwietnie sprawdz\u0105 si\u0119 jako meble ogrodowe, gdzie wiele os\u00f3b sp\u0119dza wolny czas i delektuje si\u0119 popo\u0142udniow\u0105 kaw\u0105. Pufa Naomi Outdoor nadaje si\u0119 r\u00f3wnie\u017c jako wyposa\u017cenie basenowe, a jej mi\u0119kko\u015b\u0107 zapewnia bezpiecze\u0144stwo podczas dzieci\u0119cych zabaw na p\u0142ywalni. To jednak nie wszystko. Pufy Naomi b\u0119d\u0105 idealne na taras i [&hellip;]<\/p>\n","protected":false},"featured_media":1469,"comment_status":"closed","ping_status":"open","template":"","meta":{"_kad_blocks_custom_css":"","_kad_blocks_head_custom_js":"","_kad_blocks_body_custom_js":"","_kad_blocks_footer_custom_js":""},"product_brand":[],"product_cat":[28,31],"product_tag":[],"class_list":{"0":"post-4432","1":"product","2":"type-product","3":"status-publish","4":"has-post-thumbnail","6":"product_cat-pufy","7":"product_cat-pufy-na-zewnatrz","8":"wcpa_has_options","10":"first","11":"instock","12":"purchasable","13":"product-type-simple"},"taxonomy_info":{"product_cat":[{"value":28,"label":"Pufy"},{"value":31,"label":"Pufy na zewn\u0105trz"}]},"featured_image_src_large":["https:\/\/homebyvm.com\/wp-content\/uploads\/2023\/05\/export-583-1024x1024.jpg",1024,1024,true],"author_info":[],"comment_info":0,"_links":{"self":[{"href":"https:\/\/homebyvm.com\/lt\/wp-json\/wp\/v2\/product\/4432","targetHints":{"allow":["GET"]}}],"collection":[{"href":"https:\/\/homebyvm.com\/lt\/wp-json\/wp\/v2\/product"}],"about":[{"href":"https:\/\/homebyvm.com\/lt\/wp-json\/wp\/v2\/types\/product"}],"replies":[{"embeddable":true,"href":"https:\/\/homebyvm.com\/lt\/wp-json\/wp\/v2\/comments?post=4432"}],"wp:featuredmedia":[{"embeddable":true,"href":"https:\/\/homebyvm.com\/lt\/wp-json\/wp\/v2\/media\/1469"}],"wp:attachment":[{"href":"https:\/\/homebyvm.com\/lt\/wp-json\/wp\/v2\/media?parent=4432"}],"wp:term":[{"taxonomy":"product_brand","embeddable":true,"href":"https:\/\/homebyvm.com\/lt\/wp-json\/wp\/v2\/product_brand?post=4432"},{"taxonomy":"product_cat","embeddable":true,"href":"https:\/\/homebyvm.com\/lt\/wp-json\/wp\/v2\/product_cat?post=4432"},{"taxonomy":"product_tag","embeddable":true,"href":"https:\/\/homebyvm.com\/lt\/wp-json\/wp\/v2\/product_tag?post=4432"}],"curies":[{"name":"wp","href":"https:\/\/api.w.org\/{rel}","templated":true}]}}