{"id":4433,"date":"2023-07-21T23:10:49","date_gmt":"2023-07-21T23:10:49","guid":{"rendered":"https:\/\/homebyvm.com\/produktas\/fotel-flavio-outdoor\/"},"modified":"2024-12-23T13:31:49","modified_gmt":"2024-12-23T13:31:49","slug":"fotel-flavio-outdoor","status":"publish","type":"product","link":"https:\/\/homebyvm.com\/lt\/produktas\/fotel-flavio-outdoor\/","title":{"rendered":"\"Flavio\" lauko fotelis"},"content":{"rendered":"<p>Flavio fotelis<br \/>\nDid\u017eiausias \"Flavio\" fotelio privalumas - auk\u0161tas komforto lygis. D\u0117l to fotelis u\u017etikrina labai ger\u0105 pad\u0117t\u012f, kuri padeda atsipalaiduoti po sunkios darbo dienos. Be to, d\u0117l u\u017epildo jis puikiai prisitaiko prie k\u016bno form\u0173. Tiek u\u017epildas, tiek med\u017eiaga prisideda prie maksimalaus k\u0117d\u0117s komforto ir patogumo.<br \/>\nM\u016bs\u0173 parduotuv\u0117je d\u0117l didel\u0117s spalv\u0173 gamos labai lengva i\u0161sirinkti j\u016bs\u0173 skon\u012f atitinkant\u012f model\u012f. Si\u016blome klasikin\u0119 pilk\u0105, juod\u0105, taip pat daugyb\u0119 spalvot\u0173 variant\u0173 spalvingos beprotyb\u0117s m\u0117g\u0117jams. Fotelio audinys turi ir daugiau privalum\u0173. Vienas i\u0161 j\u0173 yra tas, kad jis net intensyviai naudojant nesitempia ir nekei\u010dia formos. Antra, med\u017eiaga yra atspari mechaniniams pa\u017eeidimams ir saul\u0117s spinduli\u0173 daromiems pa\u017eeidimams.<br \/>\nPasirinkite auk\u0161\u010diausi\u0105 kokyb\u0119 ir patogum\u0105 ir tarp daugyb\u0117s m\u016bs\u0173 gamini\u0173 raskite savo svajoni\u0173 puf\u0105 ar fotel\u012f!<br \/>\nMed\u017eiagos savyb\u0117s<\/p>","protected":false},"excerpt":{"rendered":"<p>Fotel Flavio Najwi\u0119ksz\u0105 zalet\u0105 fotelu Flavio jest wysoki komfort u\u017cytkowania. Dzi\u0119ki temu fotel zapewnia bardzo dobr\u0105 pozycj\u0119, kt\u00f3ra sprzyja odpoczynkowi po ci\u0119\u017ckim dniu pracy. Dodatkowo idealnie dopasowuje si\u0119 do kszta\u0142t\u00f3w cia\u0142a, a to za spraw\u0105 wype\u0142nienia. Zar\u00f3wno wype\u0142nienie, jak i materia\u0142 wp\u0142ywaj\u0105 na maksymaln\u0105 wygod\u0119 i komfort u\u017cytkowania fotela. W naszym sklepie bardzo \u0142atwo wybierzesz [&hellip;]<\/p>\n","protected":false},"featured_media":1472,"comment_status":"closed","ping_status":"open","template":"","meta":{"_kad_blocks_custom_css":"","_kad_blocks_head_custom_js":"","_kad_blocks_body_custom_js":"","_kad_blocks_footer_custom_js":""},"product_brand":[],"product_cat":[28,31],"product_tag":[],"class_list":{"0":"post-4433","1":"product","2":"type-product","3":"status-publish","4":"has-post-thumbnail","6":"product_cat-pufy","7":"product_cat-pufy-na-zewnatrz","8":"wcpa_has_options","10":"first","11":"instock","12":"featured","13":"purchasable","14":"product-type-simple"},"taxonomy_info":{"product_cat":[{"value":28,"label":"Pufy"},{"value":31,"label":"Pufy na zewn\u0105trz"}]},"featured_image_src_large":["https:\/\/homebyvm.com\/wp-content\/uploads\/2023\/05\/export-586-1024x1024.jpg",1024,1024,true],"author_info":[],"comment_info":0,"_links":{"self":[{"href":"https:\/\/homebyvm.com\/lt\/wp-json\/wp\/v2\/product\/4433","targetHints":{"allow":["GET"]}}],"collection":[{"href":"https:\/\/homebyvm.com\/lt\/wp-json\/wp\/v2\/product"}],"about":[{"href":"https:\/\/homebyvm.com\/lt\/wp-json\/wp\/v2\/types\/product"}],"replies":[{"embeddable":true,"href":"https:\/\/homebyvm.com\/lt\/wp-json\/wp\/v2\/comments?post=4433"}],"wp:featuredmedia":[{"embeddable":true,"href":"https:\/\/homebyvm.com\/lt\/wp-json\/wp\/v2\/media\/1472"}],"wp:attachment":[{"href":"https:\/\/homebyvm.com\/lt\/wp-json\/wp\/v2\/media?parent=4433"}],"wp:term":[{"taxonomy":"product_brand","embeddable":true,"href":"https:\/\/homebyvm.com\/lt\/wp-json\/wp\/v2\/product_brand?post=4433"},{"taxonomy":"product_cat","embeddable":true,"href":"https:\/\/homebyvm.com\/lt\/wp-json\/wp\/v2\/product_cat?post=4433"},{"taxonomy":"product_tag","embeddable":true,"href":"https:\/\/homebyvm.com\/lt\/wp-json\/wp\/v2\/product_tag?post=4433"}],"curies":[{"name":"wp","href":"https:\/\/api.w.org\/{rel}","templated":true}]}}