{"id":4436,"date":"2023-07-21T23:10:49","date_gmt":"2023-07-21T23:10:49","guid":{"rendered":"https:\/\/homebyvm.com\/produktas\/fotel-oscar-outdoor\/"},"modified":"2024-12-23T13:31:49","modified_gmt":"2024-12-23T13:31:49","slug":"fotel-oscar-outdoor","status":"publish","type":"product","link":"https:\/\/homebyvm.com\/lt\/produktas\/fotel-oscar-outdoor\/","title":{"rendered":"\"Oscar\" Lauko fotelis"},"content":{"rendered":"<p>\"Oscar\" Lauko fotelis<br \/>\n\u0160\u012f model\u012f gaminame net de\u0161imties spalv\u0173 variant\u0173! Turint tok\u012f plat\u0173 pasirinkim\u0105, \"Oscar Outdoor\" lengva priderinti prie bet kokio interjero ir terasos ploto. Jei m\u0117gstate sant\u016bresnes ir paprastesnes kompozicijas, rinkit\u0117s pagrindines spalvas - m\u016bs\u0173 rudos ir tamsiai m\u0117lynos spalvos modeliai puikiai tinka \u0161iam vaidmeniui. O gal pirmenyb\u0119 teikiate spalvingam \u0161\u0117lsmui ir ie\u0161kote ka\u017eko, kas praskaidrint\u0173 j\u016bs\u0173 kambar\u012f ir suteikt\u0173 jam gyvybingos dvasios? Jei taip, rinkit\u0117s ry\u0161kesnes spalvas - gelton\u0105, oran\u017ein\u0119, o gal ro\u017ein\u0119? Pasirinkite tinkam\u0105 spalv\u0105 pagal savo pageidavimus.<br \/>\nKod\u0117l verta rinktis m\u016bs\u0173 gamybos fotelius? Pirmiausia tod\u0117l, kad tai, k\u0105 darome, yra m\u016bs\u0173 aistra. Pirkdami svetain\u0117je pufy.pl garantuotai \u012fsigysite auk\u0161\u010diausios kokyb\u0117s gaminius, pagamintus rankomis i\u0161 auk\u0161tos kokyb\u0117s med\u017eiag\u0173. Kurdami baldus nesinaudojame jokiais trumpiausiais keliais - mes renkam\u0117s ir kuriame tai, kas geriausia jums. \u012esitikinkite, kad m\u016bs\u0173 kokyb\u0117 yra auk\u0161\u010diausia, ir rinkit\u0117s fotelius i\u0161 pufy.pl parduotuv\u0117s!<br \/>\nMed\u017eiagos savyb\u0117s<\/p>","protected":false},"excerpt":{"rendered":"<p>Fotel Oscar Outdoor Ten model produkujemy w a\u017c dziesi\u0119ciu wariantach kolorystycznych! Tak szeroki wyb\u00f3r sprawia, \u017ce z \u0142atwo\u015bci\u0105 dopasujesz model Oscar Outdoor do ka\u017cdego wn\u0119trza oraz powierzchni tarasowej. Je\u015bli lubisz bardziej stonowane i podstawowe aran\u017cacje, si\u0119gnij po podstawowe kolory \u2013 w tej roli \u015bwietnie sprawdz\u0105 si\u0119 nasze modele w odcieniach br\u0105zu oraz granatu. A mo\u017ce [&hellip;]<\/p>\n","protected":false},"featured_media":1481,"comment_status":"closed","ping_status":"open","template":"","meta":{"_kad_blocks_custom_css":"","_kad_blocks_head_custom_js":"","_kad_blocks_body_custom_js":"","_kad_blocks_footer_custom_js":""},"product_brand":[],"product_cat":[28,31],"product_tag":[],"class_list":{"0":"post-4436","1":"product","2":"type-product","3":"status-publish","4":"has-post-thumbnail","6":"product_cat-pufy","7":"product_cat-pufy-na-zewnatrz","8":"wcpa_has_options","10":"first","11":"instock","12":"purchasable","13":"product-type-simple"},"taxonomy_info":{"product_cat":[{"value":28,"label":"Pufy"},{"value":31,"label":"Pufy na zewn\u0105trz"}]},"featured_image_src_large":["https:\/\/homebyvm.com\/wp-content\/uploads\/2023\/05\/export-595-1024x1024.jpg",1024,1024,true],"author_info":[],"comment_info":0,"_links":{"self":[{"href":"https:\/\/homebyvm.com\/lt\/wp-json\/wp\/v2\/product\/4436","targetHints":{"allow":["GET"]}}],"collection":[{"href":"https:\/\/homebyvm.com\/lt\/wp-json\/wp\/v2\/product"}],"about":[{"href":"https:\/\/homebyvm.com\/lt\/wp-json\/wp\/v2\/types\/product"}],"replies":[{"embeddable":true,"href":"https:\/\/homebyvm.com\/lt\/wp-json\/wp\/v2\/comments?post=4436"}],"wp:featuredmedia":[{"embeddable":true,"href":"https:\/\/homebyvm.com\/lt\/wp-json\/wp\/v2\/media\/1481"}],"wp:attachment":[{"href":"https:\/\/homebyvm.com\/lt\/wp-json\/wp\/v2\/media?parent=4436"}],"wp:term":[{"taxonomy":"product_brand","embeddable":true,"href":"https:\/\/homebyvm.com\/lt\/wp-json\/wp\/v2\/product_brand?post=4436"},{"taxonomy":"product_cat","embeddable":true,"href":"https:\/\/homebyvm.com\/lt\/wp-json\/wp\/v2\/product_cat?post=4436"},{"taxonomy":"product_tag","embeddable":true,"href":"https:\/\/homebyvm.com\/lt\/wp-json\/wp\/v2\/product_tag?post=4436"}],"curies":[{"name":"wp","href":"https:\/\/api.w.org\/{rel}","templated":true}]}}