{"id":4439,"date":"2023-07-21T23:10:49","date_gmt":"2023-07-21T23:10:49","guid":{"rendered":"https:\/\/homebyvm.com\/produktas\/fotel-camel-outdoor\/"},"modified":"2024-12-23T13:32:54","modified_gmt":"2024-12-23T13:32:54","slug":"fotel-camel-outdoor","status":"publish","type":"product","link":"https:\/\/homebyvm.com\/lt\/produktas\/fotel-camel-outdoor\/","title":{"rendered":"\"Camel\" lauko fotelis"},"content":{"rendered":"<p>Per\u017ei\u016bros nuotrauka - pufo spalvos dugnasKAMEL lauko fotelis yra unikalus baldas, ant kurio galima labai patogiai atsigulti. Jis turi spyruokliuojant\u012f vid\u0173, pagamint\u0105 i\u0161 specializuoto granulato, kuris suteikia puiki\u0105 atram\u0105 k\u016bnui, ypa\u010d stuburui, kad gal\u0117tum\u0117te atsipalaiduoti. CAMEL Outdoor turi i\u0161 vandeniui atsparaus poliesterio pagamint\u0105 u\u017evalkal\u0105, tod\u0117l j\u012f galima naudoti ne tik patalpose, bet ir lauke.<br \/>\nTai puikus sodo, baseino ar balkono ir terasos baldas. Jis atsparus oro s\u0105lygoms ir labai patvarus, tod\u0117l tarnaus ilgai. CAMEL Lauko fotelis puikiai pakei\u010dia gult\u0105, nes suteikia patogi\u0105 gul\u0117jimo pad\u0117t\u012f, o nuimam\u0105 galvos atram\u0105 galima naudoti kaip koj\u0173 atram\u0105, kad b\u016bt\u0173 dar patogiau. J\u012f galima rinktis i\u0161 vienuolikos skirting\u0173 ir intensyvi\u0173 spalv\u0173, kurios asocijuojasi su vasara ir saul\u0117tu oru. Jis neabejotinai pagerins erdv\u0119, kurioje yra pastatytas.<br \/>\nMed\u017eiagos savyb\u0117s<\/p>","protected":false},"excerpt":{"rendered":"<p>Zdj\u0119cie podgl\u0105dowe &#8211; spody w kolorze pufyFotel CAMEL outdoor to wyj\u0105tkowy mebel, na kt\u00f3rym mo\u017cna si\u0119 po\u0142o\u017cy\u0107 w bardzo komfortowej pozycji. Posiada spr\u0119\u017cyste wn\u0119trze ze specjalistycznego granulatu, co zapewnia doskona\u0142e podparcie dla cia\u0142a, a zw\u0142aszcza kr\u0119gos\u0142upa dzi\u0119ki czemu odpoczywamy. CAMEL Outdoor posiada pokrycie, wykonane z wodoodpornego poliestru, dlatego mo\u017cna go stosowa\u0107 nie tylko w pomieszczeniach, [&hellip;]<\/p>\n","protected":false},"featured_media":1490,"comment_status":"closed","ping_status":"open","template":"","meta":{"_kad_blocks_custom_css":"","_kad_blocks_head_custom_js":"","_kad_blocks_body_custom_js":"","_kad_blocks_footer_custom_js":""},"product_brand":[],"product_cat":[28,31,32,113],"product_tag":[],"class_list":{"0":"post-4439","1":"product","2":"type-product","3":"status-publish","4":"has-post-thumbnail","6":"product_cat-pufy","7":"product_cat-pufy-na-zewnatrz","8":"product_cat-worki-sako","9":"product_cat-worki-sako-dla-doroslych","10":"wcpa_has_options","12":"first","13":"outofstock","14":"purchasable","15":"product-type-simple"},"taxonomy_info":{"product_cat":[{"value":28,"label":"Pufy"},{"value":31,"label":"Pufy na zewn\u0105trz"},{"value":32,"label":"Worki Sako"},{"value":113,"label":"Worki sako dla doros\u0142ych"}]},"featured_image_src_large":["https:\/\/homebyvm.com\/wp-content\/uploads\/2023\/05\/export-604-1024x1024.jpg",1024,1024,true],"author_info":[],"comment_info":0,"_links":{"self":[{"href":"https:\/\/homebyvm.com\/lt\/wp-json\/wp\/v2\/product\/4439","targetHints":{"allow":["GET"]}}],"collection":[{"href":"https:\/\/homebyvm.com\/lt\/wp-json\/wp\/v2\/product"}],"about":[{"href":"https:\/\/homebyvm.com\/lt\/wp-json\/wp\/v2\/types\/product"}],"replies":[{"embeddable":true,"href":"https:\/\/homebyvm.com\/lt\/wp-json\/wp\/v2\/comments?post=4439"}],"wp:featuredmedia":[{"embeddable":true,"href":"https:\/\/homebyvm.com\/lt\/wp-json\/wp\/v2\/media\/1490"}],"wp:attachment":[{"href":"https:\/\/homebyvm.com\/lt\/wp-json\/wp\/v2\/media?parent=4439"}],"wp:term":[{"taxonomy":"product_brand","embeddable":true,"href":"https:\/\/homebyvm.com\/lt\/wp-json\/wp\/v2\/product_brand?post=4439"},{"taxonomy":"product_cat","embeddable":true,"href":"https:\/\/homebyvm.com\/lt\/wp-json\/wp\/v2\/product_cat?post=4439"},{"taxonomy":"product_tag","embeddable":true,"href":"https:\/\/homebyvm.com\/lt\/wp-json\/wp\/v2\/product_tag?post=4439"}],"curies":[{"name":"wp","href":"https:\/\/api.w.org\/{rel}","templated":true}]}}