{"id":4443,"date":"2023-07-21T23:10:49","date_gmt":"2023-07-21T23:10:49","guid":{"rendered":"https:\/\/homebyvm.com\/produktas\/flavio-100-pes\/"},"modified":"2024-12-23T13:31:51","modified_gmt":"2024-12-23T13:31:51","slug":"flavio-100-pes","status":"publish","type":"product","link":"https:\/\/homebyvm.com\/lt\/produktas\/flavio-100-pes\/","title":{"rendered":"Flavio 100% PES"},"content":{"rendered":"<p>Flavio 100% PES fotelis yra itin patogi s\u0117dimoji vieta, kuri puikiai tinka tiek namuose, tiek lauke, \u012fskaitant balkon\u0105, teras\u0105 ar sod\u0105, ar net per renginius ir vakar\u0117lius lauke. Did\u017eiausias jo privalumas - auk\u0161tas komforto lygis. Tai \u012fmanoma d\u0117l tobulai suformuotos s\u0117dyn\u0117s su \u0161iek tiek paauk\u0161tinta dalimi vir\u0161 keli\u0173 ir stabiliu atlo\u0161u. D\u0117l to k\u0117d\u0117 u\u017etikrina labai ger\u0105 pad\u0117t\u012f. Be to, d\u0117l polistireno granuli\u0173 u\u017epildo ji puikiai prisitaiko prie k\u016bno formos.<\/p>\n<p>Mink\u0161t\u0105 fotel\u012f \"Flavio 100% PES\" rekomenduojama naudoti suaugusiesiems ir vaikams, kuriems netur\u0117t\u0173 kilti problem\u0173 s\u0117dint ant jo, nes jo s\u0117dyn\u0117 yra \u017eema. Bendrieji matmenys taip pat optimal\u016bs - 60 cm auk\u0161\u010dio su atlo\u0161u ir plo\u010dio bei 80 cm plo\u010dio pagrindo. Taip pat verta pamin\u0117ti, kad jis yra lengvas ir patogus, pagamintas i\u0161 vandeniui atsparaus ir lengvai valomo audinio, kur\u012f galima rinktis i\u0161 keturi\u0173 spalv\u0173.<br \/>\nMed\u017eiagos savyb\u0117s<\/p>","protected":false},"excerpt":{"rendered":"<p>Fotel Flavio 100% PES to niezwykle wygodne miejsce do siedzenia, kt\u00f3re doskonale pasuje zar\u00f3wno w pomieszczeniach, w domu, jak i na zewn\u0105trz, mi\u0119dzy innymi na balkonie, na tarasie czy w ogrodzie, a nawet podczas wszelkich imprez plenerowych oraz event\u00f3w. Najwi\u0119ksz\u0105 jego zalet\u0105 jest wysoki komfort u\u017cytkowania. Jest to mo\u017cliwe dzi\u0119ki idealnie wyprofilowanemu siedzisku, z lekko [&hellip;]<\/p>\n","protected":false},"featured_media":1502,"comment_status":"closed","ping_status":"open","template":"","meta":{"_kad_blocks_custom_css":"","_kad_blocks_head_custom_js":"","_kad_blocks_body_custom_js":"","_kad_blocks_footer_custom_js":""},"product_brand":[],"product_cat":[28,31],"product_tag":[],"class_list":{"0":"post-4443","1":"product","2":"type-product","3":"status-publish","4":"has-post-thumbnail","6":"product_cat-pufy","7":"product_cat-pufy-na-zewnatrz","8":"wcpa_has_options","10":"first","11":"instock","12":"purchasable","13":"product-type-simple"},"taxonomy_info":{"product_cat":[{"value":28,"label":"Pufy"},{"value":31,"label":"Pufy na zewn\u0105trz"}]},"featured_image_src_large":["https:\/\/homebyvm.com\/wp-content\/uploads\/2023\/05\/export-616-1024x1024.jpg",1024,1024,true],"author_info":[],"comment_info":0,"_links":{"self":[{"href":"https:\/\/homebyvm.com\/lt\/wp-json\/wp\/v2\/product\/4443","targetHints":{"allow":["GET"]}}],"collection":[{"href":"https:\/\/homebyvm.com\/lt\/wp-json\/wp\/v2\/product"}],"about":[{"href":"https:\/\/homebyvm.com\/lt\/wp-json\/wp\/v2\/types\/product"}],"replies":[{"embeddable":true,"href":"https:\/\/homebyvm.com\/lt\/wp-json\/wp\/v2\/comments?post=4443"}],"wp:featuredmedia":[{"embeddable":true,"href":"https:\/\/homebyvm.com\/lt\/wp-json\/wp\/v2\/media\/1502"}],"wp:attachment":[{"href":"https:\/\/homebyvm.com\/lt\/wp-json\/wp\/v2\/media?parent=4443"}],"wp:term":[{"taxonomy":"product_brand","embeddable":true,"href":"https:\/\/homebyvm.com\/lt\/wp-json\/wp\/v2\/product_brand?post=4443"},{"taxonomy":"product_cat","embeddable":true,"href":"https:\/\/homebyvm.com\/lt\/wp-json\/wp\/v2\/product_cat?post=4443"},{"taxonomy":"product_tag","embeddable":true,"href":"https:\/\/homebyvm.com\/lt\/wp-json\/wp\/v2\/product_tag?post=4443"}],"curies":[{"name":"wp","href":"https:\/\/api.w.org\/{rel}","templated":true}]}}