{"id":4445,"date":"2023-07-21T23:10:52","date_gmt":"2023-07-21T23:10:52","guid":{"rendered":"https:\/\/homebyvm.com\/produktas\/fotel-comfort-outdoor\/"},"modified":"2024-12-23T13:31:49","modified_gmt":"2024-12-23T13:31:49","slug":"fotel-comfort-outdoor","status":"publish","type":"product","link":"https:\/\/homebyvm.com\/lt\/produktas\/fotel-comfort-outdoor\/","title":{"rendered":"Lauko fotelis \"Comfort"},"content":{"rendered":"<p>\"Comfort\" didelis atpalaiduojantis pufas yra puiki klasikini\u0173 foteli\u0173 alternatyva. Jis puikiai atrodys svetain\u0117je arba sode, kur taip pat bus gra\u017eus ir prakti\u0161kas priedas, papildantis interjero dizain\u0105. Nesvarbu, kur pastatysite \u0161\u012f modern\u0173 fotel\u012f, sukursite ne\u012fpareigojan\u010di\u0105, atpalaiduojan\u010di\u0105 atmosfer\u0105. Lengvas fotelis su gilia ir labai patogia s\u0117dyne su puikiai suformuotu atlo\u0161u turi mink\u0161tus porankius, ant kuri\u0173 gal\u0117site patogiai pad\u0117ti rankas.<br \/>\nPufas \"Comfort\" pagamintas i\u0161 auk\u0161tos kokyb\u0117s vandeniui atsparaus poliesterio, kuris u\u017etikrina auk\u0161t\u0105 komforto lyg\u012f. Be to, jo privalumas tas, kad j\u012f galima lengvai valyti dr\u0117gna \u0161luoste. Polistireno granuli\u0173 pripildytas modelis prisitaiko prie naudotojo k\u016bno ir paremia kiekvien\u0105 jo centimetr\u0105, tod\u0117l suteikia maloni\u0173 atsipalaidavimo akimirk\u0173. Didel\u0117 s\u0117dyn\u0117 yra 100 x 75 x 85 cm dyd\u017eio ir gali b\u016bti keturi\u0173 spalv\u0173. Be to, ji patvirtinta PZH (Lenkijos nacionalinio higienos instituto) ir yra nealergizuojanti, tod\u0117l j\u0105 s\u0117kmingai gali naudoti vaikai ir alergi\u0161ki \u017emon\u0117s.<\/p>\n<p>Med\u017eiagos savyb\u0117s<\/p>","protected":false},"excerpt":{"rendered":"<p>Du\u017ca pufa relaksacyjna Comfort to doskona\u0142a alternatywa dla klasycznych foteli. \u015awietnie b\u0119dzie si\u0119 prezentowa\u0107 w salonie lub w ogrodzie, gdzie b\u0119dzie te\u017c pi\u0119knym i praktycznym dodatkiem uzupe\u0142niaj\u0105cym aran\u017cacj\u0119 wn\u0119trza. Bez wzgl\u0119du gdzie umie\u015bcisz ten nowoczesny fotel, uzyskasz niezobowi\u0105zuj\u0105c\u0105, relaksacyjn\u0105 atmosfer\u0119. Lekki fotel o g\u0142\u0119bokim i bardzo komfortowym siedzisku z doskonale wyprofilowanym oparciem wyposa\u017cony jest w [&hellip;]<\/p>\n","protected":false},"featured_media":1508,"comment_status":"closed","ping_status":"open","template":"","meta":{"_kad_blocks_custom_css":"","_kad_blocks_head_custom_js":"","_kad_blocks_body_custom_js":"","_kad_blocks_footer_custom_js":""},"product_brand":[],"product_cat":[28,31],"product_tag":[],"class_list":{"0":"post-4445","1":"product","2":"type-product","3":"status-publish","4":"has-post-thumbnail","6":"product_cat-pufy","7":"product_cat-pufy-na-zewnatrz","8":"wcpa_has_options","10":"first","11":"instock","12":"purchasable","13":"product-type-simple"},"taxonomy_info":{"product_cat":[{"value":28,"label":"Pufy"},{"value":31,"label":"Pufy na zewn\u0105trz"}]},"featured_image_src_large":["https:\/\/homebyvm.com\/wp-content\/uploads\/2023\/05\/export-622-1024x1024.jpg",1024,1024,true],"author_info":[],"comment_info":0,"_links":{"self":[{"href":"https:\/\/homebyvm.com\/lt\/wp-json\/wp\/v2\/product\/4445","targetHints":{"allow":["GET"]}}],"collection":[{"href":"https:\/\/homebyvm.com\/lt\/wp-json\/wp\/v2\/product"}],"about":[{"href":"https:\/\/homebyvm.com\/lt\/wp-json\/wp\/v2\/types\/product"}],"replies":[{"embeddable":true,"href":"https:\/\/homebyvm.com\/lt\/wp-json\/wp\/v2\/comments?post=4445"}],"wp:featuredmedia":[{"embeddable":true,"href":"https:\/\/homebyvm.com\/lt\/wp-json\/wp\/v2\/media\/1508"}],"wp:attachment":[{"href":"https:\/\/homebyvm.com\/lt\/wp-json\/wp\/v2\/media?parent=4445"}],"wp:term":[{"taxonomy":"product_brand","embeddable":true,"href":"https:\/\/homebyvm.com\/lt\/wp-json\/wp\/v2\/product_brand?post=4445"},{"taxonomy":"product_cat","embeddable":true,"href":"https:\/\/homebyvm.com\/lt\/wp-json\/wp\/v2\/product_cat?post=4445"},{"taxonomy":"product_tag","embeddable":true,"href":"https:\/\/homebyvm.com\/lt\/wp-json\/wp\/v2\/product_tag?post=4445"}],"curies":[{"name":"wp","href":"https:\/\/api.w.org\/{rel}","templated":true}]}}